{"id":25910,"date":"2022-08-08T08:25:47","date_gmt":"2022-08-08T08:25:47","guid":{"rendered":"http:\/\/profinrg.nl\/?page_id=25910"},"modified":"2023-08-23T10:42:15","modified_gmt":"2023-08-23T10:42:15","slug":"energiemanagement","status":"publish","type":"page","link":"https:\/\/profinrg.nl\/de\/over-ons\/innovaties\/energiemanagement\/","title":{"rendered":"Energiemanagement"},"content":{"rendered":"<div data-elementor-type=\"wp-page\" data-elementor-id=\"25910\" class=\"elementor elementor-25910\" data-elementor-post-type=\"page\">\n\t\t\t\t\t\t<section class=\"elementor-section elementor-top-section elementor-element elementor-element-7e193fc9 elementor-section-boxed elementor-section-height-default elementor-section-height-default\" data-id=\"7e193fc9\" data-element_type=\"section\" data-e-type=\"section\" data-settings=\"{&quot;background_background&quot;:&quot;gradient&quot;}\">\n\t\t\t\t\t\t<div class=\"elementor-container elementor-column-gap-default\">\n\t\t\t\t\t<div class=\"elementor-column elementor-col-100 elementor-top-column elementor-element elementor-element-20c1e775\" data-id=\"20c1e775\" data-element_type=\"column\" data-e-type=\"column\">\n\t\t\t<div class=\"elementor-widget-wrap elementor-element-populated\">\n\t\t\t\t\t\t<div class=\"elementor-element elementor-element-98a8a2e elementor-widget elementor-widget-spacer\" data-id=\"98a8a2e\" data-element_type=\"widget\" data-e-type=\"widget\" data-widget_type=\"spacer.default\">\n\t\t\t\t<div class=\"elementor-widget-container\">\n\t\t\t\t\t\t\t<div class=\"elementor-spacer\">\n\t\t\t<div class=\"elementor-spacer-inner\"><\/div>\n\t\t<\/div>\n\t\t\t\t\t\t<\/div>\n\t\t\t\t<\/div>\n\t\t\t\t\t<\/div>\n\t\t<\/div>\n\t\t\t\t\t<\/div>\n\t\t<\/section>\n\t\t\t\t<section class=\"elementor-section elementor-top-section elementor-element elementor-element-57835f3f elementor-section-boxed elementor-section-height-default elementor-section-height-default\" data-id=\"57835f3f\" data-element_type=\"section\" data-e-type=\"section\">\n\t\t\t\t\t\t<div class=\"elementor-container elementor-column-gap-default\">\n\t\t\t\t\t<div class=\"elementor-column elementor-col-50 elementor-top-column elementor-element elementor-element-6954af36 elementor-hidden-mobile\" data-id=\"6954af36\" data-element_type=\"column\" data-e-type=\"column\" data-settings=\"{&quot;background_background&quot;:&quot;classic&quot;}\">\n\t\t\t<div class=\"elementor-widget-wrap\">\n\t\t\t\t\t\t\t<\/div>\n\t\t<\/div>\n\t\t\t\t<div class=\"elementor-column elementor-col-50 elementor-top-column elementor-element elementor-element-f7d201a\" data-id=\"f7d201a\" data-element_type=\"column\" data-e-type=\"column\">\n\t\t\t<div class=\"elementor-widget-wrap elementor-element-populated\">\n\t\t\t\t\t\t<div class=\"elementor-element elementor-element-7fac0c1 elementor-widget elementor-widget-heading\" data-id=\"7fac0c1\" data-element_type=\"widget\" data-e-type=\"widget\" data-widget_type=\"heading.default\">\n\t\t\t\t<div class=\"elementor-widget-container\">\n\t\t\t\t\t<h2 class=\"elementor-heading-title elementor-size-default\">Energiemanagement: Holen Sie das Beste aus Ihrer Solaranlage heraus.<\/h2>\t\t\t\t<\/div>\n\t\t\t\t<\/div>\n\t\t\t\t<div class=\"elementor-element elementor-element-9a28eee elementor-widget elementor-widget-text-editor\" data-id=\"9a28eee\" data-element_type=\"widget\" data-e-type=\"widget\" data-widget_type=\"text-editor.default\">\n\t\t\t\t<div class=\"elementor-widget-container\">\n\t\t\t\t\t\t\t\t\t<p>Ein Energiemanagementsystem (EMS) ist die L\u00f6sung f\u00fcr Unternehmen, die ihren erzeugten Solarstrom nicht in das Netz einspeisen k\u00f6nnen. Das EMS sorgt daf\u00fcr, dass Ihr Stromverbrauch so weit wie m\u00f6glich mit der Energieerzeugung \u00fcbereinstimmt. Dies kann das Einschalten von Maschinen, das Aufladen von Gabelstaplern, Autos oder Batterien oder das Aufheizen der Warmwasserversorgung sein.<\/p>\t\t\t\t\t\t\t\t<\/div>\n\t\t\t\t<\/div>\n\t\t\t\t<div class=\"elementor-element elementor-element-a0eeaf6 elementor-widget elementor-widget-heading\" data-id=\"a0eeaf6\" data-element_type=\"widget\" data-e-type=\"widget\" data-widget_type=\"heading.default\">\n\t\t\t\t<div class=\"elementor-widget-container\">\n\t\t\t\t\t<h2 class=\"elementor-heading-title elementor-size-default\">Energiemanagement<\/h2>\t\t\t\t<\/div>\n\t\t\t\t<\/div>\n\t\t\t\t<div class=\"elementor-element elementor-element-7a9de32d elementor-widget elementor-widget-text-editor\" data-id=\"7a9de32d\" data-element_type=\"widget\" data-e-type=\"widget\" data-widget_type=\"text-editor.default\">\n\t\t\t\t<div class=\"elementor-widget-container\">\n\t\t\t\t\t\t\t\t\t<p>Durch die Kombination Ihrer Solaranlage mit anderen Technologien ist es m\u00f6glich, mehr Effizienz aus Ihrer Anlage zu holen. ProfiNRG pr\u00fcft gerne die M\u00f6glichkeiten f\u00fcr Sie. Dabei pr\u00fcfen wir, ob sich gute Kombinationen mit anderen Technologien realisieren lassen:<\/p><ul><li><a href=\"http:\/\/profinrg.nl\/de\/energiemanagement\/\">Energiemanagement<\/a><\/li><li><a href=\"\/de\/batterien\/\">Batterien<\/a><\/li><li><a href=\"\/de\/wasserstoff\/\">Wasserstoff<\/a><\/li><li><a href=\"http:\/\/profinrg.nl\/de\/ladestationen\/\">Lades\u00e4ulen<\/a><\/li><\/ul>\t\t\t\t\t\t\t\t<\/div>\n\t\t\t\t<\/div>\n\t\t\t\t<div class=\"elementor-element elementor-element-442db47f elementor-align-left elementor-widget elementor-widget-elementskit-button\" data-id=\"442db47f\" data-element_type=\"widget\" data-e-type=\"widget\" data-widget_type=\"elementskit-button.default\">\n\t\t\t\t<div class=\"elementor-widget-container\">\n\t\t\t\t\t<div class=\"ekit-wid-con\" >\t\t<div class=\"ekit-btn-wraper\">\n\t\t\t\t\t\t\t<a href=\"http:\/\/profinrg.nl\/de\/neuerungen\/\" class=\"elementskit-btn  whitespace--normal\" id=\"\">\n\t\t\t\t\tZur\u00fcck zu Innovationen<i class=\"jki jki-arrow-right-solid\"><\/i>\t\t\t\t<\/a>\n\t\t\t\t\t<\/div>\n        <\/div>\t\t\t\t<\/div>\n\t\t\t\t<\/div>\n\t\t\t\t\t<\/div>\n\t\t<\/div>\n\t\t\t\t\t<\/div>\n\t\t<\/section>\n\t\t\t\t<section class=\"elementor-section elementor-top-section elementor-element elementor-element-105e5462 elementor-section-boxed elementor-section-height-default elementor-section-height-default\" data-id=\"105e5462\" data-element_type=\"section\" data-e-type=\"section\">\n\t\t\t\t\t\t<div class=\"elementor-container elementor-column-gap-default\">\n\t\t\t\t\t<div class=\"elementor-column elementor-col-100 elementor-top-column elementor-element elementor-element-4f1b5a7a\" data-id=\"4f1b5a7a\" data-element_type=\"column\" data-e-type=\"column\">\n\t\t\t<div class=\"elementor-widget-wrap elementor-element-populated\">\n\t\t\t\t\t\t<div class=\"elementor-element elementor-element-38f5f966 elementor-widget elementor-widget-spacer\" data-id=\"38f5f966\" data-element_type=\"widget\" data-e-type=\"widget\" data-widget_type=\"spacer.default\">\n\t\t\t\t<div class=\"elementor-widget-container\">\n\t\t\t\t\t\t\t<div class=\"elementor-spacer\">\n\t\t\t<div class=\"elementor-spacer-inner\"><\/div>\n\t\t<\/div>\n\t\t\t\t\t\t<\/div>\n\t\t\t\t<\/div>\n\t\t\t\t\t<\/div>\n\t\t<\/div>\n\t\t\t\t\t<\/div>\n\t\t<\/section>\n\t\t\t\t<section class=\"elementor-section elementor-top-section elementor-element elementor-element-77b3539d elementor-section-boxed elementor-section-height-default elementor-section-height-default\" data-id=\"77b3539d\" data-element_type=\"section\" data-e-type=\"section\" data-settings=\"{&quot;background_background&quot;:&quot;classic&quot;}\">\n\t\t\t\t\t\t<div class=\"elementor-container elementor-column-gap-default\">\n\t\t\t\t\t<div class=\"elementor-column elementor-col-50 elementor-top-column elementor-element elementor-element-445a6d06\" data-id=\"445a6d06\" data-element_type=\"column\" data-e-type=\"column\">\n\t\t\t<div class=\"elementor-widget-wrap elementor-element-populated\">\n\t\t\t\t\t\t<div class=\"elementor-element elementor-element-41f39d9d elementor-widget elementor-widget-image\" data-id=\"41f39d9d\" data-element_type=\"widget\" data-e-type=\"widget\" data-widget_type=\"image.default\">\n\t\t\t\t<div class=\"elementor-widget-container\">\n\t\t\t\t\t\t\t\t\t\t\t\t\t\t\t<img fetchpriority=\"high\" decoding=\"async\" width=\"562\" height=\"562\" src=\"https:\/\/profinrg.nl\/wp-content\/uploads\/2022\/07\/vacature-3.jpg\" class=\"attachment-large size-large wp-image-24277\" alt=\"Avatar\" srcset=\"https:\/\/profinrg.nl\/wp-content\/uploads\/2022\/07\/vacature-3.jpg 562w, https:\/\/profinrg.nl\/wp-content\/uploads\/2022\/07\/vacature-3-300x300.jpg 300w, https:\/\/profinrg.nl\/wp-content\/uploads\/2022\/07\/vacature-3-150x150.jpg 150w\" sizes=\"(max-width: 562px) 100vw, 562px\" title=\"\">\t\t\t\t\t\t\t\t\t\t\t\t\t\t\t<\/div>\n\t\t\t\t<\/div>\n\t\t\t\t<div class=\"elementor-element elementor-element-164f624 elementor-hidden-tablet elementor-hidden-mobile elementor-widget elementor-widget-spacer\" data-id=\"164f624\" data-element_type=\"widget\" data-e-type=\"widget\" data-widget_type=\"spacer.default\">\n\t\t\t\t<div class=\"elementor-widget-container\">\n\t\t\t\t\t\t\t<div class=\"elementor-spacer\">\n\t\t\t<div class=\"elementor-spacer-inner\"><\/div>\n\t\t<\/div>\n\t\t\t\t\t\t<\/div>\n\t\t\t\t<\/div>\n\t\t\t\t\t<\/div>\n\t\t<\/div>\n\t\t\t\t<div class=\"elementor-column elementor-col-50 elementor-top-column elementor-element elementor-element-5428fb18\" data-id=\"5428fb18\" data-element_type=\"column\" data-e-type=\"column\">\n\t\t\t<div class=\"elementor-widget-wrap elementor-element-populated\">\n\t\t\t\t\t\t<div class=\"elementor-element elementor-element-34f69175 elementor-widget elementor-widget-elementskit-heading\" data-id=\"34f69175\" data-element_type=\"widget\" data-e-type=\"widget\" data-widget_type=\"elementskit-heading.default\">\n\t\t\t\t<div class=\"elementor-widget-container\">\n\t\t\t\t\t<div class=\"ekit-wid-con\" ><div class=\"ekit-heading elementskit-section-title-wraper text_left   ekit_heading_tablet-   ekit_heading_mobile-\"><h3 class=\"elementskit-section-subtitle\">\n\t\t\t\t\t\tNachhaltigkeit durch ein Solarstromsystem?\n\t\t\t\t\t<\/h3><h2 class=\"ekit-heading--title elementskit-section-title\">Interested?<\/h2><\/div><\/div>\t\t\t\t<\/div>\n\t\t\t\t<\/div>\n\t\t\t\t<div class=\"elementor-element elementor-element-5b5e95b2 elementor-widget elementor-widget-text-editor\" data-id=\"5b5e95b2\" data-element_type=\"widget\" data-e-type=\"widget\" data-widget_type=\"text-editor.default\">\n\t\t\t\t<div class=\"elementor-widget-container\">\n\t\t\t\t\t\t\t\t\t<p>Dann kontaktieren Sie unsere Verkaufsabteilung\nunter <br \/>\u00fcber <strong><a href=\"tel:030 341 09 90\">+0303410990<\/a><\/strong>\u00a0oder per E-Mail an <strong><a href=\"mailto:coen@profinrg.nl\" target=\"_blank\" rel=\"noopener\">coen@profinrg.nl<\/a>.<\/strong> <br \/>Wir denken gerne mit Ihnen zusammen \u00fcber intelligente L\u00f6sungen nach. <br \/>Folgen Sie uns auch auf <strong><a href=\"https:\/\/www.linkedin.com\/company\/profinrg\" target=\"_blank\" rel=\"noopener\">LinkedIn<\/a><\/strong>.\u00a0<\/p>\t\t\t\t\t\t\t\t<\/div>\n\t\t\t\t<\/div>\n\t\t\t\t\t<\/div>\n\t\t<\/div>\n\t\t\t\t\t<\/div>\n\t\t<\/section>\n\t\t\t\t<section class=\"elementor-section elementor-top-section elementor-element elementor-element-6cc79444 elementor-section-boxed elementor-section-height-default elementor-section-height-default\" data-id=\"6cc79444\" data-element_type=\"section\" data-e-type=\"section\">\n\t\t\t\t\t\t<div class=\"elementor-container elementor-column-gap-default\">\n\t\t\t\t\t<div class=\"elementor-column elementor-col-100 elementor-top-column elementor-element elementor-element-41ec9837\" data-id=\"41ec9837\" data-element_type=\"column\" data-e-type=\"column\">\n\t\t\t<div class=\"elementor-widget-wrap elementor-element-populated\">\n\t\t\t\t\t\t<div class=\"elementor-element elementor-element-5925d811 elementor-widget elementor-widget-spacer\" data-id=\"5925d811\" data-element_type=\"widget\" data-e-type=\"widget\" data-widget_type=\"spacer.default\">\n\t\t\t\t<div class=\"elementor-widget-container\">\n\t\t\t\t\t\t\t<div class=\"elementor-spacer\">\n\t\t\t<div class=\"elementor-spacer-inner\"><\/div>\n\t\t<\/div>\n\t\t\t\t\t\t<\/div>\n\t\t\t\t<\/div>\n\t\t\t\t\t<\/div>\n\t\t<\/div>\n\t\t\t\t\t<\/div>\n\t\t<\/section>\n\t\t\t\t<\/div>","protected":false},"excerpt":{"rendered":"<p>Energie-management: haal het maximale uit uw zonne-installatie. Een Energiemanagement systeem (EMS) biedt de oplossing voor bedrijven die hun opgewekte zonne-energie niet kwijt kunnen op het net. Het EMS zorgt ervoor dat uw stroomverbruik zoveel mogelijk gelijktijdig plaatsvindt met de momenten dat u energie opwekt. Dit kan door machines aan te zetten, heftrucks, auto\u2019s of batterijen [&hellip;]<\/p>\n","protected":false},"author":9,"featured_media":0,"parent":311,"menu_order":0,"comment_status":"closed","ping_status":"closed","template":"","meta":{"footnotes":""},"class_list":["post-25910","page","type-page","status-publish","hentry"],"_links":{"self":[{"href":"https:\/\/profinrg.nl\/de\/wp-json\/wp\/v2\/pages\/25910","targetHints":{"allow":["GET"]}}],"collection":[{"href":"https:\/\/profinrg.nl\/de\/wp-json\/wp\/v2\/pages"}],"about":[{"href":"https:\/\/profinrg.nl\/de\/wp-json\/wp\/v2\/types\/page"}],"author":[{"embeddable":true,"href":"https:\/\/profinrg.nl\/de\/wp-json\/wp\/v2\/users\/9"}],"replies":[{"embeddable":true,"href":"https:\/\/profinrg.nl\/de\/wp-json\/wp\/v2\/comments?post=25910"}],"version-history":[{"count":0,"href":"https:\/\/profinrg.nl\/de\/wp-json\/wp\/v2\/pages\/25910\/revisions"}],"up":[{"embeddable":true,"href":"https:\/\/profinrg.nl\/de\/wp-json\/wp\/v2\/pages\/311"}],"wp:attachment":[{"href":"https:\/\/profinrg.nl\/de\/wp-json\/wp\/v2\/media?parent=25910"}],"curies":[{"name":"wp","href":"https:\/\/api.w.org\/{rel}","templated":true}]}}