{"id":25965,"date":"2022-08-08T10:36:21","date_gmt":"2022-08-08T10:36:21","guid":{"rendered":"http:\/\/profinrg.nl\/?page_id=25965"},"modified":"2023-08-23T10:17:12","modified_gmt":"2023-08-23T10:17:12","slug":"wasserstoff","status":"publish","type":"page","link":"https:\/\/profinrg.nl\/de\/over-ons\/innovaties\/waterstof\/","title":{"rendered":"Wasserstoff"},"content":{"rendered":"<div data-elementor-type=\"wp-page\" data-elementor-id=\"25965\" class=\"elementor elementor-25965\" data-elementor-post-type=\"page\">\n\t\t\t\t\t\t<section class=\"elementor-section elementor-top-section elementor-element elementor-element-2e7bc8b9 elementor-section-boxed elementor-section-height-default elementor-section-height-default\" data-id=\"2e7bc8b9\" data-element_type=\"section\" data-e-type=\"section\" data-settings=\"{&quot;background_background&quot;:&quot;gradient&quot;}\">\n\t\t\t\t\t\t<div class=\"elementor-container elementor-column-gap-default\">\n\t\t\t\t\t<div class=\"elementor-column elementor-col-100 elementor-top-column elementor-element elementor-element-74f30294\" data-id=\"74f30294\" data-element_type=\"column\" data-e-type=\"column\">\n\t\t\t<div class=\"elementor-widget-wrap elementor-element-populated\">\n\t\t\t\t\t\t<div class=\"elementor-element elementor-element-56149298 elementor-widget elementor-widget-spacer\" data-id=\"56149298\" data-element_type=\"widget\" data-e-type=\"widget\" data-widget_type=\"spacer.default\">\n\t\t\t\t<div class=\"elementor-widget-container\">\n\t\t\t\t\t\t\t<div class=\"elementor-spacer\">\n\t\t\t<div class=\"elementor-spacer-inner\"><\/div>\n\t\t<\/div>\n\t\t\t\t\t\t<\/div>\n\t\t\t\t<\/div>\n\t\t\t\t\t<\/div>\n\t\t<\/div>\n\t\t\t\t\t<\/div>\n\t\t<\/section>\n\t\t\t\t<section class=\"elementor-section elementor-top-section elementor-element elementor-element-4db34f11 elementor-section-boxed elementor-section-height-default elementor-section-height-default\" data-id=\"4db34f11\" data-element_type=\"section\" data-e-type=\"section\">\n\t\t\t\t\t\t<div class=\"elementor-container elementor-column-gap-default\">\n\t\t\t\t\t<div class=\"elementor-column elementor-col-50 elementor-top-column elementor-element elementor-element-708dafc9 elementor-hidden-mobile\" data-id=\"708dafc9\" data-element_type=\"column\" data-e-type=\"column\" data-settings=\"{&quot;background_background&quot;:&quot;classic&quot;}\">\n\t\t\t<div class=\"elementor-widget-wrap\">\n\t\t\t\t\t\t\t<\/div>\n\t\t<\/div>\n\t\t\t\t<div class=\"elementor-column elementor-col-50 elementor-top-column elementor-element elementor-element-2d6cf481\" data-id=\"2d6cf481\" data-element_type=\"column\" data-e-type=\"column\">\n\t\t\t<div class=\"elementor-widget-wrap elementor-element-populated\">\n\t\t\t\t\t\t<div class=\"elementor-element elementor-element-a01c8f9 elementor-widget elementor-widget-heading\" data-id=\"a01c8f9\" data-element_type=\"widget\" data-e-type=\"widget\" data-widget_type=\"heading.default\">\n\t\t\t\t<div class=\"elementor-widget-container\">\n\t\t\t\t\t<h2 class=\"elementor-heading-title elementor-size-default\">Was ist Wasserstoff (H2)?<\/h2>\t\t\t\t<\/div>\n\t\t\t\t<\/div>\n\t\t\t\t<div class=\"elementor-element elementor-element-4406b470 elementor-widget elementor-widget-text-editor\" data-id=\"4406b470\" data-element_type=\"widget\" data-e-type=\"widget\" data-widget_type=\"text-editor.default\">\n\t\t\t\t<div class=\"elementor-widget-container\">\n\t\t\t\t\t\t\t\t\t<p>Die einzigartigen Eigenschaften von H<sub>2<\/sub>\u00a0beinhalten, dass sowohl die Produktion als auch der Verbrauch vollst\u00e4ndig auf CO<sub>2<\/sub> frei ist und lange Zeit ohne Energieverlust gespeichert werden kann. Wasserstoff ist \"gr\u00fcn\", wenn er mit \"gr\u00fcner Energie\" hergestellt wird, um Wasser (H<sub>2<\/sub>O) zur Aufspaltung in Wasserstoff (H<sub>2<\/sub>) und Sauerstoff (O<sub>2<\/sub>). Der gr\u00fcne Wasserstoff kann dann in Gaskesseln verwendet, als Rohstoff in der Industrie eingesetzt oder \u00fcber eine Brennstoffzelle wieder in Strom umgewandelt werden. ProfiNRG konzentriert sich auf Anwendungen von Wasserstoff f\u00fcr Verkehr und Mobilit\u00e4t.<\/p><div class=\"tbk__text\"><p>Lesen Sie auch:<\/p><ul><li><a href=\"\/de\/tankstation-groene-waterstof\/\">Autarke Tankstelle in Utrecht Lage Weide<\/a><\/li><li><a href=\"\/de\/ist-wasserstoff-das-goldene-ei-der-energiewende-2\/\">Ist H<sub>2\u00a0<\/sub>das goldene Ei f\u00fcr die Energiewende?<\/a><\/li><\/ul><\/div>\t\t\t\t\t\t\t\t<\/div>\n\t\t\t\t<\/div>\n\t\t\t\t<div class=\"elementor-element elementor-element-601e5c05 elementor-align-left elementor-widget elementor-widget-elementskit-button\" data-id=\"601e5c05\" data-element_type=\"widget\" data-e-type=\"widget\" data-widget_type=\"elementskit-button.default\">\n\t\t\t\t<div class=\"elementor-widget-container\">\n\t\t\t\t\t<div class=\"ekit-wid-con\" >\t\t<div class=\"ekit-btn-wraper\">\n\t\t\t\t\t\t\t<a href=\"http:\/\/profinrg.nl\/de\/neuerungen\/\" class=\"elementskit-btn  whitespace--normal\" id=\"\">\n\t\t\t\t\tZur\u00fcck zu Innovationen<i class=\"jki jki-arrow-right-solid\"><\/i>\t\t\t\t<\/a>\n\t\t\t\t\t<\/div>\n        <\/div>\t\t\t\t<\/div>\n\t\t\t\t<\/div>\n\t\t\t\t\t<\/div>\n\t\t<\/div>\n\t\t\t\t\t<\/div>\n\t\t<\/section>\n\t\t\t\t<section class=\"elementor-section elementor-top-section elementor-element elementor-element-b21c8ee elementor-section-boxed elementor-section-height-default elementor-section-height-default\" data-id=\"b21c8ee\" data-element_type=\"section\" data-e-type=\"section\">\n\t\t\t\t\t\t<div class=\"elementor-container elementor-column-gap-default\">\n\t\t\t\t\t<div class=\"elementor-column elementor-col-100 elementor-top-column elementor-element elementor-element-f5fe727\" data-id=\"f5fe727\" data-element_type=\"column\" data-e-type=\"column\">\n\t\t\t<div class=\"elementor-widget-wrap elementor-element-populated\">\n\t\t\t\t\t\t<div class=\"elementor-element elementor-element-5754b4e elementor-widget elementor-widget-spacer\" data-id=\"5754b4e\" data-element_type=\"widget\" data-e-type=\"widget\" data-widget_type=\"spacer.default\">\n\t\t\t\t<div class=\"elementor-widget-container\">\n\t\t\t\t\t\t\t<div class=\"elementor-spacer\">\n\t\t\t<div class=\"elementor-spacer-inner\"><\/div>\n\t\t<\/div>\n\t\t\t\t\t\t<\/div>\n\t\t\t\t<\/div>\n\t\t\t\t\t<\/div>\n\t\t<\/div>\n\t\t\t\t\t<\/div>\n\t\t<\/section>\n\t\t\t\t<section class=\"elementor-section elementor-top-section elementor-element elementor-element-8bf9db6 elementor-section-boxed elementor-section-height-default elementor-section-height-default\" data-id=\"8bf9db6\" data-element_type=\"section\" data-e-type=\"section\" data-settings=\"{&quot;background_background&quot;:&quot;classic&quot;}\">\n\t\t\t\t\t\t<div class=\"elementor-container elementor-column-gap-default\">\n\t\t\t\t\t<div class=\"elementor-column elementor-col-100 elementor-top-column elementor-element elementor-element-36253dc\" data-id=\"36253dc\" data-element_type=\"column\" data-e-type=\"column\">\n\t\t\t<div class=\"elementor-widget-wrap elementor-element-populated\">\n\t\t\t\t\t\t<section class=\"elementor-section elementor-inner-section elementor-element elementor-element-55c4628 elementor-section-boxed elementor-section-height-default elementor-section-height-default\" data-id=\"55c4628\" data-element_type=\"section\" data-e-type=\"section\" data-settings=\"{&quot;background_background&quot;:&quot;classic&quot;}\">\n\t\t\t\t\t\t<div class=\"elementor-container elementor-column-gap-default\">\n\t\t\t\t\t<div class=\"elementor-column elementor-col-50 elementor-inner-column elementor-element elementor-element-2be244d elementor-hidden-mobile\" data-id=\"2be244d\" data-element_type=\"column\" data-e-type=\"column\" data-settings=\"{&quot;background_background&quot;:&quot;classic&quot;}\">\n\t\t\t<div class=\"elementor-widget-wrap elementor-element-populated\">\n\t\t\t\t\t\t<div class=\"elementor-element elementor-element-c70915b elementor-widget elementor-widget-image\" data-id=\"c70915b\" data-element_type=\"widget\" data-e-type=\"widget\" data-widget_type=\"image.default\">\n\t\t\t\t<div class=\"elementor-widget-container\">\n\t\t\t\t\t\t\t\t\t\t\t\t\t\t\t<img fetchpriority=\"high\" decoding=\"async\" width=\"800\" height=\"462\" src=\"https:\/\/profinrg.nl\/wp-content\/uploads\/2022\/08\/Waterstof-Intern-Transport-1024x591.png\" class=\"attachment-large size-large wp-image-25998\" alt=\"Wasserstoff-Internet-Transport\" srcset=\"https:\/\/profinrg.nl\/wp-content\/uploads\/2022\/08\/Waterstof-Intern-Transport-1024x591.png 1024w, https:\/\/profinrg.nl\/wp-content\/uploads\/2022\/08\/Waterstof-Intern-Transport-300x173.png 300w, https:\/\/profinrg.nl\/wp-content\/uploads\/2022\/08\/Waterstof-Intern-Transport-768x443.png 768w, https:\/\/profinrg.nl\/wp-content\/uploads\/2022\/08\/Waterstof-Intern-Transport-1536x886.png 1536w, https:\/\/profinrg.nl\/wp-content\/uploads\/2022\/08\/Waterstof-Intern-Transport-2048x1181.png 2048w\" sizes=\"(max-width: 800px) 100vw, 800px\" title=\"\">\t\t\t\t\t\t\t\t\t\t\t\t\t\t\t<\/div>\n\t\t\t\t<\/div>\n\t\t\t\t\t<\/div>\n\t\t<\/div>\n\t\t\t\t<div class=\"elementor-column elementor-col-50 elementor-inner-column elementor-element elementor-element-a37b07c\" data-id=\"a37b07c\" data-element_type=\"column\" data-e-type=\"column\" data-settings=\"{&quot;background_background&quot;:&quot;classic&quot;}\">\n\t\t\t<div class=\"elementor-widget-wrap elementor-element-populated\">\n\t\t\t\t\t\t<div class=\"elementor-element elementor-element-eaf4b7b elementor-widget elementor-widget-heading\" data-id=\"eaf4b7b\" data-element_type=\"widget\" data-e-type=\"widget\" data-widget_type=\"heading.default\">\n\t\t\t\t<div class=\"elementor-widget-container\">\n\t\t\t\t\t<h2 class=\"elementor-heading-title elementor-size-default\">Interner Transport<\/h2>\t\t\t\t<\/div>\n\t\t\t\t<\/div>\n\t\t\t\t<div class=\"elementor-element elementor-element-61275ca elementor-widget elementor-widget-text-editor\" data-id=\"61275ca\" data-element_type=\"widget\" data-e-type=\"widget\" data-widget_type=\"text-editor.default\">\n\t\t\t\t<div class=\"elementor-widget-container\">\n\t\t\t\t\t\t\t\t\t<p>Angenommen, Sie haben ein Lagerhaus und m\u00f6chten Ihren Materialtransport elektrifizieren, dann w\u00fcrden Sie es vorziehen, Ihre selbst erzeugte Energie so weit wie m\u00f6glich zu nutzen. Dies k\u00f6nnen Sie tun, indem Sie die erzeugte Energie zum Aufladen von Gabelstaplerbatterien oder zur Herstellung von \"Wasserstoff\" f\u00fcr den Betrieb von Gabelstaplern verwenden.<\/p><p>F\u00fcr gro\u00dfe Vertriebszentren (mit mehr als 75 Staplern) bieten diese Stapler erhebliche Vorteile:<\/p><ul><li>Gro\u00dfe Solaranlage f\u00fcr den Eigenverbrauch<\/li><li>Kurzes und einfaches Tanken<\/li><li>Saubere Emissionen<\/li><li>Guter Aktionsradius, auch bei niedrigen Temperaturen<\/li><li>Kein Platzbedarf zum Laden und\/oder Wechseln der Batterien<\/li><li>Guter Business Case<\/li><\/ul><p><strong><em>ProfiNRG plant, baut und wartet Ihre Wasserstofftankstelle mit eigener Wasserstoffproduktion!<\/em><\/strong><\/p>\t\t\t\t\t\t\t\t<\/div>\n\t\t\t\t<\/div>\n\t\t\t\t\t<\/div>\n\t\t<\/div>\n\t\t\t\t\t<\/div>\n\t\t<\/section>\n\t\t\t\t\t<\/div>\n\t\t<\/div>\n\t\t\t\t\t<\/div>\n\t\t<\/section>\n\t\t\t\t<section class=\"elementor-section elementor-top-section elementor-element elementor-element-29346c7 elementor-section-boxed elementor-section-height-default elementor-section-height-default\" data-id=\"29346c7\" data-element_type=\"section\" data-e-type=\"section\">\n\t\t\t\t\t\t<div class=\"elementor-container elementor-column-gap-default\">\n\t\t\t\t\t<div class=\"elementor-column elementor-col-100 elementor-top-column elementor-element elementor-element-831e499\" data-id=\"831e499\" data-element_type=\"column\" data-e-type=\"column\">\n\t\t\t<div class=\"elementor-widget-wrap elementor-element-populated\">\n\t\t\t\t\t\t<div class=\"elementor-element elementor-element-4c3a0e4 elementor-widget elementor-widget-spacer\" data-id=\"4c3a0e4\" data-element_type=\"widget\" data-e-type=\"widget\" data-widget_type=\"spacer.default\">\n\t\t\t\t<div class=\"elementor-widget-container\">\n\t\t\t\t\t\t\t<div class=\"elementor-spacer\">\n\t\t\t<div class=\"elementor-spacer-inner\"><\/div>\n\t\t<\/div>\n\t\t\t\t\t\t<\/div>\n\t\t\t\t<\/div>\n\t\t\t\t\t<\/div>\n\t\t<\/div>\n\t\t\t\t\t<\/div>\n\t\t<\/section>\n\t\t\t\t<section class=\"elementor-section elementor-top-section elementor-element elementor-element-5fa59b1 elementor-section-boxed elementor-section-height-default elementor-section-height-default\" data-id=\"5fa59b1\" data-element_type=\"section\" data-e-type=\"section\" data-settings=\"{&quot;background_background&quot;:&quot;classic&quot;}\">\n\t\t\t\t\t\t<div class=\"elementor-container elementor-column-gap-default\">\n\t\t\t\t\t<div class=\"elementor-column elementor-col-100 elementor-top-column elementor-element elementor-element-8f06121\" data-id=\"8f06121\" data-element_type=\"column\" data-e-type=\"column\">\n\t\t\t<div class=\"elementor-widget-wrap elementor-element-populated\">\n\t\t\t\t\t\t<section class=\"elementor-section elementor-inner-section elementor-element elementor-element-a482f76 elementor-section-boxed elementor-section-height-default elementor-section-height-default\" data-id=\"a482f76\" data-element_type=\"section\" data-e-type=\"section\" data-settings=\"{&quot;background_background&quot;:&quot;classic&quot;}\">\n\t\t\t\t\t\t<div class=\"elementor-container elementor-column-gap-default\">\n\t\t\t\t\t<div class=\"elementor-column elementor-col-50 elementor-inner-column elementor-element elementor-element-8a62d44\" data-id=\"8a62d44\" data-element_type=\"column\" data-e-type=\"column\" data-settings=\"{&quot;background_background&quot;:&quot;classic&quot;}\">\n\t\t\t<div class=\"elementor-widget-wrap elementor-element-populated\">\n\t\t\t\t\t\t<div class=\"elementor-element elementor-element-58b395d elementor-widget elementor-widget-heading\" data-id=\"58b395d\" data-element_type=\"widget\" data-e-type=\"widget\" data-widget_type=\"heading.default\">\n\t\t\t\t<div class=\"elementor-widget-container\">\n\t\t\t\t\t<h2 class=\"elementor-heading-title elementor-size-default\">Externer Transport<\/h2>\t\t\t\t<\/div>\n\t\t\t\t<\/div>\n\t\t\t\t<div class=\"elementor-element elementor-element-66f69ba elementor-widget elementor-widget-text-editor\" data-id=\"66f69ba\" data-element_type=\"widget\" data-e-type=\"widget\" data-widget_type=\"text-editor.default\">\n\t\t\t\t<div class=\"elementor-widget-container\">\n\t\t\t\t\t\t\t\t\t<p>Wenn Sie die von Ihnen erzeugte Energie f\u00fcr Ihre Autos oder Lastwagen nutzen wollen, haben Sie mehrere M\u00f6glichkeiten. Sie k\u00f6nnen damit die Batterien dieser Fahrzeuge aufladen, oder Sie k\u00f6nnen sie zur Erzeugung von <em>Wasserstoff <\/em>f\u00fcr die darauf fahrenden Fahrzeuge. Die Verwendung von H<sub>2<\/sub> Der Vorteil dabei ist, dass Ihr Fahrzeug innerhalb weniger Minuten mit einer gro\u00dfen Menge erneuerbarer Energie betankt werden kann.<\/p><p>ProfiNRG bietet verschiedene M\u00f6glichkeiten zur Realisierung einer eigenen Tankstelle mit lokaler Wasserstofferzeugung. Dies kann von der Gr\u00f6\u00dfe einer Tankstelle f\u00fcr eine begrenzte Anzahl von Fahrzeugen bis hin zu einer \u00f6ffentlichen Tankstelle reichen.<\/p>\t\t\t\t\t\t\t\t<\/div>\n\t\t\t\t<\/div>\n\t\t\t\t\t<\/div>\n\t\t<\/div>\n\t\t\t\t<div class=\"elementor-column elementor-col-50 elementor-inner-column elementor-element elementor-element-183c530 elementor-hidden-mobile\" data-id=\"183c530\" data-element_type=\"column\" data-e-type=\"column\" data-settings=\"{&quot;background_background&quot;:&quot;classic&quot;}\">\n\t\t\t<div class=\"elementor-widget-wrap elementor-element-populated\">\n\t\t\t\t\t\t<div class=\"elementor-element elementor-element-1aefe29 elementor-widget elementor-widget-image\" data-id=\"1aefe29\" data-element_type=\"widget\" data-e-type=\"widget\" data-widget_type=\"image.default\">\n\t\t\t\t<div class=\"elementor-widget-container\">\n\t\t\t\t\t\t\t\t\t\t\t\t\t\t\t<img decoding=\"async\" width=\"800\" height=\"498\" src=\"https:\/\/profinrg.nl\/wp-content\/uploads\/2022\/08\/Mobiliteit-1024x638.png\" class=\"attachment-large size-large wp-image-25997\" alt=\"Mobilit\u00e4t von Wasserstoff\" srcset=\"https:\/\/profinrg.nl\/wp-content\/uploads\/2022\/08\/Mobiliteit-1024x638.png 1024w, https:\/\/profinrg.nl\/wp-content\/uploads\/2022\/08\/Mobiliteit-300x187.png 300w, https:\/\/profinrg.nl\/wp-content\/uploads\/2022\/08\/Mobiliteit-768x478.png 768w, https:\/\/profinrg.nl\/wp-content\/uploads\/2022\/08\/Mobiliteit-1536x957.png 1536w, https:\/\/profinrg.nl\/wp-content\/uploads\/2022\/08\/Mobiliteit-2048x1276.png 2048w\" sizes=\"(max-width: 800px) 100vw, 800px\" title=\"\">\t\t\t\t\t\t\t\t\t\t\t\t\t\t\t<\/div>\n\t\t\t\t<\/div>\n\t\t\t\t\t<\/div>\n\t\t<\/div>\n\t\t\t\t\t<\/div>\n\t\t<\/section>\n\t\t\t\t\t<\/div>\n\t\t<\/div>\n\t\t\t\t\t<\/div>\n\t\t<\/section>\n\t\t\t\t<section class=\"elementor-section elementor-top-section elementor-element elementor-element-e65a65b elementor-section-boxed elementor-section-height-default elementor-section-height-default\" data-id=\"e65a65b\" data-element_type=\"section\" data-e-type=\"section\">\n\t\t\t\t\t\t<div class=\"elementor-container elementor-column-gap-default\">\n\t\t\t\t\t<div class=\"elementor-column elementor-col-100 elementor-top-column elementor-element elementor-element-4e693aba\" data-id=\"4e693aba\" data-element_type=\"column\" data-e-type=\"column\">\n\t\t\t<div class=\"elementor-widget-wrap elementor-element-populated\">\n\t\t\t\t\t\t<div class=\"elementor-element elementor-element-4f655471 elementor-widget elementor-widget-spacer\" data-id=\"4f655471\" data-element_type=\"widget\" data-e-type=\"widget\" data-widget_type=\"spacer.default\">\n\t\t\t\t<div class=\"elementor-widget-container\">\n\t\t\t\t\t\t\t<div class=\"elementor-spacer\">\n\t\t\t<div class=\"elementor-spacer-inner\"><\/div>\n\t\t<\/div>\n\t\t\t\t\t\t<\/div>\n\t\t\t\t<\/div>\n\t\t\t\t\t<\/div>\n\t\t<\/div>\n\t\t\t\t\t<\/div>\n\t\t<\/section>\n\t\t\t\t<section class=\"elementor-section elementor-top-section elementor-element elementor-element-26c3ef4b elementor-section-boxed elementor-section-height-default elementor-section-height-default\" data-id=\"26c3ef4b\" data-element_type=\"section\" data-e-type=\"section\" data-settings=\"{&quot;background_background&quot;:&quot;classic&quot;}\">\n\t\t\t\t\t\t<div class=\"elementor-container elementor-column-gap-default\">\n\t\t\t\t\t<div class=\"elementor-column elementor-col-50 elementor-top-column elementor-element elementor-element-54eba639\" data-id=\"54eba639\" data-element_type=\"column\" data-e-type=\"column\">\n\t\t\t<div class=\"elementor-widget-wrap elementor-element-populated\">\n\t\t\t\t\t\t<div class=\"elementor-element elementor-element-53f8c44 elementor-widget elementor-widget-image\" data-id=\"53f8c44\" data-element_type=\"widget\" data-e-type=\"widget\" data-widget_type=\"image.default\">\n\t\t\t\t<div class=\"elementor-widget-container\">\n\t\t\t\t\t\t\t\t\t\t\t\t\t\t\t<img decoding=\"async\" src=\"http:\/\/profinrg.nl\/wp-content\/uploads\/2023\/04\/OW8A1348.jpg\" title=\"\" alt=\"\" loading=\"lazy\">\t\t\t\t\t\t\t\t\t\t\t\t\t\t\t<\/div>\n\t\t\t\t<\/div>\n\t\t\t\t<div class=\"elementor-element elementor-element-c6157cc elementor-hidden-tablet elementor-hidden-mobile elementor-widget elementor-widget-spacer\" data-id=\"c6157cc\" data-element_type=\"widget\" data-e-type=\"widget\" data-widget_type=\"spacer.default\">\n\t\t\t\t<div class=\"elementor-widget-container\">\n\t\t\t\t\t\t\t<div class=\"elementor-spacer\">\n\t\t\t<div class=\"elementor-spacer-inner\"><\/div>\n\t\t<\/div>\n\t\t\t\t\t\t<\/div>\n\t\t\t\t<\/div>\n\t\t\t\t\t<\/div>\n\t\t<\/div>\n\t\t\t\t<div class=\"elementor-column elementor-col-50 elementor-top-column elementor-element elementor-element-7f406261\" data-id=\"7f406261\" data-element_type=\"column\" data-e-type=\"column\">\n\t\t\t<div class=\"elementor-widget-wrap elementor-element-populated\">\n\t\t\t\t\t\t<div class=\"elementor-element elementor-element-12ab761e elementor-widget elementor-widget-elementskit-heading\" data-id=\"12ab761e\" data-element_type=\"widget\" data-e-type=\"widget\" data-widget_type=\"elementskit-heading.default\">\n\t\t\t\t<div class=\"elementor-widget-container\">\n\t\t\t\t\t<div class=\"ekit-wid-con\" ><div class=\"ekit-heading elementskit-section-title-wraper text_left   ekit_heading_tablet-   ekit_heading_mobile-\"><h3 class=\"elementskit-section-subtitle\">\n\t\t\t\t\t\tNachhaltigkeit durch ein Solarstromsystem?\n\t\t\t\t\t<\/h3><h2 class=\"ekit-heading--title elementskit-section-title\">Interested?<\/h2><\/div><\/div>\t\t\t\t<\/div>\n\t\t\t\t<\/div>\n\t\t\t\t<div class=\"elementor-element elementor-element-188041a8 elementor-widget elementor-widget-text-editor\" data-id=\"188041a8\" data-element_type=\"widget\" data-e-type=\"widget\" data-widget_type=\"text-editor.default\">\n\t\t\t\t<div class=\"elementor-widget-container\">\n\t\t\t\t\t\t\t\t\t<p>Dann kontaktieren Sie unsere Verkaufsabteilung\nunter <br \/>\u00fcber <strong><a href=\"Tel:030 265 85 12\">+0302658512<\/a><\/strong>\u00a0oder per E-Mail an <strong><a href=\"mailto:sales@profinrg.nl\" target=\"_blank\" rel=\"noopener\">sales@profinrg.nl<\/a>.<\/strong> <br \/>Wir denken gerne mit Ihnen zusammen \u00fcber intelligente L\u00f6sungen nach. <br \/>Folgen Sie uns auch auf <strong><a href=\"https:\/\/www.linkedin.com\/company\/profinrg\" target=\"_blank\" rel=\"noopener\">LinkedIn<\/a><\/strong>.\u00a0<\/p>\t\t\t\t\t\t\t\t<\/div>\n\t\t\t\t<\/div>\n\t\t\t\t\t<\/div>\n\t\t<\/div>\n\t\t\t\t\t<\/div>\n\t\t<\/section>\n\t\t\t\t<section class=\"elementor-section elementor-top-section elementor-element elementor-element-64842731 elementor-section-boxed elementor-section-height-default elementor-section-height-default\" data-id=\"64842731\" data-element_type=\"section\" data-e-type=\"section\">\n\t\t\t\t\t\t<div class=\"elementor-container elementor-column-gap-default\">\n\t\t\t\t\t<div class=\"elementor-column elementor-col-100 elementor-top-column elementor-element elementor-element-59f6bb3b\" data-id=\"59f6bb3b\" data-element_type=\"column\" data-e-type=\"column\">\n\t\t\t<div class=\"elementor-widget-wrap elementor-element-populated\">\n\t\t\t\t\t\t<div class=\"elementor-element elementor-element-3d23b197 elementor-widget elementor-widget-spacer\" data-id=\"3d23b197\" data-element_type=\"widget\" data-e-type=\"widget\" data-widget_type=\"spacer.default\">\n\t\t\t\t<div class=\"elementor-widget-container\">\n\t\t\t\t\t\t\t<div class=\"elementor-spacer\">\n\t\t\t<div class=\"elementor-spacer-inner\"><\/div>\n\t\t<\/div>\n\t\t\t\t\t\t<\/div>\n\t\t\t\t<\/div>\n\t\t\t\t\t<\/div>\n\t\t<\/div>\n\t\t\t\t\t<\/div>\n\t\t<\/section>\n\t\t\t\t<\/div>","protected":false},"excerpt":{"rendered":"<p>Wat is waterstof (H2)? De unieke eigenschappen van H2\u00a0zijn onder andere dat zowel de productie als het verbruik geheel CO2 vrij kan, en dat het voor een lange tijd opgeslagen kan worden zonder energieverlies. Waterstof is \u2018Groen\u2019 als het gemaakt is door met \u2018groene energie\u2019 water (H2O) te splitsen in waterstof (H2) en zuurstof (O2). [&hellip;]<\/p>\n","protected":false},"author":9,"featured_media":0,"parent":311,"menu_order":0,"comment_status":"closed","ping_status":"closed","template":"","meta":{"footnotes":""},"class_list":["post-25965","page","type-page","status-publish","hentry"],"_links":{"self":[{"href":"https:\/\/profinrg.nl\/de\/wp-json\/wp\/v2\/pages\/25965","targetHints":{"allow":["GET"]}}],"collection":[{"href":"https:\/\/profinrg.nl\/de\/wp-json\/wp\/v2\/pages"}],"about":[{"href":"https:\/\/profinrg.nl\/de\/wp-json\/wp\/v2\/types\/page"}],"author":[{"embeddable":true,"href":"https:\/\/profinrg.nl\/de\/wp-json\/wp\/v2\/users\/9"}],"replies":[{"embeddable":true,"href":"https:\/\/profinrg.nl\/de\/wp-json\/wp\/v2\/comments?post=25965"}],"version-history":[{"count":0,"href":"https:\/\/profinrg.nl\/de\/wp-json\/wp\/v2\/pages\/25965\/revisions"}],"up":[{"embeddable":true,"href":"https:\/\/profinrg.nl\/de\/wp-json\/wp\/v2\/pages\/311"}],"wp:attachment":[{"href":"https:\/\/profinrg.nl\/de\/wp-json\/wp\/v2\/media?parent=25965"}],"curies":[{"name":"wp","href":"https:\/\/api.w.org\/{rel}","templated":true}]}}