{"id":26137,"date":"2022-08-08T14:57:19","date_gmt":"2022-08-08T14:57:19","guid":{"rendered":"http:\/\/profinrg.nl\/?page_id=26137"},"modified":"2025-09-08T12:55:15","modified_gmt":"2025-09-08T12:55:15","slug":"sonne-auf-dachern","status":"publish","type":"page","link":"https:\/\/profinrg.nl\/de\/oplossingen\/zon-op-daken\/","title":{"rendered":"Solar auf D\u00e4chern"},"content":{"rendered":"<div data-elementor-type=\"wp-page\" data-elementor-id=\"26137\" class=\"elementor elementor-26137\" data-elementor-post-type=\"page\">\n\t\t\t\t\t\t<section class=\"elementor-section elementor-top-section elementor-element elementor-element-841a6a9 elementor-section-boxed elementor-section-height-default elementor-section-height-default\" data-id=\"841a6a9\" data-element_type=\"section\" data-e-type=\"section\" data-settings=\"{&quot;background_background&quot;:&quot;classic&quot;}\">\n\t\t\t\t\t\t<div class=\"elementor-container elementor-column-gap-default\">\n\t\t\t\t\t<div class=\"elementor-column elementor-col-100 elementor-top-column elementor-element elementor-element-29e8335\" data-id=\"29e8335\" data-element_type=\"column\" data-e-type=\"column\">\n\t\t\t<div class=\"elementor-widget-wrap elementor-element-populated\">\n\t\t\t\t\t\t<div class=\"elementor-element elementor-element-e889b28 elementor-widget elementor-widget-spacer\" data-id=\"e889b28\" data-element_type=\"widget\" data-e-type=\"widget\" data-widget_type=\"spacer.default\">\n\t\t\t\t<div class=\"elementor-widget-container\">\n\t\t\t\t\t\t\t<div class=\"elementor-spacer\">\n\t\t\t<div class=\"elementor-spacer-inner\"><\/div>\n\t\t<\/div>\n\t\t\t\t\t\t<\/div>\n\t\t\t\t<\/div>\n\t\t\t\t<section class=\"elementor-section elementor-inner-section elementor-element elementor-element-29d452eb elementor-section-boxed elementor-section-height-default elementor-section-height-default\" data-id=\"29d452eb\" data-element_type=\"section\" data-e-type=\"section\">\n\t\t\t\t\t\t<div class=\"elementor-container elementor-column-gap-default\">\n\t\t\t\t\t<div class=\"elementor-column elementor-col-100 elementor-inner-column elementor-element elementor-element-5521231\" data-id=\"5521231\" data-element_type=\"column\" data-e-type=\"column\">\n\t\t\t<div class=\"elementor-widget-wrap elementor-element-populated\">\n\t\t\t\t\t\t<div class=\"elementor-element elementor-element-7e69b83e elementor-widget elementor-widget-jkit_heading\" data-id=\"7e69b83e\" data-element_type=\"widget\" data-e-type=\"widget\" data-widget_type=\"jkit_heading.default\">\n\t\t\t\t<div class=\"elementor-widget-container\">\n\t\t\t\t\t<div  class=\"jeg-elementor-kit jkit-heading  align-left align-tablet- align-mobile- jeg_module___69f0c1ee5dc54\" ><h1 class=\"heading-section-subtitle  style-color\">D\u00e4cher und Sonnenkollektoren<\/h1><div class=\"heading-section-title  display-inline-block\"><h2 class=\"heading-title\">Die ideale Kombination <\/h2><\/div><\/div>\t\t\t\t<\/div>\n\t\t\t\t<\/div>\n\t\t\t\t<div class=\"elementor-element elementor-element-5f0e6528 elementor-widget elementor-widget-text-editor\" data-id=\"5f0e6528\" data-element_type=\"widget\" data-e-type=\"widget\" data-widget_type=\"text-editor.default\">\n\t\t\t\t<div class=\"elementor-widget-container\">\n\t\t\t\t\t\t\t\t\t<p>Im Laufe des Jahres wird in Gesch\u00e4ftsr\u00e4umen viel Strom verbraucht. Der Vorteil ist, dass Sie \u00fcber eine gro\u00dfe Dachfl\u00e4che verf\u00fcgen, die m\u00f6glicherweise f\u00fcr Sonnenkollektoren genutzt werden k\u00f6nnte, wodurch Sie eine Menge Energiekosten sparen. Ber\u00fccksichtigen Sie auch zus\u00e4tzliche Steuerabz\u00fcge und <a href=\"https:\/\/profinrg.nl\/sde\/\" target=\"_blank\" rel=\"noopener\">SDE++-Zuschuss<\/a>, und Sonnenkollektoren sind pl\u00f6tzlich n\u00e4her als gedacht. Auch f\u00fcr <a href=\"https:\/\/profinrg.nl\/de\/sonnenkollektoren-auf-schwachen-dachern\/\" target=\"_blank\" rel=\"noopener\">Sonnenkollektoren auf schwachen D\u00e4chern<\/a> Subventionsm\u00f6glichkeiten sind heutzutage verf\u00fcgbar. Fragen Sie einen unserer Berater danach.<\/p>\t\t\t\t\t\t\t\t<\/div>\n\t\t\t\t<\/div>\n\t\t\t\t\t<\/div>\n\t\t<\/div>\n\t\t\t\t\t<\/div>\n\t\t<\/section>\n\t\t\t\t<section class=\"elementor-section elementor-inner-section elementor-element elementor-element-2e909f0 elementor-section-boxed elementor-section-height-default elementor-section-height-default\" data-id=\"2e909f0\" data-element_type=\"section\" data-e-type=\"section\">\n\t\t\t\t\t\t<div class=\"elementor-container elementor-column-gap-default\">\n\t\t\t\t\t<div class=\"elementor-column elementor-col-50 elementor-inner-column elementor-element elementor-element-b52ee02\" data-id=\"b52ee02\" data-element_type=\"column\" data-e-type=\"column\">\n\t\t\t<div class=\"elementor-widget-wrap elementor-element-populated\">\n\t\t\t\t\t\t<div class=\"elementor-element elementor-element-cebea4d elementor-align-center elementor-widget elementor-widget-button\" data-id=\"cebea4d\" data-element_type=\"widget\" data-e-type=\"widget\" data-widget_type=\"button.default\">\n\t\t\t\t<div class=\"elementor-widget-container\">\n\t\t\t\t\t\t\t\t\t<div class=\"elementor-button-wrapper\">\n\t\t\t\t\t<a class=\"elementor-button elementor-button-link elementor-size-sm\" href=\"\/de\/zuschusse\/\">\n\t\t\t\t\t\t<span class=\"elementor-button-content-wrapper\">\n\t\t\t\t\t\t\t\t\t<span class=\"elementor-button-text\">F\u00fcr alle Stipendien<\/span>\n\t\t\t\t\t<\/span>\n\t\t\t\t\t<\/a>\n\t\t\t\t<\/div>\n\t\t\t\t\t\t\t\t<\/div>\n\t\t\t\t<\/div>\n\t\t\t\t\t<\/div>\n\t\t<\/div>\n\t\t\t\t<div class=\"elementor-column elementor-col-50 elementor-inner-column elementor-element elementor-element-871a9a4\" data-id=\"871a9a4\" data-element_type=\"column\" data-e-type=\"column\">\n\t\t\t<div class=\"elementor-widget-wrap elementor-element-populated\">\n\t\t\t\t\t\t<div class=\"elementor-element elementor-element-d837dae elementor-align-center elementor-widget elementor-widget-button\" data-id=\"d837dae\" data-element_type=\"widget\" data-e-type=\"widget\" data-widget_type=\"button.default\">\n\t\t\t\t<div class=\"elementor-widget-container\">\n\t\t\t\t\t\t\t\t\t<div class=\"elementor-button-wrapper\">\n\t\t\t\t\t<a class=\"elementor-button elementor-button-link elementor-size-sm\" href=\"https:\/\/calendly.com\/profinrg\/adviesgesprek\" target=\"_blank\" rel=\"noopener\">\n\t\t\t\t\t\t<span class=\"elementor-button-content-wrapper\">\n\t\t\t\t\t\t\t\t\t<span class=\"elementor-button-text\">Vereinbaren Sie ein unverbindliches Beratungsgespr\u00e4ch<\/span>\n\t\t\t\t\t<\/span>\n\t\t\t\t\t<\/a>\n\t\t\t\t<\/div>\n\t\t\t\t\t\t\t\t<\/div>\n\t\t\t\t<\/div>\n\t\t\t\t\t<\/div>\n\t\t<\/div>\n\t\t\t\t\t<\/div>\n\t\t<\/section>\n\t\t\t\t\t<\/div>\n\t\t<\/div>\n\t\t\t\t\t<\/div>\n\t\t<\/section>\n\t\t\t\t<section class=\"elementor-section elementor-top-section elementor-element elementor-element-123d42ee elementor-reverse-tablet elementor-reverse-mobile elementor-section-boxed elementor-section-height-default elementor-section-height-default\" data-id=\"123d42ee\" data-element_type=\"section\" data-e-type=\"section\" data-settings=\"{&quot;background_background&quot;:&quot;classic&quot;}\">\n\t\t\t\t\t\t<div class=\"elementor-container elementor-column-gap-default\">\n\t\t\t\t\t<div class=\"elementor-column elementor-col-25 elementor-top-column elementor-element elementor-element-245438ea\" data-id=\"245438ea\" data-element_type=\"column\" data-e-type=\"column\">\n\t\t\t<div class=\"elementor-widget-wrap elementor-element-populated\">\n\t\t\t\t\t\t<div class=\"elementor-element elementor-element-47160a35 elementor-widget elementor-widget-image\" data-id=\"47160a35\" data-element_type=\"widget\" data-e-type=\"widget\" data-widget_type=\"image.default\">\n\t\t\t\t<div class=\"elementor-widget-container\">\n\t\t\t\t\t\t\t\t\t\t\t\t\t\t\t<img fetchpriority=\"high\" decoding=\"async\" width=\"1275\" height=\"717\" src=\"https:\/\/profinrg.nl\/wp-content\/uploads\/2024\/01\/Aldi-brussche.jpeg\" class=\"attachment-full size-full wp-image-36327\" alt=\"D\u00e4cher und Sonnenkollektoren\" srcset=\"https:\/\/profinrg.nl\/wp-content\/uploads\/2024\/01\/Aldi-brussche.jpeg 1275w, https:\/\/profinrg.nl\/wp-content\/uploads\/2024\/01\/Aldi-brussche-300x169.jpeg 300w, https:\/\/profinrg.nl\/wp-content\/uploads\/2024\/01\/Aldi-brussche-1024x576.jpeg 1024w, https:\/\/profinrg.nl\/wp-content\/uploads\/2024\/01\/Aldi-brussche-768x432.jpeg 768w\" sizes=\"(max-width: 1275px) 100vw, 1275px\" title=\"\">\t\t\t\t\t\t\t\t\t\t\t\t\t\t\t<\/div>\n\t\t\t\t<\/div>\n\t\t\t\t\t<\/div>\n\t\t<\/div>\n\t\t\t\t<div class=\"elementor-column elementor-col-25 elementor-top-column elementor-element elementor-element-2572c2d6\" data-id=\"2572c2d6\" data-element_type=\"column\" data-e-type=\"column\">\n\t\t\t<div class=\"elementor-widget-wrap elementor-element-populated\">\n\t\t\t\t\t\t<section class=\"elementor-section elementor-inner-section elementor-element elementor-element-628548fb elementor-section-boxed elementor-section-height-default elementor-section-height-default\" data-id=\"628548fb\" data-element_type=\"section\" data-e-type=\"section\">\n\t\t\t\t\t\t<div class=\"elementor-container elementor-column-gap-default\">\n\t\t\t\t\t<div class=\"elementor-column elementor-col-100 elementor-inner-column elementor-element elementor-element-20f8b24b\" data-id=\"20f8b24b\" data-element_type=\"column\" data-e-type=\"column\" data-settings=\"{&quot;background_background&quot;:&quot;classic&quot;}\">\n\t\t\t<div class=\"elementor-widget-wrap elementor-element-populated\">\n\t\t\t\t\t\t<div class=\"elementor-element elementor-element-21e2e836 elementor-widget elementor-widget-spacer\" data-id=\"21e2e836\" data-element_type=\"widget\" data-e-type=\"widget\" data-widget_type=\"spacer.default\">\n\t\t\t\t<div class=\"elementor-widget-container\">\n\t\t\t\t\t\t\t<div class=\"elementor-spacer\">\n\t\t\t<div class=\"elementor-spacer-inner\"><\/div>\n\t\t<\/div>\n\t\t\t\t\t\t<\/div>\n\t\t\t\t<\/div>\n\t\t\t\t\t<\/div>\n\t\t<\/div>\n\t\t\t\t\t<\/div>\n\t\t<\/section>\n\t\t\t\t<section class=\"elementor-section elementor-inner-section elementor-element elementor-element-31ed70b elementor-section-boxed elementor-section-height-default elementor-section-height-default\" data-id=\"31ed70b\" data-element_type=\"section\" data-e-type=\"section\">\n\t\t\t\t\t\t<div class=\"elementor-container elementor-column-gap-default\">\n\t\t\t\t\t<div class=\"elementor-column elementor-col-100 elementor-inner-column elementor-element elementor-element-78e0c1da\" data-id=\"78e0c1da\" data-element_type=\"column\" data-e-type=\"column\" data-settings=\"{&quot;background_background&quot;:&quot;classic&quot;}\">\n\t\t\t<div class=\"elementor-widget-wrap elementor-element-populated\">\n\t\t\t\t\t\t<div class=\"elementor-element elementor-element-483fad79 elementor-widget elementor-widget-spacer\" data-id=\"483fad79\" data-element_type=\"widget\" data-e-type=\"widget\" data-widget_type=\"spacer.default\">\n\t\t\t\t<div class=\"elementor-widget-container\">\n\t\t\t\t\t\t\t<div class=\"elementor-spacer\">\n\t\t\t<div class=\"elementor-spacer-inner\"><\/div>\n\t\t<\/div>\n\t\t\t\t\t\t<\/div>\n\t\t\t\t<\/div>\n\t\t\t\t\t<\/div>\n\t\t<\/div>\n\t\t\t\t\t<\/div>\n\t\t<\/section>\n\t\t\t\t\t<\/div>\n\t\t<\/div>\n\t\t\t\t<div class=\"elementor-column elementor-col-50 elementor-top-column elementor-element elementor-element-544c772f\" data-id=\"544c772f\" data-element_type=\"column\" data-e-type=\"column\">\n\t\t\t<div class=\"elementor-widget-wrap elementor-element-populated\">\n\t\t\t\t\t\t<div class=\"elementor-element elementor-element-49959f80 jkit-equal-height-disable elementor-widget elementor-widget-jkit_icon_box\" data-id=\"49959f80\" data-element_type=\"widget\" data-e-type=\"widget\" data-widget_type=\"jkit_icon_box.default\">\n\t\t\t\t<div class=\"elementor-widget-container\">\n\t\t\t\t\t<div  class=\"jeg-elementor-kit jkit-icon-box icon-position-left elementor-animation- jeg_module__1_69f0c1ee61792\" ><div class=\"jkit-icon-box-wrapper hover-from-left\"><div class=\"icon-box icon-box-body\">\n                <h2 class=\"title\">Vorteile von Sonnenkollektoren<\/h2><p class=\"icon-box-description\">Die Kombination von D\u00e4chern und Sonnenkollektoren bietet gro\u00dfe Vorteile:\n\n<b>Flachd\u00e4cher:\u00a0<\/b>Die Strukturen k\u00f6nnen einfach auf D\u00e4chern mit der besten Ausrichtung und dem besten Neigungswinkel f\u00fcr eine optimale Leistung platziert werden.\n<b>Unsichtbar:\u00a0<\/b>Auf den D\u00e4chern von Unternehmen sind die Solarmodule oft unsichtbar.\n<b>Wenig Schatten:\u00a0<\/b>Auf D\u00e4chern fangen Sonnenkollektoren in vielen F\u00e4llen die maximale Lichtmenge ein.\n<b>Leichtes Gewicht:<\/b> Auf D\u00e4chern mit geringer statischer Belastbarkeit verwenden wir spezielle Befestigungssysteme und Leichtbauplatten, so dass die Platten trotzdem montiert werden k\u00f6nnen.\n<b>Gro\u00dfe Oberfl\u00e4che:<\/b>\u00a0Es kann eine gro\u00dfe Installation realisiert werden.\n\nProfiNRG ist ein renommierter Installateur von gro\u00dfen Solaranlagen. Wir arbeiten direkt im Auftrag von Gro\u00dfunternehmen, Regierungen, Landwirten, Bau- und Installationsfirmen und Projektentwicklern. Wir k\u00f6nnen Ihre Anlage schnell und professionell anschlie\u00dfen, da wir \u00fcber eigenes (Hebe-)Material und kurze Kommunikationswege zu Lieferanten und Subunternehmern verf\u00fcgen. \n<\/p>\n            <\/div>\n            \n            <\/div><\/div>\t\t\t\t<\/div>\n\t\t\t\t<\/div>\n\t\t\t\t<section class=\"elementor-section elementor-inner-section elementor-element elementor-element-4a92ff3 elementor-section-full_width elementor-section-height-default elementor-section-height-default\" data-id=\"4a92ff3\" data-element_type=\"section\" data-e-type=\"section\">\n\t\t\t\t\t\t<div class=\"elementor-container elementor-column-gap-default\">\n\t\t\t\t\t<div class=\"elementor-column elementor-col-100 elementor-inner-column elementor-element elementor-element-61749b3c\" data-id=\"61749b3c\" data-element_type=\"column\" data-e-type=\"column\">\n\t\t\t<div class=\"elementor-widget-wrap elementor-element-populated\">\n\t\t\t\t\t\t<div class=\"elementor-element elementor-element-574715d elementor-align-left elementor-widget elementor-widget-elementskit-button\" data-id=\"574715d\" data-element_type=\"widget\" data-e-type=\"widget\" data-widget_type=\"elementskit-button.default\">\n\t\t\t\t<div class=\"elementor-widget-container\">\n\t\t\t\t\t<div class=\"ekit-wid-con\" >\t\t<div class=\"ekit-btn-wraper\">\n\t\t\t\t\t\t\t<a href=\"\/de\/angebot\/\" class=\"elementskit-btn  whitespace--normal\" id=\"\">\n\t\t\t\t\tBitte rufen Sie mich zur\u00fcck<i class=\"icon icon-arrow-right\"><\/i>\t\t\t\t<\/a>\n\t\t\t\t\t<\/div>\n        <\/div>\t\t\t\t<\/div>\n\t\t\t\t<\/div>\n\t\t\t\t<div class=\"elementor-element elementor-element-62a5697 elementor-align-left elementor-widget elementor-widget-elementskit-button\" data-id=\"62a5697\" data-element_type=\"widget\" data-e-type=\"widget\" data-widget_type=\"elementskit-button.default\">\n\t\t\t\t<div class=\"elementor-widget-container\">\n\t\t\t\t\t<div class=\"ekit-wid-con\" >\t\t<div class=\"ekit-btn-wraper\">\n\t\t\t\t\t\t\t<a href=\"\/de\/angebot\/\" class=\"elementskit-btn  whitespace--normal\" id=\"\">\n\t\t\t\t\tAngebot anfordern<i class=\"icon icon-arrow-right\"><\/i>\t\t\t\t<\/a>\n\t\t\t\t\t<\/div>\n        <\/div>\t\t\t\t<\/div>\n\t\t\t\t<\/div>\n\t\t\t\t<div class=\"elementor-element elementor-element-8338c5a elementor-align-left elementor-widget elementor-widget-elementskit-button\" data-id=\"8338c5a\" data-element_type=\"widget\" data-e-type=\"widget\" data-widget_type=\"elementskit-button.default\">\n\t\t\t\t<div class=\"elementor-widget-container\">\n\t\t\t\t\t<div class=\"ekit-wid-con\" >\t\t<div class=\"ekit-btn-wraper\">\n\t\t\t\t\t\t\t<a href=\"https:\/\/calendly.com\/profinrg\/adviesgesprek\" target=\"_blank\" class=\"elementskit-btn  whitespace--normal\" id=\"\" rel=\"noopener\">\n\t\t\t\t\tVereinbaren Sie ein unverbindliches Beratungsgespr\u00e4ch<i class=\"icon icon-arrow-right\"><\/i>\t\t\t\t<\/a>\n\t\t\t\t\t<\/div>\n        <\/div>\t\t\t\t<\/div>\n\t\t\t\t<\/div>\n\t\t\t\t\t<\/div>\n\t\t<\/div>\n\t\t\t\t\t<\/div>\n\t\t<\/section>\n\t\t\t\t\t<\/div>\n\t\t<\/div>\n\t\t\t\t\t<\/div>\n\t\t<\/section>\n\t\t\t\t<section class=\"elementor-section elementor-top-section elementor-element elementor-element-52605eb elementor-section-boxed elementor-section-height-default elementor-section-height-default\" data-id=\"52605eb\" data-element_type=\"section\" data-e-type=\"section\">\n\t\t\t\t\t\t<div class=\"elementor-container elementor-column-gap-default\">\n\t\t\t\t\t<div class=\"elementor-column elementor-col-100 elementor-top-column elementor-element elementor-element-b44e68c\" data-id=\"b44e68c\" data-element_type=\"column\" data-e-type=\"column\">\n\t\t\t<div class=\"elementor-widget-wrap elementor-element-populated\">\n\t\t\t\t\t\t<div class=\"elementor-element elementor-element-1433162 elementor-widget elementor-widget-spacer\" data-id=\"1433162\" data-element_type=\"widget\" data-e-type=\"widget\" data-widget_type=\"spacer.default\">\n\t\t\t\t<div class=\"elementor-widget-container\">\n\t\t\t\t\t\t\t<div class=\"elementor-spacer\">\n\t\t\t<div class=\"elementor-spacer-inner\"><\/div>\n\t\t<\/div>\n\t\t\t\t\t\t<\/div>\n\t\t\t\t<\/div>\n\t\t\t\t\t<\/div>\n\t\t<\/div>\n\t\t\t\t\t<\/div>\n\t\t<\/section>\n\t\t\t\t<section class=\"elementor-section elementor-top-section elementor-element elementor-element-7be50b44 elementor-section-boxed elementor-section-height-default elementor-section-height-default\" data-id=\"7be50b44\" data-element_type=\"section\" data-e-type=\"section\">\n\t\t\t\t\t\t<div class=\"elementor-container elementor-column-gap-default\">\n\t\t\t\t\t<div class=\"elementor-column elementor-col-100 elementor-top-column elementor-element elementor-element-10f5956\" data-id=\"10f5956\" data-element_type=\"column\" data-e-type=\"column\">\n\t\t\t<div class=\"elementor-widget-wrap elementor-element-populated\">\n\t\t\t\t\t\t<div class=\"elementor-element elementor-element-59ac81c5 elementor-widget elementor-widget-spacer\" data-id=\"59ac81c5\" data-element_type=\"widget\" data-e-type=\"widget\" data-widget_type=\"spacer.default\">\n\t\t\t\t<div class=\"elementor-widget-container\">\n\t\t\t\t\t\t\t<div class=\"elementor-spacer\">\n\t\t\t<div class=\"elementor-spacer-inner\"><\/div>\n\t\t<\/div>\n\t\t\t\t\t\t<\/div>\n\t\t\t\t<\/div>\n\t\t\t\t\t<\/div>\n\t\t<\/div>\n\t\t\t\t\t<\/div>\n\t\t<\/section>\n\t\t\t\t<section class=\"elementor-section elementor-top-section elementor-element elementor-element-3f83a9c elementor-section-boxed elementor-section-height-default elementor-section-height-default\" data-id=\"3f83a9c\" data-element_type=\"section\" data-e-type=\"section\" data-settings=\"{&quot;background_background&quot;:&quot;classic&quot;}\">\n\t\t\t\t\t\t<div class=\"elementor-container elementor-column-gap-default\">\n\t\t\t\t\t<div class=\"elementor-column elementor-col-50 elementor-top-column elementor-element elementor-element-9e61f4d\" data-id=\"9e61f4d\" data-element_type=\"column\" data-e-type=\"column\">\n\t\t\t<div class=\"elementor-widget-wrap elementor-element-populated\">\n\t\t\t\t\t\t<div class=\"elementor-element elementor-element-7ca50ed elementor-widget elementor-widget-image\" data-id=\"7ca50ed\" data-element_type=\"widget\" data-e-type=\"widget\" data-widget_type=\"image.default\">\n\t\t\t\t<div class=\"elementor-widget-container\">\n\t\t\t\t\t\t\t\t\t\t\t\t\t\t\t<img decoding=\"async\" width=\"800\" height=\"800\" src=\"https:\/\/profinrg.nl\/wp-content\/uploads\/2024\/04\/Profinrg-Portertten-raam-deel-2-14-1024x1024.jpg\" class=\"attachment-large size-large wp-image-38048\" alt=\"\" srcset=\"https:\/\/profinrg.nl\/wp-content\/uploads\/2024\/04\/Profinrg-Portertten-raam-deel-2-14-1024x1024.jpg 1024w, https:\/\/profinrg.nl\/wp-content\/uploads\/2024\/04\/Profinrg-Portertten-raam-deel-2-14-300x300.jpg 300w, https:\/\/profinrg.nl\/wp-content\/uploads\/2024\/04\/Profinrg-Portertten-raam-deel-2-14-150x150.jpg 150w, https:\/\/profinrg.nl\/wp-content\/uploads\/2024\/04\/Profinrg-Portertten-raam-deel-2-14-768x768.jpg 768w, https:\/\/profinrg.nl\/wp-content\/uploads\/2024\/04\/Profinrg-Portertten-raam-deel-2-14-12x12.jpg 12w, https:\/\/profinrg.nl\/wp-content\/uploads\/2024\/04\/Profinrg-Portertten-raam-deel-2-14.jpg 1275w\" sizes=\"(max-width: 800px) 100vw, 800px\" title=\"\">\t\t\t\t\t\t\t\t\t\t\t\t\t\t\t<\/div>\n\t\t\t\t<\/div>\n\t\t\t\t<div class=\"elementor-element elementor-element-7492966 elementor-hidden-mobile elementor-hidden-tablet elementor-widget elementor-widget-spacer\" data-id=\"7492966\" data-element_type=\"widget\" data-e-type=\"widget\" data-widget_type=\"spacer.default\">\n\t\t\t\t<div class=\"elementor-widget-container\">\n\t\t\t\t\t\t\t<div class=\"elementor-spacer\">\n\t\t\t<div class=\"elementor-spacer-inner\"><\/div>\n\t\t<\/div>\n\t\t\t\t\t\t<\/div>\n\t\t\t\t<\/div>\n\t\t\t\t\t<\/div>\n\t\t<\/div>\n\t\t\t\t<div class=\"elementor-column elementor-col-50 elementor-top-column elementor-element elementor-element-86e6893\" data-id=\"86e6893\" data-element_type=\"column\" data-e-type=\"column\">\n\t\t\t<div class=\"elementor-widget-wrap elementor-element-populated\">\n\t\t\t\t\t\t<div class=\"elementor-element elementor-element-392fb20 elementor-widget elementor-widget-elementskit-heading\" data-id=\"392fb20\" data-element_type=\"widget\" data-e-type=\"widget\" data-widget_type=\"elementskit-heading.default\">\n\t\t\t\t<div class=\"elementor-widget-container\">\n\t\t\t\t\t<div class=\"ekit-wid-con\" ><div class=\"ekit-heading elementskit-section-title-wraper text_left   ekit_heading_tablet-   ekit_heading_mobile-\"><h3 class=\"elementskit-section-subtitle\">\n\t\t\t\t\t\tNachhaltigkeit durch ein Solarstromsystem?\n\t\t\t\t\t<\/h3><h2 class=\"ekit-heading--title elementskit-section-title\">und sind Sie interessiert?<\/h2><\/div><\/div>\t\t\t\t<\/div>\n\t\t\t\t<\/div>\n\t\t\t\t<div class=\"elementor-element elementor-element-91de3e9 elementor-widget elementor-widget-text-editor\" data-id=\"91de3e9\" data-element_type=\"widget\" data-e-type=\"widget\" data-widget_type=\"text-editor.default\">\n\t\t\t\t<div class=\"elementor-widget-container\">\n\t\t\t\t\t\t\t\t\t<p>Wenden Sie sich direkt an unsere Abteilung Verkauf unter\u00a0<a href=\"tel:030%20341%2009%2090\">030-3410990<\/a>\u00a0<br \/>oder per E-Mail an\u00a0<a href=\"mailto:bas@profinrg.com\">bas@profinrg.com<\/a><strong>.<\/strong>\u00a0<\/p><p><strong>Wir denken gerne mit Ihnen zusammen \u00fcber intelligente L\u00f6sungen nach!\u00a0<\/strong><\/p><p>Folgen Sie uns auch auf <strong><a href=\"https:\/\/www.linkedin.com\/company\/profinrg\" target=\"_blank\" rel=\"noopener\">LinkedIn<\/a><\/strong>.\u00a0<\/p>\t\t\t\t\t\t\t\t<\/div>\n\t\t\t\t<\/div>\n\t\t\t\t\t<\/div>\n\t\t<\/div>\n\t\t\t\t\t<\/div>\n\t\t<\/section>\n\t\t\t\t<section class=\"elementor-section elementor-top-section elementor-element elementor-element-2e828d5f elementor-section-boxed elementor-section-height-default elementor-section-height-default\" data-id=\"2e828d5f\" data-element_type=\"section\" data-e-type=\"section\">\n\t\t\t\t\t\t<div class=\"elementor-container elementor-column-gap-default\">\n\t\t\t\t\t<div class=\"elementor-column elementor-col-100 elementor-top-column elementor-element elementor-element-2f337113\" data-id=\"2f337113\" data-element_type=\"column\" data-e-type=\"column\">\n\t\t\t<div class=\"elementor-widget-wrap elementor-element-populated\">\n\t\t\t\t\t\t<div class=\"elementor-element elementor-element-51fbb670 elementor-widget elementor-widget-spacer\" data-id=\"51fbb670\" data-element_type=\"widget\" data-e-type=\"widget\" data-widget_type=\"spacer.default\">\n\t\t\t\t<div class=\"elementor-widget-container\">\n\t\t\t\t\t\t\t<div class=\"elementor-spacer\">\n\t\t\t<div class=\"elementor-spacer-inner\"><\/div>\n\t\t<\/div>\n\t\t\t\t\t\t<\/div>\n\t\t\t\t<\/div>\n\t\t\t\t\t<\/div>\n\t\t<\/div>\n\t\t\t\t\t<\/div>\n\t\t<\/section>\n\t\t\t\t<\/div>","protected":false},"excerpt":{"rendered":"<p>Daken en zonnepanelen De ideale combinatie Gedurende het jaar wordt veel stroom verbruikt in een bedrijfspand. Voordeel is dat u veel dakoppervlak heeft dat mogelijk ingezet kan worden voor zonnepanelen, om zo flink te besparen op uw energiekosten. Denk daarnaast aan extra belastingaftrek en SDE++ subsidie, en zonnepanelen blijken ineens dichterbij dan gedacht. Ook voor [&hellip;]<\/p>\n","protected":false},"author":9,"featured_media":0,"parent":26062,"menu_order":0,"comment_status":"closed","ping_status":"closed","template":"","meta":{"footnotes":""},"class_list":["post-26137","page","type-page","status-publish","hentry"],"_links":{"self":[{"href":"https:\/\/profinrg.nl\/de\/wp-json\/wp\/v2\/pages\/26137","targetHints":{"allow":["GET"]}}],"collection":[{"href":"https:\/\/profinrg.nl\/de\/wp-json\/wp\/v2\/pages"}],"about":[{"href":"https:\/\/profinrg.nl\/de\/wp-json\/wp\/v2\/types\/page"}],"author":[{"embeddable":true,"href":"https:\/\/profinrg.nl\/de\/wp-json\/wp\/v2\/users\/9"}],"replies":[{"embeddable":true,"href":"https:\/\/profinrg.nl\/de\/wp-json\/wp\/v2\/comments?post=26137"}],"version-history":[{"count":0,"href":"https:\/\/profinrg.nl\/de\/wp-json\/wp\/v2\/pages\/26137\/revisions"}],"up":[{"embeddable":true,"href":"https:\/\/profinrg.nl\/de\/wp-json\/wp\/v2\/pages\/26062"}],"wp:attachment":[{"href":"https:\/\/profinrg.nl\/de\/wp-json\/wp\/v2\/media?parent=26137"}],"curies":[{"name":"wp","href":"https:\/\/api.w.org\/{rel}","templated":true}]}}