{"id":26151,"date":"2022-08-08T14:59:54","date_gmt":"2022-08-08T14:59:54","guid":{"rendered":"http:\/\/profinrg.nl\/?page_id=26151"},"modified":"2025-06-05T08:15:05","modified_gmt":"2025-06-05T08:15:05","slug":"finanzierung","status":"publish","type":"page","link":"https:\/\/profinrg.nl\/de\/oplossingen\/financiering\/","title":{"rendered":"Finanzierung"},"content":{"rendered":"<div data-elementor-type=\"wp-page\" data-elementor-id=\"26151\" class=\"elementor elementor-26151\" data-elementor-post-type=\"page\">\n\t\t\t\t\t\t<section class=\"elementor-section elementor-top-section elementor-element elementor-element-2c7041a6 elementor-section-boxed elementor-section-height-default elementor-section-height-default\" data-id=\"2c7041a6\" data-element_type=\"section\" data-e-type=\"section\">\n\t\t\t\t\t\t<div class=\"elementor-container elementor-column-gap-default\">\n\t\t\t\t\t<div class=\"elementor-column elementor-col-100 elementor-top-column elementor-element elementor-element-6e4c96b1\" data-id=\"6e4c96b1\" data-element_type=\"column\" data-e-type=\"column\">\n\t\t\t<div class=\"elementor-widget-wrap elementor-element-populated\">\n\t\t\t\t\t\t<div class=\"elementor-element elementor-element-12e17319 elementor-widget elementor-widget-spacer\" data-id=\"12e17319\" data-element_type=\"widget\" data-e-type=\"widget\" data-widget_type=\"spacer.default\">\n\t\t\t\t<div class=\"elementor-widget-container\">\n\t\t\t\t\t\t\t<div class=\"elementor-spacer\">\n\t\t\t<div class=\"elementor-spacer-inner\"><\/div>\n\t\t<\/div>\n\t\t\t\t\t\t<\/div>\n\t\t\t\t<\/div>\n\t\t\t\t\t<\/div>\n\t\t<\/div>\n\t\t\t\t\t<\/div>\n\t\t<\/section>\n\t\t\t\t<section class=\"elementor-section elementor-top-section elementor-element elementor-element-1b4d2f68 elementor-section-boxed elementor-section-height-default elementor-section-height-default\" data-id=\"1b4d2f68\" data-element_type=\"section\" data-e-type=\"section\">\n\t\t\t\t\t\t<div class=\"elementor-container elementor-column-gap-default\">\n\t\t\t\t\t<div class=\"elementor-column elementor-col-50 elementor-top-column elementor-element elementor-element-4ffbc527\" data-id=\"4ffbc527\" data-element_type=\"column\" data-e-type=\"column\" data-settings=\"{&quot;background_background&quot;:&quot;classic&quot;}\">\n\t\t\t<div class=\"elementor-widget-wrap\">\n\t\t\t\t\t\t\t<\/div>\n\t\t<\/div>\n\t\t\t\t<div class=\"elementor-column elementor-col-50 elementor-top-column elementor-element elementor-element-b1292fb\" data-id=\"b1292fb\" data-element_type=\"column\" data-e-type=\"column\">\n\t\t\t<div class=\"elementor-widget-wrap elementor-element-populated\">\n\t\t\t\t\t\t<div class=\"elementor-element elementor-element-3a03f504 elementor-widget elementor-widget-heading\" data-id=\"3a03f504\" data-element_type=\"widget\" data-e-type=\"widget\" data-widget_type=\"heading.default\">\n\t\t\t\t<div class=\"elementor-widget-container\">\n\t\t\t\t\t<h2 class=\"elementor-heading-title elementor-size-default\">Finanzierung: Sonnenkollektoren ohne Investitionen genie\u00dfen<\/h2>\t\t\t\t<\/div>\n\t\t\t\t<\/div>\n\t\t\t\t<div class=\"elementor-element elementor-element-5db22edd elementor-widget elementor-widget-text-editor\" data-id=\"5db22edd\" data-element_type=\"widget\" data-e-type=\"widget\" data-widget_type=\"text-editor.default\">\n\t\t\t\t<div class=\"elementor-widget-container\">\n\t\t\t\t\t\t\t\t\t<p>ProfiNRG hat sich mit ZonHub zusammengetan, um eine attraktive Finanzierungsm\u00f6glichkeit anzubieten f\u00fcr Projekte von 25.000 bis 1.000.000 Euro. Bei dieser Form der Finanzierung sind Sie der direkte wirtschaftliche Eigent\u00fcmer der Solarmodule.<\/p>\t\t\t\t\t\t\t\t<\/div>\n\t\t\t\t<\/div>\n\t\t\t\t<div class=\"elementor-element elementor-element-12d5d125 elementor-widget elementor-widget-text-editor\" data-id=\"12d5d125\" data-element_type=\"widget\" data-e-type=\"widget\" data-widget_type=\"text-editor.default\">\n\t\t\t\t<div class=\"elementor-widget-container\">\n\t\t\t\t\t\t\t\t\t<p>Sie profitieren von Anfang an von niedrigeren Energiekosten und Steuervorteilen. Wir \u00fcbernehmen die Anschaffungskosten f\u00fcr die Solaranlage. So bleibt Ihr Betriebskapital f\u00fcr andere Investitionen verf\u00fcgbar und Sie k\u00f6nnen schnell auf neue Gegebenheiten reagieren.<\/p><ul><li>Finanziell attraktiver denn je<\/li><li>Pachtvertrag mit einer Laufzeit von 15 Jahren f\u00fcr Solar und 10 Jahren f\u00fcr Energiespeicher<\/li><li>100 % f\u00fcr Photovoltaikanlagen inklusive Dach- oder Netzverst\u00e4rkung<\/li><li>90% des Kaufwertes f\u00fcr Energiespeicher inkl. Trafoanpassungen, Fundament und Garantieverl\u00e4ngerung<\/li><li>Der P\u00e4chter kann Steuervorteile aus Mehrwertsteuer, Abschreibung und Investitionsabzug in Anspruch nehmen<\/li><li>Fester monatlicher Betrag, der unter der SDE liegt<\/li><li>Ihr Betriebskapital bleibt verf\u00fcgbar.<\/li><\/ul>\t\t\t\t\t\t\t\t<\/div>\n\t\t\t\t<\/div>\n\t\t\t\t<div class=\"elementor-element elementor-element-37cc6ae8 elementor-align-left elementor-widget elementor-widget-elementskit-button\" data-id=\"37cc6ae8\" data-element_type=\"widget\" data-e-type=\"widget\" data-widget_type=\"elementskit-button.default\">\n\t\t\t\t<div class=\"elementor-widget-container\">\n\t\t\t\t\t<div class=\"ekit-wid-con\" >\t\t<div class=\"ekit-btn-wraper\">\n\t\t\t\t\t\t\t<a href=\"\/de\/losungen\/\" class=\"elementskit-btn  whitespace--normal\" id=\"\">\n\t\t\t\t\tZur\u00fcck zu den L\u00f6sungen<i class=\"jki jki-arrow-right-solid\"><\/i>\t\t\t\t<\/a>\n\t\t\t\t\t<\/div>\n        <\/div>\t\t\t\t<\/div>\n\t\t\t\t<\/div>\n\t\t\t\t\t<\/div>\n\t\t<\/div>\n\t\t\t\t\t<\/div>\n\t\t<\/section>\n\t\t\t\t<section class=\"elementor-section elementor-top-section elementor-element elementor-element-7cf6c52d elementor-section-boxed elementor-section-height-default elementor-section-height-default\" data-id=\"7cf6c52d\" data-element_type=\"section\" data-e-type=\"section\">\n\t\t\t\t\t\t<div class=\"elementor-container elementor-column-gap-default\">\n\t\t\t\t\t<div class=\"elementor-column elementor-col-100 elementor-top-column elementor-element elementor-element-60242ac6\" data-id=\"60242ac6\" data-element_type=\"column\" data-e-type=\"column\">\n\t\t\t<div class=\"elementor-widget-wrap elementor-element-populated\">\n\t\t\t\t\t\t<div class=\"elementor-element elementor-element-7d2cc46d elementor-widget elementor-widget-spacer\" data-id=\"7d2cc46d\" data-element_type=\"widget\" data-e-type=\"widget\" data-widget_type=\"spacer.default\">\n\t\t\t\t<div class=\"elementor-widget-container\">\n\t\t\t\t\t\t\t<div class=\"elementor-spacer\">\n\t\t\t<div class=\"elementor-spacer-inner\"><\/div>\n\t\t<\/div>\n\t\t\t\t\t\t<\/div>\n\t\t\t\t<\/div>\n\t\t\t\t\t<\/div>\n\t\t<\/div>\n\t\t\t\t\t<\/div>\n\t\t<\/section>\n\t\t\t\t<section class=\"elementor-section elementor-top-section elementor-element elementor-element-66e1619f elementor-section-boxed elementor-section-height-default elementor-section-height-default\" data-id=\"66e1619f\" data-element_type=\"section\" data-e-type=\"section\" data-settings=\"{&quot;background_background&quot;:&quot;classic&quot;}\">\n\t\t\t\t\t\t<div class=\"elementor-container elementor-column-gap-default\">\n\t\t\t\t\t<div class=\"elementor-column elementor-col-50 elementor-top-column elementor-element elementor-element-646c7425\" data-id=\"646c7425\" data-element_type=\"column\" data-e-type=\"column\">\n\t\t\t<div class=\"elementor-widget-wrap elementor-element-populated\">\n\t\t\t\t\t\t<div class=\"elementor-element elementor-element-0bbeede elementor-widget elementor-widget-image\" data-id=\"0bbeede\" data-element_type=\"widget\" data-e-type=\"widget\" data-widget_type=\"image.default\">\n\t\t\t\t<div class=\"elementor-widget-container\">\n\t\t\t\t\t\t\t\t\t\t\t\t\t\t\t<img decoding=\"async\" src=\"http:\/\/profinrg.nl\/wp-content\/uploads\/2024\/02\/Luco.jpg\" title=\"\" alt=\"Portraitfoto\" loading=\"lazy\">\t\t\t\t\t\t\t\t\t\t\t\t\t\t\t<\/div>\n\t\t\t\t<\/div>\n\t\t\t\t\t<\/div>\n\t\t<\/div>\n\t\t\t\t<div class=\"elementor-column elementor-col-50 elementor-top-column elementor-element elementor-element-e17ba95\" data-id=\"e17ba95\" data-element_type=\"column\" data-e-type=\"column\">\n\t\t\t<div class=\"elementor-widget-wrap elementor-element-populated\">\n\t\t\t\t\t\t<div class=\"elementor-element elementor-element-115a5a73 elementor-widget elementor-widget-elementskit-heading\" data-id=\"115a5a73\" data-element_type=\"widget\" data-e-type=\"widget\" data-widget_type=\"elementskit-heading.default\">\n\t\t\t\t<div class=\"elementor-widget-container\">\n\t\t\t\t\t<div class=\"ekit-wid-con\" ><div class=\"ekit-heading elementskit-section-title-wraper text_left   ekit_heading_tablet-   ekit_heading_mobile-\"><h3 class=\"elementskit-section-subtitle\">\n\t\t\t\t\t\tNachhaltigkeit durch ein Solarstromsystem?\n\t\t\t\t\t<\/h3><h2 class=\"ekit-heading--title elementskit-section-title\">Sind Sie an einer Finanzierung interessiert?<\/h2><\/div><\/div>\t\t\t\t<\/div>\n\t\t\t\t<\/div>\n\t\t\t\t<div class=\"elementor-element elementor-element-25b66e41 elementor-widget elementor-widget-text-editor\" data-id=\"25b66e41\" data-element_type=\"widget\" data-e-type=\"widget\" data-widget_type=\"text-editor.default\">\n\t\t\t\t<div class=\"elementor-widget-container\">\n\t\t\t\t\t\t\t\t\t<p>Dann kontaktieren Sie unsere Verkaufsabteilung\nunter <br \/>\u00fcber <strong><a href=\"tel:030 341 09 90\">+030 265 85 12<\/a> <\/strong>oder per E-Mail an <strong><a href=\"mailto:sales@profinrg.com\" target=\"_blank\" rel=\"noopener\">sales@profinrg.com<\/a>.<\/strong> <br \/>Wir denken gerne mit Ihnen zusammen \u00fcber intelligente L\u00f6sungen nach. <br \/>Folgen Sie uns auch auf <strong><a href=\"https:\/\/www.linkedin.com\/company\/profinrg\" target=\"_blank\" rel=\"noopener\">LinkedIn<\/a><\/strong>.\u00a0<\/p>\t\t\t\t\t\t\t\t<\/div>\n\t\t\t\t<\/div>\n\t\t\t\t\t<\/div>\n\t\t<\/div>\n\t\t\t\t\t<\/div>\n\t\t<\/section>\n\t\t\t\t<section class=\"elementor-section elementor-top-section elementor-element elementor-element-33bdaf8d elementor-section-boxed elementor-section-height-default elementor-section-height-default\" data-id=\"33bdaf8d\" data-element_type=\"section\" data-e-type=\"section\">\n\t\t\t\t\t\t<div class=\"elementor-container elementor-column-gap-default\">\n\t\t\t\t\t<div class=\"elementor-column elementor-col-100 elementor-top-column elementor-element elementor-element-583301e5\" data-id=\"583301e5\" data-element_type=\"column\" data-e-type=\"column\">\n\t\t\t<div class=\"elementor-widget-wrap elementor-element-populated\">\n\t\t\t\t\t\t<div class=\"elementor-element elementor-element-65078bbb elementor-widget elementor-widget-spacer\" data-id=\"65078bbb\" data-element_type=\"widget\" data-e-type=\"widget\" data-widget_type=\"spacer.default\">\n\t\t\t\t<div class=\"elementor-widget-container\">\n\t\t\t\t\t\t\t<div class=\"elementor-spacer\">\n\t\t\t<div class=\"elementor-spacer-inner\"><\/div>\n\t\t<\/div>\n\t\t\t\t\t\t<\/div>\n\t\t\t\t<\/div>\n\t\t\t\t\t<\/div>\n\t\t<\/div>\n\t\t\t\t\t<\/div>\n\t\t<\/section>\n\t\t\t\t<\/div>","protected":false},"excerpt":{"rendered":"<p>Financiering: geniet van zonnepanelen, zonder investering ProfiNRG heeft een partnerschap met ZonHub voor een aantrekkelijke financiering van projecten tussen \u20ac 25.000 en \u20ac 1.000.000. Bij deze financieringsvorm ben je direct economisch eigenaar van de zonnepanelen. Vanaf de start profiteer je van lagere energiekosten en de fiscale voordelen. Wij betalen de aanschafkosten van het zonnestroomsysteem. Zo [&hellip;]<\/p>\n","protected":false},"author":9,"featured_media":0,"parent":26062,"menu_order":0,"comment_status":"closed","ping_status":"closed","template":"","meta":{"footnotes":""},"class_list":["post-26151","page","type-page","status-publish","hentry"],"_links":{"self":[{"href":"https:\/\/profinrg.nl\/de\/wp-json\/wp\/v2\/pages\/26151","targetHints":{"allow":["GET"]}}],"collection":[{"href":"https:\/\/profinrg.nl\/de\/wp-json\/wp\/v2\/pages"}],"about":[{"href":"https:\/\/profinrg.nl\/de\/wp-json\/wp\/v2\/types\/page"}],"author":[{"embeddable":true,"href":"https:\/\/profinrg.nl\/de\/wp-json\/wp\/v2\/users\/9"}],"replies":[{"embeddable":true,"href":"https:\/\/profinrg.nl\/de\/wp-json\/wp\/v2\/comments?post=26151"}],"version-history":[{"count":0,"href":"https:\/\/profinrg.nl\/de\/wp-json\/wp\/v2\/pages\/26151\/revisions"}],"up":[{"embeddable":true,"href":"https:\/\/profinrg.nl\/de\/wp-json\/wp\/v2\/pages\/26062"}],"wp:attachment":[{"href":"https:\/\/profinrg.nl\/de\/wp-json\/wp\/v2\/media?parent=26151"}],"curies":[{"name":"wp","href":"https:\/\/api.w.org\/{rel}","templated":true}]}}