{"id":26152,"date":"2022-08-08T14:59:42","date_gmt":"2022-08-08T14:59:42","guid":{"rendered":"http:\/\/profinrg.nl\/?page_id=26152"},"modified":"2025-09-09T11:29:04","modified_gmt":"2025-09-09T11:29:04","slug":"solar-carports","status":"publish","type":"page","link":"https:\/\/profinrg.nl\/de\/oplossingen\/solar-carports\/","title":{"rendered":"Solar-Carports"},"content":{"rendered":"<div data-elementor-type=\"wp-page\" data-elementor-id=\"26152\" class=\"elementor elementor-26152\" data-elementor-post-type=\"page\">\n\t\t\t\t\t\t<section class=\"elementor-section elementor-top-section elementor-element elementor-element-3b66f4c2 elementor-hidden-tablet elementor-hidden-mobile elementor-section-boxed elementor-section-height-default elementor-section-height-default\" data-id=\"3b66f4c2\" data-element_type=\"section\" data-e-type=\"section\" data-settings=\"{&quot;background_background&quot;:&quot;gradient&quot;}\">\n\t\t\t\t\t\t<div class=\"elementor-container elementor-column-gap-default\">\n\t\t\t\t\t<div class=\"elementor-column elementor-col-100 elementor-top-column elementor-element elementor-element-7602f3ee\" data-id=\"7602f3ee\" data-element_type=\"column\" data-e-type=\"column\">\n\t\t\t<div class=\"elementor-widget-wrap elementor-element-populated\">\n\t\t\t\t\t\t<div class=\"elementor-element elementor-element-2fe0e248 elementor-widget elementor-widget-spacer\" data-id=\"2fe0e248\" data-element_type=\"widget\" data-e-type=\"widget\" data-widget_type=\"spacer.default\">\n\t\t\t\t<div class=\"elementor-widget-container\">\n\t\t\t\t\t\t\t<div class=\"elementor-spacer\">\n\t\t\t<div class=\"elementor-spacer-inner\"><\/div>\n\t\t<\/div>\n\t\t\t\t\t\t<\/div>\n\t\t\t\t<\/div>\n\t\t\t\t\t<\/div>\n\t\t<\/div>\n\t\t\t\t\t<\/div>\n\t\t<\/section>\n\t\t\t\t<section class=\"elementor-section elementor-top-section elementor-element elementor-element-29b45ebd elementor-reverse-tablet elementor-reverse-mobile elementor-section-boxed elementor-section-height-default elementor-section-height-default\" data-id=\"29b45ebd\" data-element_type=\"section\" data-e-type=\"section\" data-settings=\"{&quot;background_background&quot;:&quot;classic&quot;}\">\n\t\t\t\t\t\t<div class=\"elementor-container elementor-column-gap-default\">\n\t\t\t\t\t<div class=\"elementor-column elementor-col-25 elementor-top-column elementor-element elementor-element-587fbd48\" data-id=\"587fbd48\" data-element_type=\"column\" data-e-type=\"column\">\n\t\t\t<div class=\"elementor-widget-wrap elementor-element-populated\">\n\t\t\t\t\t\t<div class=\"elementor-element elementor-element-59800844 elementor-widget elementor-widget-image\" data-id=\"59800844\" data-element_type=\"widget\" data-e-type=\"widget\" data-widget_type=\"image.default\">\n\t\t\t\t<div class=\"elementor-widget-container\">\n\t\t\t\t\t\t\t\t\t\t\t\t\t\t\t<img fetchpriority=\"high\" decoding=\"async\" width=\"431\" height=\"251\" src=\"https:\/\/profinrg.nl\/wp-content\/uploads\/2022\/07\/carport-e1640270841607.png\" class=\"attachment-large size-large wp-image-23868\" alt=\"Solar-Carport Zuschuss f\u00fcr Solarzellen auf Parkpl\u00e4tzen\" srcset=\"https:\/\/profinrg.nl\/wp-content\/uploads\/2022\/07\/carport-e1640270841607.png 431w, https:\/\/profinrg.nl\/wp-content\/uploads\/2022\/07\/carport-e1640270841607-300x175.png 300w\" sizes=\"(max-width: 431px) 100vw, 431px\" title=\"\">\t\t\t\t\t\t\t\t\t\t\t\t\t\t\t<\/div>\n\t\t\t\t<\/div>\n\t\t\t\t\t<\/div>\n\t\t<\/div>\n\t\t\t\t<div class=\"elementor-column elementor-col-25 elementor-top-column elementor-element elementor-element-4807b186\" data-id=\"4807b186\" data-element_type=\"column\" data-e-type=\"column\">\n\t\t\t<div class=\"elementor-widget-wrap elementor-element-populated\">\n\t\t\t\t\t\t<section class=\"elementor-section elementor-inner-section elementor-element elementor-element-3257fb6b elementor-section-boxed elementor-section-height-default elementor-section-height-default\" data-id=\"3257fb6b\" data-element_type=\"section\" data-e-type=\"section\">\n\t\t\t\t\t\t<div class=\"elementor-container elementor-column-gap-default\">\n\t\t\t\t\t<div class=\"elementor-column elementor-col-100 elementor-inner-column elementor-element elementor-element-31cdd18a\" data-id=\"31cdd18a\" data-element_type=\"column\" data-e-type=\"column\" data-settings=\"{&quot;background_background&quot;:&quot;classic&quot;}\">\n\t\t\t<div class=\"elementor-widget-wrap elementor-element-populated\">\n\t\t\t\t\t\t<div class=\"elementor-element elementor-element-7f1bcdee elementor-widget elementor-widget-spacer\" data-id=\"7f1bcdee\" data-element_type=\"widget\" data-e-type=\"widget\" data-widget_type=\"spacer.default\">\n\t\t\t\t<div class=\"elementor-widget-container\">\n\t\t\t\t\t\t\t<div class=\"elementor-spacer\">\n\t\t\t<div class=\"elementor-spacer-inner\"><\/div>\n\t\t<\/div>\n\t\t\t\t\t\t<\/div>\n\t\t\t\t<\/div>\n\t\t\t\t\t<\/div>\n\t\t<\/div>\n\t\t\t\t\t<\/div>\n\t\t<\/section>\n\t\t\t\t<section class=\"elementor-section elementor-inner-section elementor-element elementor-element-26c8469b elementor-section-boxed elementor-section-height-default elementor-section-height-default\" data-id=\"26c8469b\" data-element_type=\"section\" data-e-type=\"section\">\n\t\t\t\t\t\t<div class=\"elementor-container elementor-column-gap-default\">\n\t\t\t\t\t<div class=\"elementor-column elementor-col-100 elementor-inner-column elementor-element elementor-element-782350be\" data-id=\"782350be\" data-element_type=\"column\" data-e-type=\"column\" data-settings=\"{&quot;background_background&quot;:&quot;classic&quot;}\">\n\t\t\t<div class=\"elementor-widget-wrap elementor-element-populated\">\n\t\t\t\t\t\t<div class=\"elementor-element elementor-element-7603661c elementor-widget elementor-widget-spacer\" data-id=\"7603661c\" data-element_type=\"widget\" data-e-type=\"widget\" data-widget_type=\"spacer.default\">\n\t\t\t\t<div class=\"elementor-widget-container\">\n\t\t\t\t\t\t\t<div class=\"elementor-spacer\">\n\t\t\t<div class=\"elementor-spacer-inner\"><\/div>\n\t\t<\/div>\n\t\t\t\t\t\t<\/div>\n\t\t\t\t<\/div>\n\t\t\t\t\t<\/div>\n\t\t<\/div>\n\t\t\t\t\t<\/div>\n\t\t<\/section>\n\t\t\t\t\t<\/div>\n\t\t<\/div>\n\t\t\t\t<div class=\"elementor-column elementor-col-50 elementor-top-column elementor-element elementor-element-3b645c\" data-id=\"3b645c\" data-element_type=\"column\" data-e-type=\"column\">\n\t\t\t<div class=\"elementor-widget-wrap elementor-element-populated\">\n\t\t\t\t\t\t<div class=\"elementor-element elementor-element-5260f3ec elementor-widget elementor-widget-jkit_heading\" data-id=\"5260f3ec\" data-element_type=\"widget\" data-e-type=\"widget\" data-widget_type=\"jkit_heading.default\">\n\t\t\t\t<div class=\"elementor-widget-container\">\n\t\t\t\t\t<div  class=\"jeg-elementor-kit jkit-heading  align-left align-tablet- align-mobile- jeg_module___69efa077ea682\" ><h1 class=\"heading-section-subtitle  style-color\">Solar-Carports<\/h1><div class=\"heading-section-title  display-inline-block\"><h2 class=\"heading-title\">Erschlie\u00dfen Sie die Kraft der Sonne <\/h2><\/div><\/div>\t\t\t\t<\/div>\n\t\t\t\t<\/div>\n\t\t\t\t<section class=\"elementor-section elementor-inner-section elementor-element elementor-element-486bfc19 elementor-section-boxed elementor-section-height-default elementor-section-height-default\" data-id=\"486bfc19\" data-element_type=\"section\" data-e-type=\"section\">\n\t\t\t\t\t\t<div class=\"elementor-container elementor-column-gap-default\">\n\t\t\t\t\t<div class=\"elementor-column elementor-col-100 elementor-inner-column elementor-element elementor-element-19ab9e29\" data-id=\"19ab9e29\" data-element_type=\"column\" data-e-type=\"column\">\n\t\t\t<div class=\"elementor-widget-wrap elementor-element-populated\">\n\t\t\t\t\t\t<div class=\"elementor-element elementor-element-77a6ce75 elementor-widget elementor-widget-text-editor\" data-id=\"77a6ce75\" data-element_type=\"widget\" data-e-type=\"widget\" data-widget_type=\"text-editor.default\">\n\t\t\t\t<div class=\"elementor-widget-container\">\n\t\t\t\t\t\t\t\t\t<p>Installation von <strong>Solar-Carports<\/strong> unter <strong>Stellpl\u00e4tze<\/strong> stellt eine <strong>gute Alternative<\/strong> F\u00fcr Solarenergie auf D\u00e4chern oder Grundst\u00fccken.\u00a0<\/p><p>Mehrere Provinzen f\u00f6rdern die Installation von <strong>Solar-Carports auf Parkpl\u00e4tzen. <\/strong>In den Provinzen Nord- und S\u00fcdholland und Overijssel gibt es beispielsweise spezielle Subventionsregelungen f\u00fcr den Kauf von PV-Paneelen in Kombination mit einer neu gebauten festen Struktur \u00fcber Parkpl\u00e4tzen;<\/p>\t\t\t\t\t\t\t\t<\/div>\n\t\t\t\t<\/div>\n\t\t\t\t\t<\/div>\n\t\t<\/div>\n\t\t\t\t\t<\/div>\n\t\t<\/section>\n\t\t\t\t<div class=\"elementor-element elementor-element-c597bef elementor-widget elementor-widget-video\" data-id=\"c597bef\" data-element_type=\"widget\" data-e-type=\"widget\" data-settings=\"{&quot;youtube_url&quot;:&quot;https:\\\/\\\/youtu.be\\\/wctwY_PvU-c&quot;,&quot;video_type&quot;:&quot;youtube&quot;,&quot;controls&quot;:&quot;yes&quot;}\" data-widget_type=\"video.default\">\n\t\t\t\t<div class=\"elementor-widget-container\">\n\t\t\t\t\t\t\t<div class=\"elementor-wrapper elementor-open-inline\">\n\t\t\t<div class=\"elementor-video\"><\/div>\t\t<\/div>\n\t\t\t\t\t\t<\/div>\n\t\t\t\t<\/div>\n\t\t\t\t<section class=\"elementor-section elementor-inner-section elementor-element elementor-element-64c7428 elementor-section-full_width elementor-section-height-default elementor-section-height-default\" data-id=\"64c7428\" data-element_type=\"section\" data-e-type=\"section\">\n\t\t\t\t\t\t<div class=\"elementor-container elementor-column-gap-default\">\n\t\t\t\t\t<div class=\"elementor-column elementor-col-100 elementor-inner-column elementor-element elementor-element-4bb652cb\" data-id=\"4bb652cb\" data-element_type=\"column\" data-e-type=\"column\">\n\t\t\t<div class=\"elementor-widget-wrap elementor-element-populated\">\n\t\t\t\t\t\t<div class=\"elementor-element elementor-element-79eac907 elementor-widget elementor-widget-jkit_button\" data-id=\"79eac907\" data-element_type=\"widget\" data-e-type=\"widget\" data-widget_type=\"jkit_button.default\">\n\t\t\t\t<div class=\"elementor-widget-container\">\n\t\t\t\t\t<div  class=\"jeg-elementor-kit jkit-button  icon-position-after jeg_module__1_69efa077eb259\" ><a href=\"\/de\/kontakt\/\" class=\"jkit-button-wrapper\">Bitte rufen Sie mich zur\u00fcck<i aria-hidden=\"true\" class=\"jki jki-right-arrow-light\"><\/i><\/a><\/div>\t\t\t\t<\/div>\n\t\t\t\t<\/div>\n\t\t\t\t\t<\/div>\n\t\t<\/div>\n\t\t\t\t\t<\/div>\n\t\t<\/section>\n\t\t\t\t\t<\/div>\n\t\t<\/div>\n\t\t\t\t\t<\/div>\n\t\t<\/section>\n\t\t\t\t<section class=\"elementor-section elementor-top-section elementor-element elementor-element-335e65c8 elementor-section-boxed elementor-section-height-default elementor-section-height-default\" data-id=\"335e65c8\" data-element_type=\"section\" data-e-type=\"section\">\n\t\t\t\t\t\t<div class=\"elementor-container elementor-column-gap-default\">\n\t\t\t\t\t<div class=\"elementor-column elementor-col-50 elementor-top-column elementor-element elementor-element-46481a73 elementor-hidden-mobile\" data-id=\"46481a73\" data-element_type=\"column\" data-e-type=\"column\" data-settings=\"{&quot;background_background&quot;:&quot;classic&quot;}\">\n\t\t\t<div class=\"elementor-widget-wrap\">\n\t\t\t\t\t\t\t<\/div>\n\t\t<\/div>\n\t\t\t\t<div class=\"elementor-column elementor-col-50 elementor-top-column elementor-element elementor-element-25fdcbe9\" data-id=\"25fdcbe9\" data-element_type=\"column\" data-e-type=\"column\">\n\t\t\t<div class=\"elementor-widget-wrap elementor-element-populated\">\n\t\t\t\t\t\t<div class=\"elementor-element elementor-element-13749a75 elementor-widget elementor-widget-heading\" data-id=\"13749a75\" data-element_type=\"widget\" data-e-type=\"widget\" data-widget_type=\"heading.default\">\n\t\t\t\t<div class=\"elementor-widget-container\">\n\t\t\t\t\t<h1 class=\"elementor-heading-title elementor-size-medium\">Solar-Carports<\/h1>\t\t\t\t<\/div>\n\t\t\t\t<\/div>\n\t\t\t\t<div class=\"elementor-element elementor-element-1c2b65c4 elementor-widget__width-initial jkit-equal-height-disable elementor-widget elementor-widget-jkit_icon_box\" data-id=\"1c2b65c4\" data-element_type=\"widget\" data-e-type=\"widget\" data-widget_type=\"jkit_icon_box.default\">\n\t\t\t\t<div class=\"elementor-widget-container\">\n\t\t\t\t\t<div  class=\"jeg-elementor-kit jkit-icon-box icon-position-left elementor-animation- jeg_module__2_69efa077ebc99\" ><div class=\"jkit-icon-box-wrapper hover-from-left\"><div class=\"icon-box icon-box-body\">\n                <h2 class=\"title\">Entdecken Sie die Vorteile von solarbetriebenen Parkpl\u00e4tzen<\/h2><p class=\"icon-box-description\">\n<b>1. Effiziente Raumnutzung<\/b>\nUnsere Solar-Carports werden auf bestehenden Parkpl\u00e4tzen installiert, so dass kein wertvoller Platz verloren geht.<br>\n\n<b>2. Geringere Kosten<\/b>\nParkplatz\u00fcberdachungen mit Sonnenkollektoren minimieren nicht nur die Auswirkungen auf die Umwelt, sondern auch Ihre Energiekosten. Dies f\u00fchrt zu erheblichen Einsparungen sowohl f\u00fcr Unternehmen als auch f\u00fcr Wohngeb\u00e4ude.<br>\n\n<b>3. Flexibel und anpassungsf\u00e4hig<\/b>\nUnsere Solar-Carports sind flexibel in Bezug auf Winkel, Form, Gr\u00f6\u00dfe und Farbe und passen sich so perfekt an Ihre spezifischen Bed\u00fcrfnisse und \u00e4sthetischen Vorlieben an. Dar\u00fcber hinaus k\u00f6nnen wir problemlos Ladeanschl\u00fcsse f\u00fcr Elektrofahrzeuge (EV) integrieren, was eine zus\u00e4tzliche Funktionsebene darstellt.<br>\n\n<b>4. Leicht zu warten<\/b>\nDie Pflege Ihres Parkplatzes wird mit unseren Solar-Carports erheblich einfacher. Sie helfen, Regen und Schnee von den Fahrzeugen abzuhalten und verl\u00e4ngern so die Lebensdauer Ihres Parkplatzes. Dar\u00fcber hinaus sind die Solarmodule selbst wartungsarm, was zu einer problemlosen und kosteng\u00fcnstigen L\u00f6sung f\u00fchrt.<br>\n\n<b>5. Komfort<\/b>\nDie Autos Ihrer Besucher oder Mitarbeiter sind \u00fcberdacht und \u00fcberhitzen daher nicht.\n\nW\u00e4hlen Sie <b>Nachhaltigkeit, Effizienz<\/b> und <b>Kosteneinsparung<\/b> mit unseren Solar-Carports! Kontaktieren Sie uns noch heute f\u00fcr weitere Informationen.\n<\/p>\n            <\/div>\n            \n            <\/div><\/div>\t\t\t\t<\/div>\n\t\t\t\t<\/div>\n\t\t\t\t<div class=\"elementor-element elementor-element-d8cf142 elementor-align-left elementor-align--mobileleft elementor-widget__width-initial elementor-widget elementor-widget-elementskit-button\" data-id=\"d8cf142\" data-element_type=\"widget\" data-e-type=\"widget\" data-widget_type=\"elementskit-button.default\">\n\t\t\t\t<div class=\"elementor-widget-container\">\n\t\t\t\t\t<div class=\"ekit-wid-con\" >\t\t<div class=\"ekit-btn-wraper\">\n\t\t\t\t\t\t\t<a href=\"https:\/\/calendly.com\/profinrg\/adviesgesprek\" class=\"elementskit-btn  whitespace--normal\" id=\"\" target=\"_blank\" rel=\"noopener\">\n\t\t\t\t\tKostenlose Beratung<i class=\"icon icon-arrow-right\"><\/i>\t\t\t\t<\/a>\n\t\t\t\t\t<\/div>\n        <\/div>\t\t\t\t<\/div>\n\t\t\t\t<\/div>\n\t\t\t\t<div class=\"elementor-element elementor-element-3cb34a0 elementor-align-left elementor-align--mobileleft elementor-widget__width-initial elementor-widget elementor-widget-elementskit-button\" data-id=\"3cb34a0\" data-element_type=\"widget\" data-e-type=\"widget\" data-widget_type=\"elementskit-button.default\">\n\t\t\t\t<div class=\"elementor-widget-container\">\n\t\t\t\t\t<div class=\"ekit-wid-con\" >\t\t<div class=\"ekit-btn-wraper\">\n\t\t\t\t\t\t\t<a href=\"\/de\/angebot\/\" class=\"elementskit-btn  whitespace--normal\" id=\"\">\n\t\t\t\t\tAngebot anfordern<i class=\"icon icon-arrow-right\"><\/i>\t\t\t\t<\/a>\n\t\t\t\t\t<\/div>\n        <\/div>\t\t\t\t<\/div>\n\t\t\t\t<\/div>\n\t\t\t\t\t<\/div>\n\t\t<\/div>\n\t\t\t\t\t<\/div>\n\t\t<\/section>\n\t\t\t\t<section class=\"elementor-section elementor-top-section elementor-element elementor-element-2924fcb elementor-section-boxed elementor-section-height-default elementor-section-height-default\" data-id=\"2924fcb\" data-element_type=\"section\" data-e-type=\"section\">\n\t\t\t\t\t\t<div class=\"elementor-container elementor-column-gap-default\">\n\t\t\t\t\t<div class=\"elementor-column elementor-col-100 elementor-top-column elementor-element elementor-element-5502744\" data-id=\"5502744\" data-element_type=\"column\" data-e-type=\"column\">\n\t\t\t<div class=\"elementor-widget-wrap elementor-element-populated\">\n\t\t\t\t\t\t<div class=\"elementor-element elementor-element-23aaf30 elementor-blockquote--skin-quotation elementor-widget elementor-widget-blockquote\" data-id=\"23aaf30\" data-element_type=\"widget\" data-e-type=\"widget\" data-widget_type=\"blockquote.default\">\n\t\t\t\t<div class=\"elementor-widget-container\">\n\t\t\t\t\t\t\t<blockquote class=\"elementor-blockquote\">\n\t\t\t<p class=\"elementor-blockquote__content\">\n\t\t\t\tF\u00fcr unsere Solarcarports arbeiten wir mit Frisomat zusammen, einem erfahrenen Familienunternehmen, das weltweit hochwertige Stahlkonstruktionen liefert. Ihr kreisf\u00f6rmiges und modulares Konstruktionssystem, das 30 % leichter und 50 % kompakter ist als herk\u00f6mmliche Konstruktionen, erm\u00f6glicht eine schnelle und kosteng\u00fcnstige Montage. Dar\u00fcber hinaus bietet Frisomat einen vollst\u00e4ndig integrierten Prozess: vom Entwurf bis zur Montage, alles aus einer Hand. Die vorgefertigten Tragstrukturen f\u00fcr Solarmodule sind flexibel, langlebig und zukunftssicher - ideal f\u00fcr unsere Solar-Carport-Anwendungen.\u201d\t\t\t<\/p>\n\t\t\t\t\t\t\t<div class=\"e-q-footer\">\n\t\t\t\t\t\t\t\t\t\t\t<cite class=\"elementor-blockquote__author\">Luco Brouwer<\/cite>\n\t\t\t\t\t\t\t\t\t\t\t\t\t\t<\/div>\n\t\t\t\t\t<\/blockquote>\n\t\t\t\t\t\t<\/div>\n\t\t\t\t<\/div>\n\t\t\t\t\t<\/div>\n\t\t<\/div>\n\t\t\t\t\t<\/div>\n\t\t<\/section>\n\t\t\t\t<section class=\"elementor-section elementor-top-section elementor-element elementor-element-16fc38c0 elementor-section-boxed elementor-section-height-default elementor-section-height-default\" data-id=\"16fc38c0\" data-element_type=\"section\" data-e-type=\"section\">\n\t\t\t\t\t\t<div class=\"elementor-container elementor-column-gap-default\">\n\t\t\t\t\t<div class=\"elementor-column elementor-col-100 elementor-top-column elementor-element elementor-element-7bbcb1f2\" data-id=\"7bbcb1f2\" data-element_type=\"column\" data-e-type=\"column\">\n\t\t\t<div class=\"elementor-widget-wrap elementor-element-populated\">\n\t\t\t\t\t\t<div class=\"elementor-element elementor-element-46f76f14 elementor-widget elementor-widget-spacer\" data-id=\"46f76f14\" data-element_type=\"widget\" data-e-type=\"widget\" data-widget_type=\"spacer.default\">\n\t\t\t\t<div class=\"elementor-widget-container\">\n\t\t\t\t\t\t\t<div class=\"elementor-spacer\">\n\t\t\t<div class=\"elementor-spacer-inner\"><\/div>\n\t\t<\/div>\n\t\t\t\t\t\t<\/div>\n\t\t\t\t<\/div>\n\t\t\t\t\t<\/div>\n\t\t<\/div>\n\t\t\t\t\t<\/div>\n\t\t<\/section>\n\t\t\t\t<section class=\"elementor-section elementor-top-section elementor-element elementor-element-412a3a11 elementor-section-boxed elementor-section-height-default elementor-section-height-default\" data-id=\"412a3a11\" data-element_type=\"section\" data-e-type=\"section\" data-settings=\"{&quot;background_background&quot;:&quot;classic&quot;}\">\n\t\t\t\t\t\t<div class=\"elementor-container elementor-column-gap-default\">\n\t\t\t\t\t<div class=\"elementor-column elementor-col-50 elementor-top-column elementor-element elementor-element-6740569c\" data-id=\"6740569c\" data-element_type=\"column\" data-e-type=\"column\">\n\t\t\t<div class=\"elementor-widget-wrap elementor-element-populated\">\n\t\t\t\t\t\t<div class=\"elementor-element elementor-element-cddcd73 elementor-widget elementor-widget-image\" data-id=\"cddcd73\" data-element_type=\"widget\" data-e-type=\"widget\" data-widget_type=\"image.default\">\n\t\t\t\t<div class=\"elementor-widget-container\">\n\t\t\t\t\t\t\t\t\t\t\t\t\t\t\t<img decoding=\"async\" width=\"800\" height=\"800\" src=\"https:\/\/profinrg.nl\/wp-content\/uploads\/2023\/09\/Luco-2-1024x1024.jpg\" class=\"attachment-large size-large wp-image-34492\" alt=\"Foto von Luco Brouwer\" srcset=\"https:\/\/profinrg.nl\/wp-content\/uploads\/2023\/09\/Luco-2-1024x1024.jpg 1024w, https:\/\/profinrg.nl\/wp-content\/uploads\/2023\/09\/Luco-2-300x300.jpg 300w, https:\/\/profinrg.nl\/wp-content\/uploads\/2023\/09\/Luco-2-150x150.jpg 150w, https:\/\/profinrg.nl\/wp-content\/uploads\/2023\/09\/Luco-2-768x768.jpg 768w, https:\/\/profinrg.nl\/wp-content\/uploads\/2023\/09\/Luco-2.jpg 1275w\" sizes=\"(max-width: 800px) 100vw, 800px\" title=\"\">\t\t\t\t\t\t\t\t\t\t\t\t\t\t\t<\/div>\n\t\t\t\t<\/div>\n\t\t\t\t<div class=\"elementor-element elementor-element-4170870 elementor-widget elementor-widget-spacer\" data-id=\"4170870\" data-element_type=\"widget\" data-e-type=\"widget\" data-widget_type=\"spacer.default\">\n\t\t\t\t<div class=\"elementor-widget-container\">\n\t\t\t\t\t\t\t<div class=\"elementor-spacer\">\n\t\t\t<div class=\"elementor-spacer-inner\"><\/div>\n\t\t<\/div>\n\t\t\t\t\t\t<\/div>\n\t\t\t\t<\/div>\n\t\t\t\t\t<\/div>\n\t\t<\/div>\n\t\t\t\t<div class=\"elementor-column elementor-col-50 elementor-top-column elementor-element elementor-element-59eb323\" data-id=\"59eb323\" data-element_type=\"column\" data-e-type=\"column\">\n\t\t\t<div class=\"elementor-widget-wrap elementor-element-populated\">\n\t\t\t\t\t\t<div class=\"elementor-element elementor-element-51998475 elementor-widget elementor-widget-elementskit-heading\" data-id=\"51998475\" data-element_type=\"widget\" data-e-type=\"widget\" data-widget_type=\"elementskit-heading.default\">\n\t\t\t\t<div class=\"elementor-widget-container\">\n\t\t\t\t\t<div class=\"ekit-wid-con\" ><div class=\"ekit-heading elementskit-section-title-wraper text_left   ekit_heading_tablet-   ekit_heading_mobile-\"><h3 class=\"elementskit-section-subtitle\">\n\t\t\t\t\t\tUnsere L\u00f6sung spricht Sie an und Sie haben\n\t\t\t\t\t<\/h3><h2 class=\"ekit-heading--title elementskit-section-title\">Interested?<\/h2><\/div><\/div>\t\t\t\t<\/div>\n\t\t\t\t<\/div>\n\t\t\t\t<div class=\"elementor-element elementor-element-2271e13b elementor-widget elementor-widget-text-editor\" data-id=\"2271e13b\" data-element_type=\"widget\" data-e-type=\"widget\" data-widget_type=\"text-editor.default\">\n\t\t\t\t<div class=\"elementor-widget-container\">\n\t\t\t\t\t\t\t\t\t<p>Wenden Sie sich direkt an unsere Abteilung Verkauf unter +31-(0)30-265 8512 <strong><a href=\"tel:030 341 09 90\">+0303410990<\/a><\/strong>\u00a0oder per E-Mail an <strong><a href=\"mailto:luco@profinrg.nl\" target=\"_blank\" rel=\"noopener\">sales@profinrg.com<\/a>.<\/strong> <br \/>Wir denken gerne mit Ihnen zusammen \u00fcber intelligente L\u00f6sungen nach.<\/p><p>Folgen Sie uns auch auf <strong><a href=\"https:\/\/www.linkedin.com\/company\/profinrg\" target=\"_blank\" rel=\"noopener\">LinkedIn<\/a><\/strong>.\u00a0<\/p>\t\t\t\t\t\t\t\t<\/div>\n\t\t\t\t<\/div>\n\t\t\t\t\t<\/div>\n\t\t<\/div>\n\t\t\t\t\t<\/div>\n\t\t<\/section>\n\t\t\t\t<section class=\"elementor-section elementor-top-section elementor-element elementor-element-acd23b0 elementor-section-boxed elementor-section-height-default elementor-section-height-default\" data-id=\"acd23b0\" data-element_type=\"section\" data-e-type=\"section\">\n\t\t\t\t\t\t<div class=\"elementor-container elementor-column-gap-default\">\n\t\t\t\t\t<div class=\"elementor-column elementor-col-100 elementor-top-column elementor-element elementor-element-624ff7f2\" data-id=\"624ff7f2\" data-element_type=\"column\" data-e-type=\"column\">\n\t\t\t<div class=\"elementor-widget-wrap elementor-element-populated\">\n\t\t\t\t\t\t<div class=\"elementor-element elementor-element-42a915b0 elementor-widget elementor-widget-spacer\" data-id=\"42a915b0\" data-element_type=\"widget\" data-e-type=\"widget\" data-widget_type=\"spacer.default\">\n\t\t\t\t<div class=\"elementor-widget-container\">\n\t\t\t\t\t\t\t<div class=\"elementor-spacer\">\n\t\t\t<div class=\"elementor-spacer-inner\"><\/div>\n\t\t<\/div>\n\t\t\t\t\t\t<\/div>\n\t\t\t\t<\/div>\n\t\t\t\t\t<\/div>\n\t\t<\/div>\n\t\t\t\t\t<\/div>\n\t\t<\/section>\n\t\t\t\t<\/div>","protected":false},"excerpt":{"rendered":"<p>Solar Carports Ontgrendel de kracht van de zon Het installeren van solar carports op parkeerplaatsen vormt een goed alternatief voor zonne-energie op daken of land.\u00a0 Verschillende provincies stimuleren het installeren van solar carports op parkeerterreinen. Zo hebben de provincies Noord en Zuid-holland en Overijssel speciale subsidieregelingen voor de aanschaf van PV-panelen in combinatie met een [&hellip;]<\/p>\n","protected":false},"author":9,"featured_media":0,"parent":26062,"menu_order":0,"comment_status":"closed","ping_status":"closed","template":"","meta":{"footnotes":""},"class_list":["post-26152","page","type-page","status-publish","hentry"],"_links":{"self":[{"href":"https:\/\/profinrg.nl\/de\/wp-json\/wp\/v2\/pages\/26152","targetHints":{"allow":["GET"]}}],"collection":[{"href":"https:\/\/profinrg.nl\/de\/wp-json\/wp\/v2\/pages"}],"about":[{"href":"https:\/\/profinrg.nl\/de\/wp-json\/wp\/v2\/types\/page"}],"author":[{"embeddable":true,"href":"https:\/\/profinrg.nl\/de\/wp-json\/wp\/v2\/users\/9"}],"replies":[{"embeddable":true,"href":"https:\/\/profinrg.nl\/de\/wp-json\/wp\/v2\/comments?post=26152"}],"version-history":[{"count":0,"href":"https:\/\/profinrg.nl\/de\/wp-json\/wp\/v2\/pages\/26152\/revisions"}],"up":[{"embeddable":true,"href":"https:\/\/profinrg.nl\/de\/wp-json\/wp\/v2\/pages\/26062"}],"wp:attachment":[{"href":"https:\/\/profinrg.nl\/de\/wp-json\/wp\/v2\/media?parent=26152"}],"curies":[{"name":"wp","href":"https:\/\/api.w.org\/{rel}","templated":true}]}}