{"id":30856,"date":"2023-01-03T12:38:15","date_gmt":"2023-01-03T12:38:15","guid":{"rendered":"http:\/\/profinrg.nl\/?page_id=30856"},"modified":"2025-02-18T08:16:53","modified_gmt":"2025-02-18T08:16:53","slug":"bedingungen-und-konditionen","status":"publish","type":"page","link":"https:\/\/profinrg.nl\/de\/algemene-voorwaarden\/","title":{"rendered":"Algemene voorwaarden"},"content":{"rendered":"<div data-elementor-type=\"wp-page\" data-elementor-id=\"30856\" class=\"elementor elementor-30856\" data-elementor-post-type=\"page\">\n\t\t\t\t\t\t<section class=\"elementor-section elementor-top-section elementor-element elementor-element-7dd5afa3 elementor-section-boxed elementor-section-height-default elementor-section-height-default\" data-id=\"7dd5afa3\" data-element_type=\"section\" data-e-type=\"section\" data-settings=\"{&quot;background_background&quot;:&quot;classic&quot;}\">\n\t\t\t\t\t\t<div class=\"elementor-container elementor-column-gap-default\">\n\t\t\t\t\t<div class=\"elementor-column elementor-col-33 elementor-top-column elementor-element elementor-element-5d070164\" data-id=\"5d070164\" data-element_type=\"column\" data-e-type=\"column\">\n\t\t\t<div class=\"elementor-widget-wrap elementor-element-populated\">\n\t\t\t\t\t\t<div class=\"elementor-element elementor-element-402622c8 jkit-equal-height-disable elementor-widget elementor-widget-jkit_icon_box\" data-id=\"402622c8\" data-element_type=\"widget\" data-e-type=\"widget\" data-widget_type=\"jkit_icon_box.default\">\n\t\t\t\t<div class=\"elementor-widget-container\">\n\t\t\t\t\t<div  class=\"jeg-elementor-kit jkit-icon-box icon-position-left elementor-animation- jeg_module___69ef7e8121782\" ><div class=\"jkit-icon-box-wrapper hover-from-left\"><div class=\"icon-box icon-box-body\">\n                <h2 class=\"title\">Allgemeine Bedingungen und Disclaimer<\/h2><p class=\"icon-box-description\">Die Profinergy B.V., die unter dem Handelsnamen ProfiNRG auftritt, hat diese Website mit gro\u00dfer Sorgfalt zusammengestellt und gepflegt. Dennoch ist es m\u00f6glich, dass auf der Website Ungenauigkeiten und \/ oder Unzul\u00e4nglichkeiten auftreten. ProfiNRG \u00fcbernimmt keine Haftung f\u00fcr Sch\u00e4den, die sich aus diesen Ungenauigkeiten und\/oder Unzul\u00e4nglichkeiten ergeben, noch f\u00fcr Probleme, die durch die Nutzung oder Verbreitung dieser Informationen entstehen.\n\nDiese Website kann, unter anderem \u00fcber Links, auf Informationen verweisen, die von Dritten bereitgestellt oder angeboten werden. Der Inhalt dieser Informationen wird von ProfiNRG nicht auf Angemessenheit, Richtigkeit, Vollst\u00e4ndigkeit oder Aktualit\u00e4t gepr\u00fcft. Eine diesbez\u00fcgliche Haftung lehnen wir ausdr\u00fccklich ab.\n\nDer Besucher ist nur berechtigt, die online zur Verf\u00fcgung gestellten Informationen einzusehen und die angebotenen Funktionalit\u00e4ten zu nutzen. Ohne vorherige ausdr\u00fcckliche Genehmigung von ProfiNRG ist es nicht gestattet, Inhalte oder Funktionalit\u00e4ten in irgendeiner Weise zu kopieren, zu vervielf\u00e4ltigen oder zu ver\u00f6ffentlichen. Diese Website wurde in einer Vielzahl von Umgebungen getestet. Sollte die Website Ihrer Meinung nach nicht so funktionieren, wie sie sollte? Bitte z\u00f6gern Sie nicht, uns zu kontaktieren!\n\nInformationen, die per E-Mail oder \u00fcber diese Website \u00fcber das Internet an ProfiNRG gesendet werden, sind nicht sicher, sofern in der Datenschutzerkl\u00e4rung nicht anders angegeben. Der Inhalt einer Nachricht kann daher nicht als vertraulich angesehen werden und wird auf eigene Gefahr versandt.\n\nDiese Website, die Datenschutzerkl\u00e4rung und dieser Haftungsausschluss unterliegen dem niederl\u00e4ndischen Recht.<\/p>\n            <\/div>\n            \n            <\/div><\/div>\t\t\t\t<\/div>\n\t\t\t\t<\/div>\n\t\t\t\t\t<\/div>\n\t\t<\/div>\n\t\t\t\t<div class=\"elementor-column elementor-col-33 elementor-top-column elementor-element elementor-element-3ed83426\" data-id=\"3ed83426\" data-element_type=\"column\" data-e-type=\"column\">\n\t\t\t<div class=\"elementor-widget-wrap elementor-element-populated\">\n\t\t\t\t\t\t<section class=\"elementor-section elementor-inner-section elementor-element elementor-element-4b96bc88 elementor-section-height-min-height elementor-section-boxed elementor-section-height-default\" data-id=\"4b96bc88\" data-element_type=\"section\" data-e-type=\"section\">\n\t\t\t\t\t\t<div class=\"elementor-container elementor-column-gap-default\">\n\t\t\t\t\t<div class=\"elementor-column elementor-col-100 elementor-inner-column elementor-element elementor-element-6d6a6ab4\" data-id=\"6d6a6ab4\" data-element_type=\"column\" data-e-type=\"column\" data-settings=\"{&quot;background_background&quot;:&quot;classic&quot;}\">\n\t\t\t<div class=\"elementor-widget-wrap elementor-element-populated\">\n\t\t\t\t\t\t<div class=\"elementor-element elementor-element-501f14cf ekit-equal-height-enable elementor-widget elementor-widget-elementskit-icon-box\" data-id=\"501f14cf\" data-element_type=\"widget\" data-e-type=\"widget\" data-widget_type=\"elementskit-icon-box.default\">\n\t\t\t\t<div class=\"elementor-widget-container\">\n\t\t\t\t\t<div class=\"ekit-wid-con\" >        <!-- link opening -->\n                <a href=\"#\" class=\"ekit_global_links\">\n                <!-- end link opening -->\n\n        <div class=\"elementskit-infobox text-left text- icon-lef-right-aligin elementor-animation-\">\n                            <div class=\"elementskit-box-header\">\n                <div class=\"elementskit-info-box-icon text-center\">\n                    <img decoding=\"async\" src=\"\" title=\"\" alt=\"\" class=\"\">                <\/div>\n          <\/div>\n                <div class=\"box-body\">\n                                            <\/div>\n        \n        \n                <\/div>\n                <\/a>\n        <\/div>\t\t\t\t<\/div>\n\t\t\t\t<\/div>\n\t\t\t\t\t<\/div>\n\t\t<\/div>\n\t\t\t\t\t<\/div>\n\t\t<\/section>\n\t\t\t\t<section class=\"elementor-section elementor-inner-section elementor-element elementor-element-151d8350 elementor-section-height-min-height elementor-section-boxed elementor-section-height-default\" data-id=\"151d8350\" data-element_type=\"section\" data-e-type=\"section\">\n\t\t\t\t\t\t<div class=\"elementor-container elementor-column-gap-default\">\n\t\t\t\t\t<div class=\"elementor-column elementor-col-100 elementor-inner-column elementor-element elementor-element-26d63abe\" data-id=\"26d63abe\" data-element_type=\"column\" data-e-type=\"column\" data-settings=\"{&quot;background_background&quot;:&quot;classic&quot;}\">\n\t\t\t<div class=\"elementor-widget-wrap elementor-element-populated\">\n\t\t\t\t\t\t<div class=\"elementor-element elementor-element-9480483 ekit-equal-height-enable elementor-widget elementor-widget-elementskit-icon-box\" data-id=\"9480483\" data-element_type=\"widget\" data-e-type=\"widget\" data-widget_type=\"elementskit-icon-box.default\">\n\t\t\t\t<div class=\"elementor-widget-container\">\n\t\t\t\t\t<div class=\"ekit-wid-con\" >        <!-- link opening -->\n                <a href=\"#\" class=\"ekit_global_links\">\n                <!-- end link opening -->\n\n        <div class=\"elementskit-infobox text-left text- icon-lef-right-aligin elementor-animation-\">\n                        <div class=\"box-body\">\n                            <h3 class=\"elementskit-info-box-title\">\n                    EPC-Fachwissen                <\/h3>\n                        \t\t  \t<p>Wir k\u00fcmmern uns um den Betrieb und die Wartung dieser Solaranlagen.<\/p>\n                                <\/div>\n        \n        \n                <\/div>\n                <\/a>\n        <\/div>\t\t\t\t<\/div>\n\t\t\t\t<\/div>\n\t\t\t\t\t<\/div>\n\t\t<\/div>\n\t\t\t\t\t<\/div>\n\t\t<\/section>\n\t\t\t\t\t<\/div>\n\t\t<\/div>\n\t\t\t\t<div class=\"elementor-column elementor-col-33 elementor-top-column elementor-element elementor-element-1da8dcfb\" data-id=\"1da8dcfb\" data-element_type=\"column\" data-e-type=\"column\">\n\t\t\t<div class=\"elementor-widget-wrap elementor-element-populated\">\n\t\t\t\t\t\t<section class=\"elementor-section elementor-inner-section elementor-element elementor-element-15cc629d elementor-section-height-min-height elementor-section-boxed elementor-section-height-default\" data-id=\"15cc629d\" data-element_type=\"section\" data-e-type=\"section\">\n\t\t\t\t\t\t<div class=\"elementor-container elementor-column-gap-default\">\n\t\t\t\t\t<div class=\"elementor-column elementor-col-100 elementor-inner-column elementor-element elementor-element-76529d22\" data-id=\"76529d22\" data-element_type=\"column\" data-e-type=\"column\" data-settings=\"{&quot;background_background&quot;:&quot;classic&quot;}\">\n\t\t\t<div class=\"elementor-widget-wrap elementor-element-populated\">\n\t\t\t\t\t\t<div class=\"elementor-element elementor-element-61163004 ekit-equal-height-enable elementor-widget elementor-widget-elementskit-icon-box\" data-id=\"61163004\" data-element_type=\"widget\" data-e-type=\"widget\" data-widget_type=\"elementskit-icon-box.default\">\n\t\t\t\t<div class=\"elementor-widget-container\">\n\t\t\t\t\t<div class=\"ekit-wid-con\" >        <!-- link opening -->\n                <a href=\"#\" class=\"ekit_global_links\">\n                <!-- end link opening -->\n\n        <div class=\"elementskit-infobox text-left text- icon-lef-right-aligin elementor-animation-\">\n                        <div class=\"box-body\">\n                            <h3 class=\"elementskit-info-box-title\">\n                    Dach und Boden                <\/h3>\n                        \t\t  \t<p>Wir k\u00fcmmern uns um den Betrieb und die Wartung dieser Solaranlagen.<\/p>\n                                <\/div>\n        \n        \n                <\/div>\n                <\/a>\n        <\/div>\t\t\t\t<\/div>\n\t\t\t\t<\/div>\n\t\t\t\t\t<\/div>\n\t\t<\/div>\n\t\t\t\t\t<\/div>\n\t\t<\/section>\n\t\t\t\t<section class=\"elementor-section elementor-inner-section elementor-element elementor-element-5315bcbc elementor-section-height-min-height elementor-section-boxed elementor-section-height-default\" data-id=\"5315bcbc\" data-element_type=\"section\" data-e-type=\"section\">\n\t\t\t\t\t\t<div class=\"elementor-container elementor-column-gap-default\">\n\t\t\t\t\t<div class=\"elementor-column elementor-col-100 elementor-inner-column elementor-element elementor-element-5cd62228\" data-id=\"5cd62228\" data-element_type=\"column\" data-e-type=\"column\">\n\t\t\t<div class=\"elementor-widget-wrap elementor-element-populated\">\n\t\t\t\t\t\t<div class=\"elementor-element elementor-element-b694828 ekit-equal-height-enable elementor-widget elementor-widget-elementskit-icon-box\" data-id=\"b694828\" data-element_type=\"widget\" data-e-type=\"widget\" data-widget_type=\"elementskit-icon-box.default\">\n\t\t\t\t<div class=\"elementor-widget-container\">\n\t\t\t\t\t<div class=\"ekit-wid-con\" >        <!-- link opening -->\n                <a href=\"#\" class=\"ekit_global_links\">\n                <!-- end link opening -->\n\n        <div class=\"elementskit-infobox text-left text- icon-lef-right-aligin elementor-animation-\">\n                            <div class=\"elementskit-box-header\">\n                <div class=\"elementskit-info-box-icon text-center\">\n                    <img decoding=\"async\" src=\"\" title=\"\" alt=\"\" class=\"\">                <\/div>\n          <\/div>\n                <div class=\"box-body\">\n                                            <\/div>\n        \n        \n                <\/div>\n                <\/a>\n        <\/div>\t\t\t\t<\/div>\n\t\t\t\t<\/div>\n\t\t\t\t\t<\/div>\n\t\t<\/div>\n\t\t\t\t\t<\/div>\n\t\t<\/section>\n\t\t\t\t\t<\/div>\n\t\t<\/div>\n\t\t\t\t\t<\/div>\n\t\t<\/section>\n\t\t\t\t<section class=\"elementor-section elementor-top-section elementor-element elementor-element-1b4a4843 elementor-section-boxed elementor-section-height-default elementor-section-height-default\" data-id=\"1b4a4843\" data-element_type=\"section\" data-e-type=\"section\" data-settings=\"{&quot;background_background&quot;:&quot;classic&quot;}\">\n\t\t\t\t\t\t<div class=\"elementor-container elementor-column-gap-default\">\n\t\t\t\t\t<div class=\"elementor-column elementor-col-50 elementor-top-column elementor-element elementor-element-62e9841e elementor-hidden-tablet elementor-hidden-phone\" data-id=\"62e9841e\" data-element_type=\"column\" data-e-type=\"column\" data-settings=\"{&quot;background_background&quot;:&quot;classic&quot;}\">\n\t\t\t<div class=\"elementor-widget-wrap\">\n\t\t\t\t\t\t\t<\/div>\n\t\t<\/div>\n\t\t\t\t<div class=\"elementor-column elementor-col-50 elementor-top-column elementor-element elementor-element-2ffdeec3\" data-id=\"2ffdeec3\" data-element_type=\"column\" data-e-type=\"column\" data-settings=\"{&quot;background_background&quot;:&quot;classic&quot;}\">\n\t\t\t<div class=\"elementor-widget-wrap elementor-element-populated\">\n\t\t\t\t\t\t<div class=\"elementor-element elementor-element-60327708 elementor-widget__width-initial elementor-widget elementor-widget-text-editor\" data-id=\"60327708\" data-element_type=\"widget\" data-e-type=\"widget\" data-widget_type=\"text-editor.default\">\n\t\t\t\t<div class=\"elementor-widget-container\">\n\t\t\t\t\t\t\t\t\t<p>Alle unsere Lieferungen und Transaktionen unterliegen den allgemeinen Gesch\u00e4ftsbedingungen von Uneto-VNI.<\/p><ul><li style=\"list-style-type: none\"><ul><li><a href=\"http:\/\/profinrg.nl\/wp-content\/uploads\/2023\/01\/Algemene-voorwaarden-voor-leveringen-aan-installateurs-Profinergy-B.V-082020.pdf\" target=\"_blank\" rel=\"noopener\">Allgemeine Gesch\u00e4ftsbedingungen f\u00fcr Lieferungen an Installateure<\/a><\/li><li><a href=\"http:\/\/profinrg.nl\/wp-content\/uploads\/2024\/03\/ALIB-2024_Engels.pdf\" target=\"_blank\" rel=\"noopener\">Allgemeine Lieferbedingungen f\u00fcr Installationsbetriebe 2024 (alib2024)<\/a><\/li><li><a href=\"http:\/\/profinrg.nl\/wp-content\/uploads\/2025\/02\/Algemene-inkoopvoorwaarden-voor-leveringen-aan-en-werkzaamheden-voor-Profinergy-B.V-2312.pdf\" target=\"_blank\" rel=\"noopener\">Allgemeine Einkaufsbedingungen f\u00fcr Lieferungen an und Arbeiten f\u00fcr Profinergy BV<\/a><\/li><li><a href=\"http:\/\/profinrg.nl\/wp-content\/uploads\/2024\/04\/07-03-24-ProfiNRG-Duitse-vertaling-Beleidsverklaring-ProfiNRG-2022.pdf\" target=\"_blank\" rel=\"noopener\">ProfiNRG-Grundsatzpolitik<\/a><\/li><li><a href=\"http:\/\/profinrg.nl\/wp-content\/uploads\/2024\/04\/07-03-24-ProfiNRG-Duitse-vertaling-Privacybeleid-ProfiNRG-82020.pdf\" target=\"_blank\" rel=\"noopener\">ProfiNRG-Datenschutzpolitik<\/a><\/li><\/ul><\/li><\/ul><p>\u00a0<\/p>\t\t\t\t\t\t\t\t<\/div>\n\t\t\t\t<\/div>\n\t\t\t\t\t<\/div>\n\t\t<\/div>\n\t\t\t\t\t<\/div>\n\t\t<\/section>\n\t\t\t\t<\/div>","protected":false},"excerpt":{"rendered":"<p>Algemene voorwaarden en Disclaimer Profinergy B.V. opererend onder handelsnaam ProfiNRG heeft grote zorgvuldigheid in acht genomen bij het samenstellen en onderhouden van deze website. Het is niettemin mogelijk dat er in\/op de website onjuistheden en\/of onvolkomenheden voorkomen. ProfiNRG aanvaardt geen aansprakelijkheid voor schade als gevolg van deze onjuistheden en\/of onvolkomenheden, noch voor problemen die worden [&hellip;]<\/p>\n","protected":false},"author":9,"featured_media":0,"parent":0,"menu_order":0,"comment_status":"closed","ping_status":"closed","template":"","meta":{"footnotes":""},"class_list":["post-30856","page","type-page","status-publish","hentry"],"_links":{"self":[{"href":"https:\/\/profinrg.nl\/de\/wp-json\/wp\/v2\/pages\/30856","targetHints":{"allow":["GET"]}}],"collection":[{"href":"https:\/\/profinrg.nl\/de\/wp-json\/wp\/v2\/pages"}],"about":[{"href":"https:\/\/profinrg.nl\/de\/wp-json\/wp\/v2\/types\/page"}],"author":[{"embeddable":true,"href":"https:\/\/profinrg.nl\/de\/wp-json\/wp\/v2\/users\/9"}],"replies":[{"embeddable":true,"href":"https:\/\/profinrg.nl\/de\/wp-json\/wp\/v2\/comments?post=30856"}],"version-history":[{"count":0,"href":"https:\/\/profinrg.nl\/de\/wp-json\/wp\/v2\/pages\/30856\/revisions"}],"wp:attachment":[{"href":"https:\/\/profinrg.nl\/de\/wp-json\/wp\/v2\/media?parent=30856"}],"curies":[{"name":"wp","href":"https:\/\/api.w.org\/{rel}","templated":true}]}}