{"id":38129,"date":"2024-04-15T11:36:27","date_gmt":"2024-04-15T11:36:27","guid":{"rendered":"https:\/\/profinrg.nl\/?page_id=38129"},"modified":"2026-04-13T07:18:48","modified_gmt":"2026-04-13T07:18:48","slug":"tender-manager-sun-and-bess","status":"publish","type":"page","link":"https:\/\/profinrg.nl\/de\/vacatures\/tendermanager-zon-en-bess\/","title":{"rendered":"Tendermanager Zon en Bess"},"content":{"rendered":"<div data-elementor-type=\"wp-page\" data-elementor-id=\"38129\" class=\"elementor elementor-38129\" data-elementor-post-type=\"page\">\n\t\t\t\t\t\t<section class=\"elementor-section elementor-top-section elementor-element elementor-element-1f2e9eaf elementor-section-full_width elementor-section-height-default elementor-section-height-default\" data-id=\"1f2e9eaf\" data-element_type=\"section\" data-e-type=\"section\">\n\t\t\t\t\t\t<div class=\"elementor-container elementor-column-gap-default\">\n\t\t\t\t\t<div class=\"elementor-column elementor-col-100 elementor-top-column elementor-element elementor-element-117927b2\" data-id=\"117927b2\" data-element_type=\"column\" data-e-type=\"column\" data-settings=\"{&quot;background_background&quot;:&quot;classic&quot;}\">\n\t\t\t<div class=\"elementor-widget-wrap elementor-element-populated\">\n\t\t\t\t\t<div class=\"elementor-background-overlay\"><\/div>\n\t\t\t\t\t\t<div class=\"elementor-element elementor-element-1b18301 elementor-widget elementor-widget-image\" data-id=\"1b18301\" data-element_type=\"widget\" data-e-type=\"widget\" data-widget_type=\"image.default\">\n\t\t\t\t<div class=\"elementor-widget-container\">\n\t\t\t\t\t\t\t\t\t\t\t\t\t\t\t<img fetchpriority=\"high\" decoding=\"async\" width=\"1536\" height=\"1024\" src=\"https:\/\/profinrg.nl\/wp-content\/uploads\/2022\/09\/CB81D5168A1DE401C19226EFECDD8702-scalednoresize2-1536x1024.jpg\" class=\"attachment-1536x1536 size-1536x1536 wp-image-30307\" alt=\"Solarpark Zuidbroek im Bau durch ProfiNRG\" srcset=\"https:\/\/profinrg.nl\/wp-content\/uploads\/2022\/09\/CB81D5168A1DE401C19226EFECDD8702-scalednoresize2-1536x1024.jpg 1536w, https:\/\/profinrg.nl\/wp-content\/uploads\/2022\/09\/CB81D5168A1DE401C19226EFECDD8702-scalednoresize2-300x200.jpg 300w, https:\/\/profinrg.nl\/wp-content\/uploads\/2022\/09\/CB81D5168A1DE401C19226EFECDD8702-scalednoresize2-1024x682.jpg 1024w, https:\/\/profinrg.nl\/wp-content\/uploads\/2022\/09\/CB81D5168A1DE401C19226EFECDD8702-scalednoresize2-768x512.jpg 768w, https:\/\/profinrg.nl\/wp-content\/uploads\/2022\/09\/CB81D5168A1DE401C19226EFECDD8702-scalednoresize2.jpg 1916w\" sizes=\"(max-width: 1536px) 100vw, 1536px\" title=\"\">\t\t\t\t\t\t\t\t\t\t\t\t\t\t\t<\/div>\n\t\t\t\t<\/div>\n\t\t\t\t\t<\/div>\n\t\t<\/div>\n\t\t\t\t\t<\/div>\n\t\t<\/section>\n\t\t\t\t<section class=\"elementor-section elementor-top-section elementor-element elementor-element-2d515f6c elementor-section-boxed elementor-section-height-default elementor-section-height-default elementor-invisible\" data-id=\"2d515f6c\" data-element_type=\"section\" data-e-type=\"section\" data-settings=\"{&quot;animation&quot;:&quot;fadeInLeft&quot;}\">\n\t\t\t\t\t\t<div class=\"elementor-container elementor-column-gap-default\">\n\t\t\t\t\t<div class=\"elementor-column elementor-col-100 elementor-top-column elementor-element elementor-element-68fe0631\" data-id=\"68fe0631\" data-element_type=\"column\" data-e-type=\"column\">\n\t\t\t<div class=\"elementor-widget-wrap elementor-element-populated\">\n\t\t\t\t\t\t<section class=\"elementor-section elementor-inner-section elementor-element elementor-element-679f13b6 elementor-section-full_width elementor-section-height-default elementor-section-height-default\" data-id=\"679f13b6\" data-element_type=\"section\" data-e-type=\"section\">\n\t\t\t\t\t\t<div class=\"elementor-container elementor-column-gap-default\">\n\t\t\t\t\t<div class=\"elementor-column elementor-col-100 elementor-inner-column elementor-element elementor-element-49a5a893\" data-id=\"49a5a893\" data-element_type=\"column\" data-e-type=\"column\">\n\t\t\t<div class=\"elementor-widget-wrap elementor-element-populated\">\n\t\t\t\t\t\t<div class=\"elementor-element elementor-element-2c5f09dd elementor-widget elementor-widget-text-editor\" data-id=\"2c5f09dd\" data-element_type=\"widget\" data-e-type=\"widget\" data-widget_type=\"text-editor.default\">\n\t\t\t\t<div class=\"elementor-widget-container\">\n\t\t\t\t\t\t\t\t\t<p>PROFINRG - OFFENE STELLEN<\/p>\t\t\t\t\t\t\t\t<\/div>\n\t\t\t\t<\/div>\n\t\t\t\t\t<\/div>\n\t\t<\/div>\n\t\t\t\t\t<\/div>\n\t\t<\/section>\n\t\t\t\t<div class=\"elementor-element elementor-element-5d964dac elementor-widget-divider--view-line elementor-widget elementor-widget-divider\" data-id=\"5d964dac\" data-element_type=\"widget\" data-e-type=\"widget\" data-widget_type=\"divider.default\">\n\t\t\t\t<div class=\"elementor-widget-container\">\n\t\t\t\t\t\t\t<div class=\"elementor-divider\">\n\t\t\t<span class=\"elementor-divider-separator\">\n\t\t\t\t\t\t<\/span>\n\t\t<\/div>\n\t\t\t\t\t\t<\/div>\n\t\t\t\t<\/div>\n\t\t\t\t<div class=\"elementor-element elementor-element-65e4b501 elementor-widget elementor-widget-heading\" data-id=\"65e4b501\" data-element_type=\"widget\" data-e-type=\"widget\" data-widget_type=\"heading.default\">\n\t\t\t\t<div class=\"elementor-widget-container\">\n\t\t\t\t\t<h2 class=\"elementor-heading-title elementor-size-default\">Are you our new<br>\n<b><b>Ausschreibungsleiter Sun und BESS?<\/b><\/b><\/h2>\t\t\t\t<\/div>\n\t\t\t\t<\/div>\n\t\t\t\t\t<\/div>\n\t\t<\/div>\n\t\t\t\t\t<\/div>\n\t\t<\/section>\n\t\t\t\t<section class=\"elementor-section elementor-top-section elementor-element elementor-element-467861c8 elementor-section-boxed elementor-section-height-default elementor-section-height-default\" data-id=\"467861c8\" data-element_type=\"section\" data-e-type=\"section\" data-settings=\"{&quot;background_background&quot;:&quot;classic&quot;}\">\n\t\t\t\t\t\t<div class=\"elementor-container elementor-column-gap-default\">\n\t\t\t\t\t<div class=\"elementor-column elementor-col-100 elementor-top-column elementor-element elementor-element-341a484a\" data-id=\"341a484a\" data-element_type=\"column\" data-e-type=\"column\" data-settings=\"{&quot;background_background&quot;:&quot;classic&quot;}\">\n\t\t\t<div class=\"elementor-widget-wrap elementor-element-populated\">\n\t\t\t\t\t\t<div class=\"elementor-element elementor-element-61f03049 elementor-widget elementor-widget-spacer\" data-id=\"61f03049\" data-element_type=\"widget\" data-e-type=\"widget\" data-widget_type=\"spacer.default\">\n\t\t\t\t<div class=\"elementor-widget-container\">\n\t\t\t\t\t\t\t<div class=\"elementor-spacer\">\n\t\t\t<div class=\"elementor-spacer-inner\"><\/div>\n\t\t<\/div>\n\t\t\t\t\t\t<\/div>\n\t\t\t\t<\/div>\n\t\t\t\t<section class=\"elementor-section elementor-inner-section elementor-element elementor-element-60c59744 elementor-section-full_width elementor-section-height-default elementor-section-height-default\" data-id=\"60c59744\" data-element_type=\"section\" data-e-type=\"section\">\n\t\t\t\t\t\t<div class=\"elementor-container elementor-column-gap-default\">\n\t\t\t\t\t<div class=\"elementor-column elementor-col-50 elementor-inner-column elementor-element elementor-element-7df55f1f\" data-id=\"7df55f1f\" data-element_type=\"column\" data-e-type=\"column\">\n\t\t\t<div class=\"elementor-widget-wrap elementor-element-populated\">\n\t\t\t\t\t\t<div class=\"elementor-element elementor-element-3a06b1fa elementor-widget elementor-widget-jkit_heading\" data-id=\"3a06b1fa\" data-element_type=\"widget\" data-e-type=\"widget\" data-widget_type=\"jkit_heading.default\">\n\t\t\t\t<div class=\"elementor-widget-container\">\n\t\t\t\t\t<div  class=\"jeg-elementor-kit jkit-heading  align-left align-tablet- align-mobile- jeg_module___69ecb2d17018f\" ><h3 class=\"heading-section-subtitle  style-color\">For the energy transition<\/h3><div class=\"heading-section-title  display-inline-block\"><h2 class=\"heading-title\">Tendermanager <span class=\"style-color\"><span>Solarparks und BESS-Projekte<\/span><\/span><\/h2><\/div><\/div>\t\t\t\t<\/div>\n\t\t\t\t<\/div>\n\t\t\t\t<div class=\"elementor-element elementor-element-1278ce7c elementor-widget elementor-widget-text-editor\" data-id=\"1278ce7c\" data-element_type=\"widget\" data-e-type=\"widget\" data-widget_type=\"text-editor.default\">\n\t\t\t\t<div class=\"elementor-widget-container\">\n\t\t\t\t\t\t\t\t\t<p><em>Utrecht\/Hybrid | 40 Std.\/Woche | HBO\/WO | max \u20ac5.000 - \u20ac6.000 brutto pro Monat<\/em><\/p><p><strong>ProfiNRG ist eines der f\u00fchrenden und erfolgreichsten (Solar-)Energieunternehmen in den Niederlanden mit Sitz in Utrecht. Wir sind seit mehr als 10 Jahren in der Entwicklung, dem Verkauf, der Realisierung und der Wartung von gro\u00dfen Solarenergiesystemen f\u00fcr den C&amp;I (Commercial &amp; Industry) und Utility Markt t\u00e4tig. Wir realisieren gro\u00dfe Solarparks und entwerfen und liefern integrierte L\u00f6sungen f\u00fcr erneuerbare Energien, die u. a. aus Ladel\u00f6sungen f\u00fcr Elektrofahrzeuge (EV), Batterien, Solarmodulen und Energiemanagementl\u00f6sungen bestehen.<\/strong><\/p><p>Aufgrund unserer internationalen Wachstumsambitionen (Benelux, Frankreich, Deutschland und Skandinavien) suchen wir einen Tender Manager f\u00fcr Solarparks und BESS-Projekte.<\/p><p>Als Tender Manager sind Sie f\u00fcr die Erstellung, Koordinierung und den Gewinn gro\u00dfer Ausschreibungsprojekte im In- und Ausland verantwortlich. Gemeinsam mit dem Ausschreibungsteam setzen Sie technische und kommerzielle M\u00f6glichkeiten in erfolgreiche Angebote um.<\/p><p>Sind Sie bereit, Ihr technisches Verst\u00e4ndnis und Ihren kaufm\u00e4nnischen Antrieb f\u00fcr eine nachhaltige Zukunft einzusetzen? Dann ist das Ihre Chance, bei ProfiNRG die Solarparks von morgen mitzubauen!<\/p><p><strong><br \/>Die Funktion <\/strong><\/p><p>Sie koordinieren den gesamten Ausschreibungsprozess f\u00fcr gro\u00dfe Solarparks und BESS-Projekte in Nordwesteuropa, von der Kalkulation und Beschaffungsvorbereitung bis zur Planung, dem Kundenkontakt und der Prozessverbesserung.<\/p><p><strong>Tasks and responsibilities<\/strong><\/p><ul><li>Vorbereitung, Organisation und Koordinierung von Gro\u00dfausschreibungen;<\/li><li>Erstellung und Verwaltung genauer Kostenvoranschl\u00e4ge in Zusammenarbeit mit dem Ausschreibungsteam;<\/li><li>Bereiten Sie gemeinsam mit Ihren Kollegen aus dem Beschaffungswesen Beschaffungsprojekte vor, um die Kalkulation zu unterst\u00fctzen;<\/li><li>Zusammenarbeit mit dem Vertriebsingenieur zur technischen Erf\u00fcllung der Kundenanforderungen;<\/li><li>Zusammenarbeit mit Rechtsberatern, um die Vertragsbedingungen mit dem Kunden zu vereinbaren;<\/li><li>Koordinierung von Planung, Qualit\u00e4t und kommerziellen Bedingungen mit internen und externen Parteien;<\/li><li>Pflege und Ausbau der Beziehungen durch Kundenkontakte, Teilnahme an Sitzungen und Pr\u00e4sentationen;<\/li><li>Beitrag zur kontinuierlichen Verbesserung der Gesch\u00e4ftsprozesse und -praktiken.<\/li><\/ul><p><br \/>Sie arbeiten von unserem B\u00fcro in Utrecht aus, wo Sie Teil des kaufm\u00e4nnischen Teams mit Tender Managern, Vertriebsingenieuren und Business Development Managern sind.  Gemeinsam stellen Sie die Weichen, entwickeln erfolgreiche Angebote und tragen zum weiteren internationalen Wachstum von ProfiNRG bei.<\/p><p><strong><br \/>Was bringen Sie mit?<\/strong><\/p><p>F\u00fcr die Position des Tender Managers suchen wir eine begeisterte Fachkraft mit einer Leidenschaft f\u00fcr Technik und den folgenden Kenntnissen und Erfahrungen:<\/p><ul><li>Sie haben mindestens ein abgeschlossenes Hochschulstudium, vorzugsweise mit technischem Hintergrund (Elektrotechnik, Physik oder Maschinenbau ist von Vorteil);<\/li><li>Sie haben mindestens 3 Jahre Erfahrung in einem Umfeld mit multidisziplin\u00e4ren, technisch komplexen Projekten;<\/li><li>Sie sind unternehmerisch, proaktiv und strukturiert und verf\u00fcgen \u00fcber eine praxisorientierte Mentalit\u00e4t;<\/li><li>Sie kommunizieren klar und \u00fcberzeugend, sowohl intern als auch extern;<\/li><li>Sie beherrschen die englische Sprache flie\u00dfend in Wort und Schrift.<\/li><\/ul><p><strong><br \/><br \/>Employment conditions<\/strong><\/p><p>ProfiNRG offers you as Project Manager Solar parks a unique opportunity to make the difference within a young and fast growing organization.<\/p><p>Und weiter:<\/p><ul><li>Vollzeitgehalt zwischen 4.400 \u20ac und 6.000 \u20ac pro Monat;<\/li><li>Bonus scheme;<\/li><li>Rentenbeitrag 1\/3 Arbeitnehmer, 2\/3 Arbeitgeber;<\/li><li>28 days of leave for full-time employment;<\/li><li>Fahrtkostenzuschuss 0,23 \u20ac\/km und volle Erstattung der Kosten f\u00fcr \u00f6ffentliche Verkehrsmittel;<\/li><li>Working from home allowance \u20ac2.35 per day;<\/li><li>Laptop, mobile phone.<strong>\u00a0<\/strong><\/li><\/ul><p><strong><br \/><br \/>Interested?<\/strong><\/p><p>Are you interested in this position? Then please send a short motivation and your CV to <a href=\"mailto:recruitment@profinrg.com\">mailto:recruitment@profinrg.com<\/a>. For more information about this position, please contact Corina den Besten at 030-2658512. For more information, see: <a href=\"https:\/\/profinrg.nl\/de\/freie-stellen-2\/\">https:\/\/profinrg.nl\/vacatures\/<\/a>\u00a0<\/p><p><em>Acquisition in response to this vacancy is not appreciated.<\/em><\/p>\t\t\t\t\t\t\t\t<\/div>\n\t\t\t\t<\/div>\n\t\t\t\t<div class=\"elementor-element elementor-element-48342617 elementor-align-right elementor-widget__width-initial elementor-widget elementor-widget-elementskit-button\" data-id=\"48342617\" data-element_type=\"widget\" data-e-type=\"widget\" data-widget_type=\"elementskit-button.default\">\n\t\t\t\t<div class=\"elementor-widget-container\">\n\t\t\t\t\t<div class=\"ekit-wid-con\" >\t\t<div class=\"ekit-btn-wraper\">\n\t\t\t\t\t\t\t<a href=\"\/de\/freie-stellen-2\/\" class=\"elementskit-btn  whitespace--normal\" id=\"\">\n\t\t\t\t\tZur\u00fcck zur Job\u00fcbersicht\t\t\t\t<\/a>\n\t\t\t\t\t<\/div>\n        <\/div>\t\t\t\t<\/div>\n\t\t\t\t<\/div>\n\t\t\t\t\t<\/div>\n\t\t<\/div>\n\t\t\t\t<div class=\"elementor-column elementor-col-50 elementor-inner-column elementor-element elementor-element-19c6a09d\" data-id=\"19c6a09d\" data-element_type=\"column\" data-e-type=\"column\">\n\t\t\t<div class=\"elementor-widget-wrap elementor-element-populated\">\n\t\t\t\t\t\t<section class=\"elementor-section elementor-inner-section elementor-element elementor-element-62f96e07 elementor-section-boxed elementor-section-height-default elementor-section-height-default\" data-id=\"62f96e07\" data-element_type=\"section\" data-e-type=\"section\">\n\t\t\t\t\t\t<div class=\"elementor-container elementor-column-gap-default\">\n\t\t\t\t\t<div class=\"elementor-column elementor-col-100 elementor-inner-column elementor-element elementor-element-1a9065ca\" data-id=\"1a9065ca\" data-element_type=\"column\" data-e-type=\"column\">\n\t\t\t<div class=\"elementor-widget-wrap elementor-element-populated\">\n\t\t\t\t\t\t<div class=\"elementor-element elementor-element-3d2f8aa9 elementor-widget elementor-widget-image\" data-id=\"3d2f8aa9\" data-element_type=\"widget\" data-e-type=\"widget\" data-widget_type=\"image.default\">\n\t\t\t\t<div class=\"elementor-widget-container\">\n\t\t\t\t\t\t\t\t\t\t\t\t\t\t\t<img decoding=\"async\" width=\"800\" height=\"534\" src=\"https:\/\/profinrg.nl\/wp-content\/uploads\/2025\/10\/1B0A4718-1024x683.jpg\" class=\"attachment-large size-large wp-image-43310\" alt=\"Stellenausschreibung\" srcset=\"https:\/\/profinrg.nl\/wp-content\/uploads\/2025\/10\/1B0A4718-1024x683.jpg 1024w, https:\/\/profinrg.nl\/wp-content\/uploads\/2025\/10\/1B0A4718-300x200.jpg 300w, https:\/\/profinrg.nl\/wp-content\/uploads\/2025\/10\/1B0A4718-768x512.jpg 768w, https:\/\/profinrg.nl\/wp-content\/uploads\/2025\/10\/1B0A4718-18x12.jpg 18w, https:\/\/profinrg.nl\/wp-content\/uploads\/2025\/10\/1B0A4718.jpg 1080w\" sizes=\"(max-width: 800px) 100vw, 800px\" title=\"\">\t\t\t\t\t\t\t\t\t\t\t\t\t\t\t<\/div>\n\t\t\t\t<\/div>\n\t\t\t\t\t<\/div>\n\t\t<\/div>\n\t\t\t\t\t<\/div>\n\t\t<\/section>\n\t\t\t\t<section class=\"elementor-section elementor-inner-section elementor-element elementor-element-7ee55488 elementor-section-boxed elementor-section-height-default elementor-section-height-default\" data-id=\"7ee55488\" data-element_type=\"section\" data-e-type=\"section\">\n\t\t\t\t\t\t<div class=\"elementor-container elementor-column-gap-no\">\n\t\t\t\t\t<div class=\"elementor-column elementor-col-100 elementor-inner-column elementor-element elementor-element-240ccb74\" data-id=\"240ccb74\" data-element_type=\"column\" data-e-type=\"column\">\n\t\t\t<div class=\"elementor-widget-wrap elementor-element-populated\">\n\t\t\t\t\t\t<div class=\"elementor-element elementor-element-764831a7 jkit-equal-height-disable elementor-widget elementor-widget-jkit_image_box\" data-id=\"764831a7\" data-element_type=\"widget\" data-e-type=\"widget\" data-widget_type=\"jkit_image_box.default\">\n\t\t\t\t<div class=\"elementor-widget-container\">\n\t\t\t\t\t<div  class=\"jeg-elementor-kit jkit-image-box style-default elementor-animation- jeg_module__1_69ecb2d170d75\" ><div class=\"image-box-header elementor-animation-\"><\/div><div class=\"image-box-body\">\n            <div class=\"body-inner\"><h2 class=\"body-title icon-position-before\">Kontakt<\/h2>\n                <div class=\"body-description\"><p>Are you interested in this position? Then please send a short motivation and your CV to <b><a href=\"mailto: recruitment@profinrg.com\">recruitment@profinrg.nl.<\/a><\/b><\/p><p>F\u00fcr weitere Informationen \u00fcber diese Stelle wenden Sie sich bitte an die Personalabteilung unter\u00a0<a href=\"tel:0302658512\">+030-2658512.<\/a><\/p><\/div>\n                <div class=\"body-button\"><\/div>\n                \n            <\/div>\n        <\/div><\/div>\t\t\t\t<\/div>\n\t\t\t\t<\/div>\n\t\t\t\t\t<\/div>\n\t\t<\/div>\n\t\t\t\t\t<\/div>\n\t\t<\/section>\n\t\t\t\t\t<\/div>\n\t\t<\/div>\n\t\t\t\t\t<\/div>\n\t\t<\/section>\n\t\t\t\t<div class=\"elementor-element elementor-element-45bb8f09 elementor-widget elementor-widget-spacer\" data-id=\"45bb8f09\" data-element_type=\"widget\" data-e-type=\"widget\" data-widget_type=\"spacer.default\">\n\t\t\t\t<div class=\"elementor-widget-container\">\n\t\t\t\t\t\t\t<div class=\"elementor-spacer\">\n\t\t\t<div class=\"elementor-spacer-inner\"><\/div>\n\t\t<\/div>\n\t\t\t\t\t\t<\/div>\n\t\t\t\t<\/div>\n\t\t\t\t\t<\/div>\n\t\t<\/div>\n\t\t\t\t\t<\/div>\n\t\t<\/section>\n\t\t\t\t<\/div>","protected":false},"excerpt":{"rendered":"<p>PROFINRG \u2013 VACATURES Ben jij onze nieuwe Tendermanager Zon en BESS? Voor de energietransitie Tendermanager Zonneparken en BESS-projecten Utrecht\/hybride | 40 uur\/wk | HBO\/WO | max. \u20ac5.000 &#8211; \u20ac6.000 bruto per maand ProfiNRG is een van de meest toonaangevende en succesvolle (zonne-)energiebedrijven in Nederland, gevestigd in Utrecht. Wij zijn al meer dan 10 jaar actief [&hellip;]<\/p>\n","protected":false},"author":9,"featured_media":43310,"parent":24376,"menu_order":0,"comment_status":"closed","ping_status":"closed","template":"","meta":{"footnotes":""},"class_list":["post-38129","page","type-page","status-publish","has-post-thumbnail","hentry"],"_links":{"self":[{"href":"https:\/\/profinrg.nl\/de\/wp-json\/wp\/v2\/pages\/38129","targetHints":{"allow":["GET"]}}],"collection":[{"href":"https:\/\/profinrg.nl\/de\/wp-json\/wp\/v2\/pages"}],"about":[{"href":"https:\/\/profinrg.nl\/de\/wp-json\/wp\/v2\/types\/page"}],"author":[{"embeddable":true,"href":"https:\/\/profinrg.nl\/de\/wp-json\/wp\/v2\/users\/9"}],"replies":[{"embeddable":true,"href":"https:\/\/profinrg.nl\/de\/wp-json\/wp\/v2\/comments?post=38129"}],"version-history":[{"count":15,"href":"https:\/\/profinrg.nl\/de\/wp-json\/wp\/v2\/pages\/38129\/revisions"}],"predecessor-version":[{"id":44469,"href":"https:\/\/profinrg.nl\/de\/wp-json\/wp\/v2\/pages\/38129\/revisions\/44469"}],"up":[{"embeddable":true,"href":"https:\/\/profinrg.nl\/de\/wp-json\/wp\/v2\/pages\/24376"}],"wp:featuredmedia":[{"embeddable":true,"href":"https:\/\/profinrg.nl\/de\/wp-json\/wp\/v2\/media\/43310"}],"wp:attachment":[{"href":"https:\/\/profinrg.nl\/de\/wp-json\/wp\/v2\/media?parent=38129"}],"curies":[{"name":"wp","href":"https:\/\/api.w.org\/{rel}","templated":true}]}}