{"id":39672,"date":"2024-07-02T14:01:42","date_gmt":"2024-07-02T14:01:42","guid":{"rendered":"https:\/\/profinrg.nl\/?page_id=39672"},"modified":"2025-06-05T09:10:19","modified_gmt":"2025-06-05T09:10:19","slug":"unterstutzung-bei-der-projektentwicklung","status":"publish","type":"page","link":"https:\/\/profinrg.nl\/de\/oplossingen\/project-development-support\/","title":{"rendered":"Unterst\u00fctzung bei der Projektentwicklung"},"content":{"rendered":"<div data-elementor-type=\"wp-page\" data-elementor-id=\"39672\" class=\"elementor elementor-39672\" data-elementor-post-type=\"page\">\n\t\t\t\t\t\t<section class=\"elementor-section elementor-top-section elementor-element elementor-element-193dd4db elementor-hidden-tablet elementor-hidden-mobile elementor-section-boxed elementor-section-height-default elementor-section-height-default\" data-id=\"193dd4db\" data-element_type=\"section\" data-e-type=\"section\" data-settings=\"{&quot;background_background&quot;:&quot;gradient&quot;}\">\n\t\t\t\t\t\t<div class=\"elementor-container elementor-column-gap-default\">\n\t\t\t\t\t<div class=\"elementor-column elementor-col-100 elementor-top-column elementor-element elementor-element-6317d273\" data-id=\"6317d273\" data-element_type=\"column\" data-e-type=\"column\">\n\t\t\t<div class=\"elementor-widget-wrap elementor-element-populated\">\n\t\t\t\t\t\t<div class=\"elementor-element elementor-element-42652512 elementor-widget elementor-widget-spacer\" data-id=\"42652512\" data-element_type=\"widget\" data-e-type=\"widget\" data-widget_type=\"spacer.default\">\n\t\t\t\t<div class=\"elementor-widget-container\">\n\t\t\t\t\t\t\t<div class=\"elementor-spacer\">\n\t\t\t<div class=\"elementor-spacer-inner\"><\/div>\n\t\t<\/div>\n\t\t\t\t\t\t<\/div>\n\t\t\t\t<\/div>\n\t\t\t\t\t<\/div>\n\t\t<\/div>\n\t\t\t\t\t<\/div>\n\t\t<\/section>\n\t\t\t\t<section class=\"elementor-section elementor-top-section elementor-element elementor-element-7e21a8b1 elementor-reverse-tablet elementor-reverse-mobile elementor-section-boxed elementor-section-height-default elementor-section-height-default\" data-id=\"7e21a8b1\" data-element_type=\"section\" data-e-type=\"section\" data-settings=\"{&quot;background_background&quot;:&quot;classic&quot;}\">\n\t\t\t\t\t\t<div class=\"elementor-container elementor-column-gap-default\">\n\t\t\t\t\t<div class=\"elementor-column elementor-col-25 elementor-top-column elementor-element elementor-element-27a45bc9\" data-id=\"27a45bc9\" data-element_type=\"column\" data-e-type=\"column\">\n\t\t\t<div class=\"elementor-widget-wrap elementor-element-populated\">\n\t\t\t\t\t\t<div class=\"elementor-element elementor-element-625e97ba elementor-widget elementor-widget-image\" data-id=\"625e97ba\" data-element_type=\"widget\" data-e-type=\"widget\" data-widget_type=\"image.default\">\n\t\t\t\t<div class=\"elementor-widget-container\">\n\t\t\t\t\t\t\t\t\t\t\t\t\t\t\t<img fetchpriority=\"high\" decoding=\"async\" width=\"800\" height=\"400\" src=\"https:\/\/profinrg.nl\/wp-content\/uploads\/2023\/06\/AdobeStock_248626760-1024x512.jpeg\" class=\"attachment-large size-large wp-image-32120\" alt=\"Batterien Batteriesystem Batteriespeicher Container Lagerung\" srcset=\"https:\/\/profinrg.nl\/wp-content\/uploads\/2023\/06\/AdobeStock_248626760-1024x512.jpeg 1024w, https:\/\/profinrg.nl\/wp-content\/uploads\/2023\/06\/AdobeStock_248626760-300x150.jpeg 300w, https:\/\/profinrg.nl\/wp-content\/uploads\/2023\/06\/AdobeStock_248626760-768x384.jpeg 768w, https:\/\/profinrg.nl\/wp-content\/uploads\/2023\/06\/AdobeStock_248626760.jpeg 1275w\" sizes=\"(max-width: 800px) 100vw, 800px\" title=\"\">\t\t\t\t\t\t\t\t\t\t\t\t\t\t\t<\/div>\n\t\t\t\t<\/div>\n\t\t\t\t\t<\/div>\n\t\t<\/div>\n\t\t\t\t<div class=\"elementor-column elementor-col-25 elementor-top-column elementor-element elementor-element-500e26f8\" data-id=\"500e26f8\" data-element_type=\"column\" data-e-type=\"column\">\n\t\t\t<div class=\"elementor-widget-wrap elementor-element-populated\">\n\t\t\t\t\t\t<section class=\"elementor-section elementor-inner-section elementor-element elementor-element-55760157 elementor-section-boxed elementor-section-height-default elementor-section-height-default\" data-id=\"55760157\" data-element_type=\"section\" data-e-type=\"section\">\n\t\t\t\t\t\t<div class=\"elementor-container elementor-column-gap-default\">\n\t\t\t\t\t<div class=\"elementor-column elementor-col-100 elementor-inner-column elementor-element elementor-element-925415d\" data-id=\"925415d\" data-element_type=\"column\" data-e-type=\"column\" data-settings=\"{&quot;background_background&quot;:&quot;classic&quot;}\">\n\t\t\t<div class=\"elementor-widget-wrap elementor-element-populated\">\n\t\t\t\t\t\t<div class=\"elementor-element elementor-element-1e963914 elementor-widget elementor-widget-spacer\" data-id=\"1e963914\" data-element_type=\"widget\" data-e-type=\"widget\" data-widget_type=\"spacer.default\">\n\t\t\t\t<div class=\"elementor-widget-container\">\n\t\t\t\t\t\t\t<div class=\"elementor-spacer\">\n\t\t\t<div class=\"elementor-spacer-inner\"><\/div>\n\t\t<\/div>\n\t\t\t\t\t\t<\/div>\n\t\t\t\t<\/div>\n\t\t\t\t\t<\/div>\n\t\t<\/div>\n\t\t\t\t\t<\/div>\n\t\t<\/section>\n\t\t\t\t<section class=\"elementor-section elementor-inner-section elementor-element elementor-element-21000a84 elementor-section-boxed elementor-section-height-default elementor-section-height-default\" data-id=\"21000a84\" data-element_type=\"section\" data-e-type=\"section\">\n\t\t\t\t\t\t<div class=\"elementor-container elementor-column-gap-default\">\n\t\t\t\t\t<div class=\"elementor-column elementor-col-100 elementor-inner-column elementor-element elementor-element-7c551175\" data-id=\"7c551175\" data-element_type=\"column\" data-e-type=\"column\" data-settings=\"{&quot;background_background&quot;:&quot;classic&quot;}\">\n\t\t\t<div class=\"elementor-widget-wrap elementor-element-populated\">\n\t\t\t\t\t\t<div class=\"elementor-element elementor-element-2e370019 elementor-widget elementor-widget-spacer\" data-id=\"2e370019\" data-element_type=\"widget\" data-e-type=\"widget\" data-widget_type=\"spacer.default\">\n\t\t\t\t<div class=\"elementor-widget-container\">\n\t\t\t\t\t\t\t<div class=\"elementor-spacer\">\n\t\t\t<div class=\"elementor-spacer-inner\"><\/div>\n\t\t<\/div>\n\t\t\t\t\t\t<\/div>\n\t\t\t\t<\/div>\n\t\t\t\t\t<\/div>\n\t\t<\/div>\n\t\t\t\t\t<\/div>\n\t\t<\/section>\n\t\t\t\t\t<\/div>\n\t\t<\/div>\n\t\t\t\t<div class=\"elementor-column elementor-col-50 elementor-top-column elementor-element elementor-element-61b28b1f\" data-id=\"61b28b1f\" data-element_type=\"column\" data-e-type=\"column\">\n\t\t\t<div class=\"elementor-widget-wrap elementor-element-populated\">\n\t\t\t\t\t\t<div class=\"elementor-element elementor-element-55d8ef52 elementor-widget elementor-widget-jkit_heading\" data-id=\"55d8ef52\" data-element_type=\"widget\" data-e-type=\"widget\" data-widget_type=\"jkit_heading.default\">\n\t\t\t\t<div class=\"elementor-widget-container\">\n\t\t\t\t\t<div  class=\"jeg-elementor-kit jkit-heading  align-left align-tablet- align-mobile- jeg_module___69ef1f8bd6768\" ><h2 class=\"heading-section-subtitle  style-color\">ProfiNRG<\/h2><div class=\"heading-section-title  display-inline-block\"><h2 class=\"heading-title\">Ihr Partner f\u00fcr Solarprojekte in Nordwesteuropa<\/h2><\/div><\/div>\t\t\t\t<\/div>\n\t\t\t\t<\/div>\n\t\t\t\t<section class=\"elementor-section elementor-inner-section elementor-element elementor-element-897efd7 elementor-section-boxed elementor-section-height-default elementor-section-height-default\" data-id=\"897efd7\" data-element_type=\"section\" data-e-type=\"section\">\n\t\t\t\t\t\t<div class=\"elementor-container elementor-column-gap-default\">\n\t\t\t\t\t<div class=\"elementor-column elementor-col-100 elementor-inner-column elementor-element elementor-element-47b8871b\" data-id=\"47b8871b\" data-element_type=\"column\" data-e-type=\"column\">\n\t\t\t<div class=\"elementor-widget-wrap elementor-element-populated\">\n\t\t\t\t\t\t<div class=\"elementor-element elementor-element-248415f4 elementor-widget elementor-widget-text-editor\" data-id=\"248415f4\" data-element_type=\"widget\" data-e-type=\"widget\" data-widget_type=\"text-editor.default\">\n\t\t\t\t<div class=\"elementor-widget-container\">\n\t\t\t\t\t\t\t\t\t<p>ProfiNRG, ein erfahrener EPC-Auftragnehmer, ist auf Freifl\u00e4chen-Solarprojekte in Nordwesteuropa spezialisiert. Wir konzentrieren uns auf die Unterst\u00fctzung kleiner und mittelgro\u00dfer Solarprojektentwickler. Diese Entwickler sind zwar hervorragend darin, Projekte zu initiieren, ben\u00f6tigen aber aufgrund mangelnder Expertise, Erfahrung oder Kapital oft Unterst\u00fctzung bei der Umsetzung.<\/p><p><b>Wie wir helfen:<\/b><\/p><p><strong>1.<\/strong> <b>Technisches Fachwissen:<\/b>\u00a0ProfiNRG bietet technischen Support w\u00e4hrend der Genehmigungsphase Ihres Projekts.<\/p><p><strong>2. <\/strong><b>Optimierung:<\/b>\u00a0Wir unterst\u00fctzen Sie sowohl bei der technischen als auch bei der finanziellen Optimierung Ihrer Solarprojekte.<\/p><p><strong>3. <\/strong><b>Projektbeteiligung:<\/b>\u00a0Wenn Projekte kurz vor der Baureife stehen, kann ProfiNRG einen Anteil erwerben. Wir steigern den Wert durch Projektoptimierung, Projektfinanzierung, Bau und Verm\u00f6gensverwaltung.<\/p><p><strong>4.<\/strong> <b>Langfristige Investition:<\/b>\u00a0Zum Datum der kommerziellen Inbetriebnahme (COD) erleichtern wir den Verkauf des Projekts an langfristige Investoren.<\/p><p><strong>5. <\/strong><b>Zusammenarbeit:<\/b>\u00a0\u00dcber die gemeinsame Entwicklung hinaus erkundet ProfiNRG verschiedene Partnerschaftsm\u00f6glichkeiten, um den Projekterfolg zu maximieren.<\/p><p>Wir laden Sie ein, zu besprechen, wie wir zusammenarbeiten k\u00f6nnen. <a href=\"\/de\/kontakt\/\" target=\"_blank\" rel=\"noopener\">Kontakt<\/a> uns noch heute!<\/p>\t\t\t\t\t\t\t\t<\/div>\n\t\t\t\t<\/div>\n\t\t\t\t\t<\/div>\n\t\t<\/div>\n\t\t\t\t\t<\/div>\n\t\t<\/section>\n\t\t\t\t<section class=\"elementor-section elementor-inner-section elementor-element elementor-element-6959a719 elementor-section-full_width elementor-section-height-default elementor-section-height-default\" data-id=\"6959a719\" data-element_type=\"section\" data-e-type=\"section\">\n\t\t\t\t\t\t<div class=\"elementor-container elementor-column-gap-default\">\n\t\t\t\t\t<div class=\"elementor-column elementor-col-100 elementor-inner-column elementor-element elementor-element-1b34bc7d\" data-id=\"1b34bc7d\" data-element_type=\"column\" data-e-type=\"column\">\n\t\t\t<div class=\"elementor-widget-wrap elementor-element-populated\">\n\t\t\t\t\t\t<div class=\"elementor-element elementor-element-21e1a428 elementor-widget__width-initial elementor-widget elementor-widget-jkit_button\" data-id=\"21e1a428\" data-element_type=\"widget\" data-e-type=\"widget\" data-widget_type=\"jkit_button.default\">\n\t\t\t\t<div class=\"elementor-widget-container\">\n\t\t\t\t\t<div  class=\"jeg-elementor-kit jkit-button  icon-position-after jeg_module__1_69ef1f8bd7e0f\" ><a href=\"\/de\/kontakt\/\" class=\"jkit-button-wrapper\">Bitte rufen Sie mich zur\u00fcck <i aria-hidden=\"true\" class=\"jki jki-right-arrow-light\"><\/i><\/a><\/div>\t\t\t\t<\/div>\n\t\t\t\t<\/div>\n\t\t\t\t\t<\/div>\n\t\t<\/div>\n\t\t\t\t\t<\/div>\n\t\t<\/section>\n\t\t\t\t\t<\/div>\n\t\t<\/div>\n\t\t\t\t\t<\/div>\n\t\t<\/section>\n\t\t\t\t<section class=\"elementor-section elementor-top-section elementor-element elementor-element-7c67ef5e elementor-section-boxed elementor-section-height-default elementor-section-height-default\" data-id=\"7c67ef5e\" data-element_type=\"section\" data-e-type=\"section\">\n\t\t\t\t\t\t<div class=\"elementor-container elementor-column-gap-default\">\n\t\t\t\t\t<div class=\"elementor-column elementor-col-50 elementor-top-column elementor-element elementor-element-79752a41 elementor-hidden-mobile\" data-id=\"79752a41\" data-element_type=\"column\" data-e-type=\"column\" data-settings=\"{&quot;background_background&quot;:&quot;classic&quot;}\">\n\t\t\t<div class=\"elementor-widget-wrap\">\n\t\t\t\t\t\t\t<\/div>\n\t\t<\/div>\n\t\t\t\t<div class=\"elementor-column elementor-col-50 elementor-top-column elementor-element elementor-element-4251658b\" data-id=\"4251658b\" data-element_type=\"column\" data-e-type=\"column\">\n\t\t\t<div class=\"elementor-widget-wrap elementor-element-populated\">\n\t\t\t\t\t\t<div class=\"elementor-element elementor-element-2596da72 elementor-widget elementor-widget-heading\" data-id=\"2596da72\" data-element_type=\"widget\" data-e-type=\"widget\" data-widget_type=\"heading.default\">\n\t\t\t\t<div class=\"elementor-widget-container\">\n\t\t\t\t\t<h2 class=\"elementor-heading-title elementor-size-default\">Unterst\u00fctzung bei der Projektentwicklung<\/h2>\t\t\t\t<\/div>\n\t\t\t\t<\/div>\n\t\t\t\t<div class=\"elementor-element elementor-element-53f670e2 elementor-widget elementor-widget-text-editor\" data-id=\"53f670e2\" data-element_type=\"widget\" data-e-type=\"widget\" data-widget_type=\"text-editor.default\">\n\t\t\t\t<div class=\"elementor-widget-container\">\n\t\t\t\t\t\t\t\t\t<p>ProfiNRG, ein erfahrener EPC-Auftragnehmer, ist auf Freifl\u00e4chen-Solarprojekte in Nordwesteuropa spezialisiert. Wir konzentrieren uns auf die Unterst\u00fctzung kleiner und mittelgro\u00dfer Solarprojektentwickler. Diese Entwickler sind zwar hervorragend darin, Projekte zu initiieren, ben\u00f6tigen aber aufgrund mangelnder Expertise, Erfahrung oder Kapital oft Unterst\u00fctzung bei der Umsetzung.<\/p><p>ProfiNRG unterst\u00fctzt Projektentwickler mit technischem Fachwissen w\u00e4hrend der Genehmigungsphase des Projekts. Dar\u00fcber hinaus k\u00f6nnen wir bei der technischen und finanziellen Optimierung dieser Projekte helfen.\u00a0<\/p><p>Bei Bedarf k\u00f6nnen wir uns an Projekten beteiligen, die sich in der Baureifephase befinden oder kurz davor stehen. In diesem Fall schaffen wir Mehrwert durch die technische und finanzielle Optimierung der Projekte, die Organisation der Projektfinanzierung sowie den Bau und Betrieb des Projekts. Anschlie\u00dfend \u00fcbernehmen wir das Bau- und Asset-Management.<\/p><p>Zum Zeitpunkt der Inbetriebnahme kann das Projekt an einen langfristigen Investor verkauft werden. Neben der gemeinsamen Entwicklung verf\u00fcgt ProfiNRG \u00fcber umfangreiche Erfahrung mit anderen Formen der Partnerschaft, um Mehrwert zu schaffen und Projekte in Betrieb zu nehmen. Wir w\u00fcrden uns freuen, die M\u00f6glichkeiten einer Zusammenarbeit zu besprechen.<\/p>\t\t\t\t\t\t\t\t<\/div>\n\t\t\t\t<\/div>\n\t\t\t\t\t<\/div>\n\t\t<\/div>\n\t\t\t\t\t<\/div>\n\t\t<\/section>\n\t\t\t\t<section class=\"elementor-section elementor-top-section elementor-element elementor-element-f426ab5 elementor-section-boxed elementor-section-height-default elementor-section-height-default\" data-id=\"f426ab5\" data-element_type=\"section\" data-e-type=\"section\">\n\t\t\t\t\t\t<div class=\"elementor-container elementor-column-gap-default\">\n\t\t\t\t\t<div class=\"elementor-column elementor-col-100 elementor-top-column elementor-element elementor-element-103d37a6\" data-id=\"103d37a6\" data-element_type=\"column\" data-e-type=\"column\">\n\t\t\t<div class=\"elementor-widget-wrap elementor-element-populated\">\n\t\t\t\t\t\t<div class=\"elementor-element elementor-element-253620ec elementor-align-right elementor-align--mobileleft elementor-widget elementor-widget-elementskit-button\" data-id=\"253620ec\" data-element_type=\"widget\" data-e-type=\"widget\" data-widget_type=\"elementskit-button.default\">\n\t\t\t\t<div class=\"elementor-widget-container\">\n\t\t\t\t\t<div class=\"ekit-wid-con\" >\t\t<div class=\"ekit-btn-wraper\">\n\t\t\t\t\t\t\t<a href=\"\/de\/kontakt\/\" class=\"elementskit-btn  whitespace--normal\" id=\"\">\n\t\t\t\t\tAngebot anfordern<i class=\"icon icon-arrow-right\"><\/i>\t\t\t\t<\/a>\n\t\t\t\t\t<\/div>\n        <\/div>\t\t\t\t<\/div>\n\t\t\t\t<\/div>\n\t\t\t\t\t<\/div>\n\t\t<\/div>\n\t\t\t\t\t<\/div>\n\t\t<\/section>\n\t\t\t\t<section class=\"elementor-section elementor-top-section elementor-element elementor-element-6ab3693b elementor-section-boxed elementor-section-height-default elementor-section-height-default\" data-id=\"6ab3693b\" data-element_type=\"section\" data-e-type=\"section\">\n\t\t\t\t\t\t<div class=\"elementor-container elementor-column-gap-default\">\n\t\t\t\t\t<div class=\"elementor-column elementor-col-100 elementor-top-column elementor-element elementor-element-4fa1fc12\" data-id=\"4fa1fc12\" data-element_type=\"column\" data-e-type=\"column\">\n\t\t\t<div class=\"elementor-widget-wrap elementor-element-populated\">\n\t\t\t\t\t\t<div class=\"elementor-element elementor-element-28d21c55 elementor-widget elementor-widget-spacer\" data-id=\"28d21c55\" data-element_type=\"widget\" data-e-type=\"widget\" data-widget_type=\"spacer.default\">\n\t\t\t\t<div class=\"elementor-widget-container\">\n\t\t\t\t\t\t\t<div class=\"elementor-spacer\">\n\t\t\t<div class=\"elementor-spacer-inner\"><\/div>\n\t\t<\/div>\n\t\t\t\t\t\t<\/div>\n\t\t\t\t<\/div>\n\t\t\t\t\t<\/div>\n\t\t<\/div>\n\t\t\t\t\t<\/div>\n\t\t<\/section>\n\t\t\t\t<section class=\"elementor-section elementor-top-section elementor-element elementor-element-1760abc8 elementor-section-boxed elementor-section-height-default elementor-section-height-default\" data-id=\"1760abc8\" data-element_type=\"section\" data-e-type=\"section\" data-settings=\"{&quot;background_background&quot;:&quot;classic&quot;}\">\n\t\t\t\t\t\t<div class=\"elementor-container elementor-column-gap-default\">\n\t\t\t\t\t<div class=\"elementor-column elementor-col-50 elementor-top-column elementor-element elementor-element-5a757f4a\" data-id=\"5a757f4a\" data-element_type=\"column\" data-e-type=\"column\">\n\t\t\t<div class=\"elementor-widget-wrap elementor-element-populated\">\n\t\t\t\t\t\t<div class=\"elementor-element elementor-element-13aa8404 elementor-widget elementor-widget-image\" data-id=\"13aa8404\" data-element_type=\"widget\" data-e-type=\"widget\" data-widget_type=\"image.default\">\n\t\t\t\t<div class=\"elementor-widget-container\">\n\t\t\t\t\t\t\t\t\t\t\t\t\t\t\t<img decoding=\"async\" width=\"800\" height=\"809\" src=\"https:\/\/profinrg.nl\/wp-content\/uploads\/2024\/05\/morten-e1719833220642-1012x1024.jpg\" class=\"attachment-large size-large wp-image-38668\" alt=\"Morten Hansen\" srcset=\"https:\/\/profinrg.nl\/wp-content\/uploads\/2024\/05\/morten-e1719833220642-1012x1024.jpg 1012w, https:\/\/profinrg.nl\/wp-content\/uploads\/2024\/05\/morten-e1719833220642-296x300.jpg 296w, https:\/\/profinrg.nl\/wp-content\/uploads\/2024\/05\/morten-e1719833220642-768x777.jpg 768w, https:\/\/profinrg.nl\/wp-content\/uploads\/2024\/05\/morten-e1719833220642-12x12.jpg 12w, https:\/\/profinrg.nl\/wp-content\/uploads\/2024\/05\/morten-e1719833220642.jpg 1060w\" sizes=\"(max-width: 800px) 100vw, 800px\" title=\"\">\t\t\t\t\t\t\t\t\t\t\t\t\t\t\t<\/div>\n\t\t\t\t<\/div>\n\t\t\t\t<div class=\"elementor-element elementor-element-6848e244 elementor-hidden-tablet elementor-hidden-mobile elementor-widget elementor-widget-spacer\" data-id=\"6848e244\" data-element_type=\"widget\" data-e-type=\"widget\" data-widget_type=\"spacer.default\">\n\t\t\t\t<div class=\"elementor-widget-container\">\n\t\t\t\t\t\t\t<div class=\"elementor-spacer\">\n\t\t\t<div class=\"elementor-spacer-inner\"><\/div>\n\t\t<\/div>\n\t\t\t\t\t\t<\/div>\n\t\t\t\t<\/div>\n\t\t\t\t\t<\/div>\n\t\t<\/div>\n\t\t\t\t<div class=\"elementor-column elementor-col-50 elementor-top-column elementor-element elementor-element-4980dbff\" data-id=\"4980dbff\" data-element_type=\"column\" data-e-type=\"column\">\n\t\t\t<div class=\"elementor-widget-wrap elementor-element-populated\">\n\t\t\t\t\t\t<div class=\"elementor-element elementor-element-720cd1af elementor-widget elementor-widget-elementskit-heading\" data-id=\"720cd1af\" data-element_type=\"widget\" data-e-type=\"widget\" data-widget_type=\"elementskit-heading.default\">\n\t\t\t\t<div class=\"elementor-widget-container\">\n\t\t\t\t\t<div class=\"ekit-wid-con\" ><div class=\"ekit-heading elementskit-section-title-wraper text_left   ekit_heading_tablet-   ekit_heading_mobile-\"><h2 class=\"ekit-heading--title elementskit-section-title\">interessiert?<\/h2>\t\t\t\t<div class='ekit-heading__description'>\n\t\t\t\t\t<p>Sie sind Projektentwickler und m\u00f6chten wissen, wie wir Sie bei der Entwicklung Ihres Projekts unterst\u00fctzen k\u00f6nnen? <a href=\"tel:0047 907 032 10\" target=\"_blank\" rel=\"noopener\">Rufen sie<\/a> Christian Steinberg f\u00fcr weitere Informationen an oder senden Sie eine E-Mail an: <a href=\"mailto:morten@profinrg.com\" target=\"_blank\" rel=\"noopener\">morten@profinrg.com<\/a><\/p>\n\t\t\t\t<\/div>\n\t\t\t<\/div><\/div>\t\t\t\t<\/div>\n\t\t\t\t<\/div>\n\t\t\t\t\t<\/div>\n\t\t<\/div>\n\t\t\t\t\t<\/div>\n\t\t<\/section>\n\t\t\t\t<section class=\"elementor-section elementor-top-section elementor-element elementor-element-0f9ad5c elementor-section-boxed elementor-section-height-default elementor-section-height-default\" data-id=\"0f9ad5c\" data-element_type=\"section\" data-e-type=\"section\" data-settings=\"{&quot;background_background&quot;:&quot;classic&quot;}\" data-no-translation=\"\">\n\t\t\t\t\t\t<div class=\"elementor-container elementor-column-gap-default\">\n\t\t\t\t\t<div class=\"elementor-column elementor-col-50 elementor-top-column elementor-element elementor-element-3d37377\" data-id=\"3d37377\" data-element_type=\"column\" data-e-type=\"column\">\n\t\t\t<div class=\"elementor-widget-wrap elementor-element-populated\">\n\t\t\t\t\t\t<div class=\"elementor-element elementor-element-c5edfbe elementor-widget elementor-widget-image\" data-id=\"c5edfbe\" data-element_type=\"widget\" data-e-type=\"widget\" data-widget_type=\"image.default\">\n\t\t\t\t<div class=\"elementor-widget-container\">\n\t\t\t\t\t\t\t\t\t\t\t\t\t\t\t<img decoding=\"async\" width=\"800\" height=\"800\" src=\"https:\/\/profinrg.nl\/wp-content\/uploads\/2024\/04\/Profinrg-Portertten-raam-deel-2-15-1024x1024.jpg\" class=\"attachment-large size-large wp-image-38033\" alt=\"christian steinberg\" srcset=\"https:\/\/profinrg.nl\/wp-content\/uploads\/2024\/04\/Profinrg-Portertten-raam-deel-2-15-1024x1024.jpg 1024w, https:\/\/profinrg.nl\/wp-content\/uploads\/2024\/04\/Profinrg-Portertten-raam-deel-2-15-300x300.jpg 300w, https:\/\/profinrg.nl\/wp-content\/uploads\/2024\/04\/Profinrg-Portertten-raam-deel-2-15-150x150.jpg 150w, https:\/\/profinrg.nl\/wp-content\/uploads\/2024\/04\/Profinrg-Portertten-raam-deel-2-15-768x768.jpg 768w, https:\/\/profinrg.nl\/wp-content\/uploads\/2024\/04\/Profinrg-Portertten-raam-deel-2-15-12x12.jpg 12w, https:\/\/profinrg.nl\/wp-content\/uploads\/2024\/04\/Profinrg-Portertten-raam-deel-2-15.jpg 1275w\" sizes=\"(max-width: 800px) 100vw, 800px\" title=\"\">\t\t\t\t\t\t\t\t\t\t\t\t\t\t\t<\/div>\n\t\t\t\t<\/div>\n\t\t\t\t<div class=\"elementor-element elementor-element-5f0aef4 elementor-hidden-tablet elementor-hidden-mobile elementor-widget elementor-widget-spacer\" data-id=\"5f0aef4\" data-element_type=\"widget\" data-e-type=\"widget\" data-widget_type=\"spacer.default\">\n\t\t\t\t<div class=\"elementor-widget-container\">\n\t\t\t\t\t\t\t<div class=\"elementor-spacer\">\n\t\t\t<div class=\"elementor-spacer-inner\"><\/div>\n\t\t<\/div>\n\t\t\t\t\t\t<\/div>\n\t\t\t\t<\/div>\n\t\t\t\t\t<\/div>\n\t\t<\/div>\n\t\t\t\t<div class=\"elementor-column elementor-col-50 elementor-top-column elementor-element elementor-element-e194eaf\" data-id=\"e194eaf\" data-element_type=\"column\" data-e-type=\"column\">\n\t\t\t<div class=\"elementor-widget-wrap elementor-element-populated\">\n\t\t\t\t\t\t<div class=\"elementor-element elementor-element-edf7d8a elementor-widget elementor-widget-elementskit-heading\" data-id=\"edf7d8a\" data-element_type=\"widget\" data-e-type=\"widget\" data-widget_type=\"elementskit-heading.default\">\n\t\t\t\t<div class=\"elementor-widget-container\">\n\t\t\t\t\t<div class=\"ekit-wid-con\" ><div class=\"ekit-heading elementskit-section-title-wraper text_left   ekit_heading_tablet-   ekit_heading_mobile-\"><h2 class=\"ekit-heading--title elementskit-section-title\">Interested?<\/h2>\t\t\t\t<div class='ekit-heading__description'>\n\t\t\t\t\t<p>Are you a project developer and do you want to know how we can help you with developing your project? <a href=\"tel:0047 907 032 10\" target=\"_blank\" rel=\"noopener\">Call<\/a> Christian Steinberg for more information or send an email to: <a href=\"mailto:christian@profinrg.com\" target=\"_blank\" rel=\"noopener\">christian@profinrg.com<\/a><\/p>\n\t\t\t\t<\/div>\n\t\t\t<\/div><\/div>\t\t\t\t<\/div>\n\t\t\t\t<\/div>\n\t\t\t\t\t<\/div>\n\t\t<\/div>\n\t\t\t\t\t<\/div>\n\t\t<\/section>\n\t\t\t\t<section class=\"elementor-section elementor-top-section elementor-element elementor-element-36d5ed3e elementor-section-boxed elementor-section-height-default elementor-section-height-default\" data-id=\"36d5ed3e\" data-element_type=\"section\" data-e-type=\"section\">\n\t\t\t\t\t\t<div class=\"elementor-container elementor-column-gap-default\">\n\t\t\t\t\t<div class=\"elementor-column elementor-col-100 elementor-top-column elementor-element elementor-element-4b8c4dd1\" data-id=\"4b8c4dd1\" data-element_type=\"column\" data-e-type=\"column\">\n\t\t\t<div class=\"elementor-widget-wrap elementor-element-populated\">\n\t\t\t\t\t\t<div class=\"elementor-element elementor-element-2cf4e351 elementor-widget elementor-widget-spacer\" data-id=\"2cf4e351\" data-element_type=\"widget\" data-e-type=\"widget\" data-widget_type=\"spacer.default\">\n\t\t\t\t<div class=\"elementor-widget-container\">\n\t\t\t\t\t\t\t<div class=\"elementor-spacer\">\n\t\t\t<div class=\"elementor-spacer-inner\"><\/div>\n\t\t<\/div>\n\t\t\t\t\t\t<\/div>\n\t\t\t\t<\/div>\n\t\t\t\t\t<\/div>\n\t\t<\/div>\n\t\t\t\t\t<\/div>\n\t\t<\/section>\n\t\t\t\t<\/div>","protected":false},"excerpt":{"rendered":"<p>ProfiNRG Your Partner for Solar Projects in North-West Europe ProfiNRG, an experienced EPC contractor, specializes in ground-mounted solar projects across north-west Europe. We focus on supporting small and medium-sized solar project developers. While these developers excel at initiating projects, they often require assistance to bring them to fruition due to limited expertise, experience, or capital. [&hellip;]<\/p>\n","protected":false},"author":9,"featured_media":0,"parent":26062,"menu_order":0,"comment_status":"closed","ping_status":"closed","template":"","meta":{"footnotes":""},"class_list":["post-39672","page","type-page","status-publish","hentry"],"_links":{"self":[{"href":"https:\/\/profinrg.nl\/de\/wp-json\/wp\/v2\/pages\/39672","targetHints":{"allow":["GET"]}}],"collection":[{"href":"https:\/\/profinrg.nl\/de\/wp-json\/wp\/v2\/pages"}],"about":[{"href":"https:\/\/profinrg.nl\/de\/wp-json\/wp\/v2\/types\/page"}],"author":[{"embeddable":true,"href":"https:\/\/profinrg.nl\/de\/wp-json\/wp\/v2\/users\/9"}],"replies":[{"embeddable":true,"href":"https:\/\/profinrg.nl\/de\/wp-json\/wp\/v2\/comments?post=39672"}],"version-history":[{"count":0,"href":"https:\/\/profinrg.nl\/de\/wp-json\/wp\/v2\/pages\/39672\/revisions"}],"up":[{"embeddable":true,"href":"https:\/\/profinrg.nl\/de\/wp-json\/wp\/v2\/pages\/26062"}],"wp:attachment":[{"href":"https:\/\/profinrg.nl\/de\/wp-json\/wp\/v2\/media?parent=39672"}],"curies":[{"name":"wp","href":"https:\/\/api.w.org\/{rel}","templated":true}]}}