{"id":44395,"date":"2026-04-07T07:35:02","date_gmt":"2026-04-07T07:35:02","guid":{"rendered":"https:\/\/profinrg.nl\/?page_id=44395"},"modified":"2026-04-07T07:39:23","modified_gmt":"2026-04-07T07:39:23","slug":"leitender-projektleiter-solar-und-bess-international","status":"publish","type":"page","link":"https:\/\/profinrg.nl\/de\/vacatures\/senior-projectmanager-solar-en-bess-internationaal\/","title":{"rendered":"Senior Projektleiter Solar und BESS - international"},"content":{"rendered":"<div data-elementor-type=\"wp-page\" data-elementor-id=\"44395\" class=\"elementor elementor-44395\" data-elementor-post-type=\"page\">\n\t\t\t\t\t\t<section class=\"elementor-section elementor-top-section elementor-element elementor-element-56d54392 elementor-section-full_width elementor-section-height-default elementor-section-height-default\" data-id=\"56d54392\" data-element_type=\"section\" data-e-type=\"section\">\n\t\t\t\t\t\t<div class=\"elementor-container elementor-column-gap-default\">\n\t\t\t\t\t<div class=\"elementor-column elementor-col-100 elementor-top-column elementor-element elementor-element-2eb835f6\" data-id=\"2eb835f6\" data-element_type=\"column\" data-e-type=\"column\" data-settings=\"{&quot;background_background&quot;:&quot;classic&quot;}\">\n\t\t\t<div class=\"elementor-widget-wrap elementor-element-populated\">\n\t\t\t\t\t<div class=\"elementor-background-overlay\"><\/div>\n\t\t\t\t\t\t<div class=\"elementor-element elementor-element-9fa6a84 elementor-widget elementor-widget-image\" data-id=\"9fa6a84\" data-element_type=\"widget\" data-e-type=\"widget\" data-widget_type=\"image.default\">\n\t\t\t\t<div class=\"elementor-widget-container\">\n\t\t\t\t\t\t\t\t\t\t\t\t\t\t\t<img fetchpriority=\"high\" decoding=\"async\" width=\"1536\" height=\"1024\" src=\"https:\/\/profinrg.nl\/wp-content\/uploads\/2022\/09\/CB81D5168A1DE401C19226EFECDD8702-scalednoresize2-1536x1024.jpg\" class=\"attachment-1536x1536 size-1536x1536 wp-image-30307\" alt=\"Solarpark Zuidbroek im Bau durch ProfiNRG\" srcset=\"https:\/\/profinrg.nl\/wp-content\/uploads\/2022\/09\/CB81D5168A1DE401C19226EFECDD8702-scalednoresize2-1536x1024.jpg 1536w, https:\/\/profinrg.nl\/wp-content\/uploads\/2022\/09\/CB81D5168A1DE401C19226EFECDD8702-scalednoresize2-300x200.jpg 300w, https:\/\/profinrg.nl\/wp-content\/uploads\/2022\/09\/CB81D5168A1DE401C19226EFECDD8702-scalednoresize2-1024x682.jpg 1024w, https:\/\/profinrg.nl\/wp-content\/uploads\/2022\/09\/CB81D5168A1DE401C19226EFECDD8702-scalednoresize2-768x512.jpg 768w, https:\/\/profinrg.nl\/wp-content\/uploads\/2022\/09\/CB81D5168A1DE401C19226EFECDD8702-scalednoresize2.jpg 1916w\" sizes=\"(max-width: 1536px) 100vw, 1536px\" title=\"\">\t\t\t\t\t\t\t\t\t\t\t\t\t\t\t<\/div>\n\t\t\t\t<\/div>\n\t\t\t\t\t<\/div>\n\t\t<\/div>\n\t\t\t\t\t<\/div>\n\t\t<\/section>\n\t\t\t\t<section class=\"elementor-section elementor-top-section elementor-element elementor-element-430ee476 elementor-section-boxed elementor-section-height-default elementor-section-height-default elementor-invisible\" data-id=\"430ee476\" data-element_type=\"section\" data-e-type=\"section\" data-settings=\"{&quot;animation&quot;:&quot;fadeInLeft&quot;}\">\n\t\t\t\t\t\t<div class=\"elementor-container elementor-column-gap-default\">\n\t\t\t\t\t<div class=\"elementor-column elementor-col-100 elementor-top-column elementor-element elementor-element-475da254\" data-id=\"475da254\" data-element_type=\"column\" data-e-type=\"column\">\n\t\t\t<div class=\"elementor-widget-wrap elementor-element-populated\">\n\t\t\t\t\t\t<section class=\"elementor-section elementor-inner-section elementor-element elementor-element-e07e996 elementor-section-full_width elementor-section-height-default elementor-section-height-default\" data-id=\"e07e996\" data-element_type=\"section\" data-e-type=\"section\">\n\t\t\t\t\t\t<div class=\"elementor-container elementor-column-gap-default\">\n\t\t\t\t\t<div class=\"elementor-column elementor-col-100 elementor-inner-column elementor-element elementor-element-12b7cb52\" data-id=\"12b7cb52\" data-element_type=\"column\" data-e-type=\"column\">\n\t\t\t<div class=\"elementor-widget-wrap elementor-element-populated\">\n\t\t\t\t\t\t<div class=\"elementor-element elementor-element-405300c1 elementor-widget elementor-widget-text-editor\" data-id=\"405300c1\" data-element_type=\"widget\" data-e-type=\"widget\" data-widget_type=\"text-editor.default\">\n\t\t\t\t<div class=\"elementor-widget-container\">\n\t\t\t\t\t\t\t\t\t<p>PROFINRG - OFFENE STELLEN<\/p>\t\t\t\t\t\t\t\t<\/div>\n\t\t\t\t<\/div>\n\t\t\t\t\t<\/div>\n\t\t<\/div>\n\t\t\t\t\t<\/div>\n\t\t<\/section>\n\t\t\t\t<div class=\"elementor-element elementor-element-102418c9 elementor-widget-divider--view-line elementor-widget elementor-widget-divider\" data-id=\"102418c9\" data-element_type=\"widget\" data-e-type=\"widget\" data-widget_type=\"divider.default\">\n\t\t\t\t<div class=\"elementor-widget-container\">\n\t\t\t\t\t\t\t<div class=\"elementor-divider\">\n\t\t\t<span class=\"elementor-divider-separator\">\n\t\t\t\t\t\t<\/span>\n\t\t<\/div>\n\t\t\t\t\t\t<\/div>\n\t\t\t\t<\/div>\n\t\t\t\t<div class=\"elementor-element elementor-element-5a478b20 elementor-widget elementor-widget-heading\" data-id=\"5a478b20\" data-element_type=\"widget\" data-e-type=\"widget\" data-widget_type=\"heading.default\">\n\t\t\t\t<div class=\"elementor-widget-container\">\n\t\t\t\t\t<h2 class=\"elementor-heading-title elementor-size-default\">Are you our new<br>\n<b><b>Senior Project Manager Solar und BESS - international?<\/b><\/b><\/h2>\t\t\t\t<\/div>\n\t\t\t\t<\/div>\n\t\t\t\t\t<\/div>\n\t\t<\/div>\n\t\t\t\t\t<\/div>\n\t\t<\/section>\n\t\t\t\t<section class=\"elementor-section elementor-top-section elementor-element elementor-element-1f8fff08 elementor-section-boxed elementor-section-height-default elementor-section-height-default\" data-id=\"1f8fff08\" data-element_type=\"section\" data-e-type=\"section\" data-settings=\"{&quot;background_background&quot;:&quot;classic&quot;}\">\n\t\t\t\t\t\t<div class=\"elementor-container elementor-column-gap-default\">\n\t\t\t\t\t<div class=\"elementor-column elementor-col-100 elementor-top-column elementor-element elementor-element-403e503b\" data-id=\"403e503b\" data-element_type=\"column\" data-e-type=\"column\" data-settings=\"{&quot;background_background&quot;:&quot;classic&quot;}\">\n\t\t\t<div class=\"elementor-widget-wrap elementor-element-populated\">\n\t\t\t\t\t\t<div class=\"elementor-element elementor-element-215049f4 elementor-widget elementor-widget-spacer\" data-id=\"215049f4\" data-element_type=\"widget\" data-e-type=\"widget\" data-widget_type=\"spacer.default\">\n\t\t\t\t<div class=\"elementor-widget-container\">\n\t\t\t\t\t\t\t<div class=\"elementor-spacer\">\n\t\t\t<div class=\"elementor-spacer-inner\"><\/div>\n\t\t<\/div>\n\t\t\t\t\t\t<\/div>\n\t\t\t\t<\/div>\n\t\t\t\t<section class=\"elementor-section elementor-inner-section elementor-element elementor-element-355f7497 elementor-section-full_width elementor-section-height-default elementor-section-height-default\" data-id=\"355f7497\" data-element_type=\"section\" data-e-type=\"section\">\n\t\t\t\t\t\t<div class=\"elementor-container elementor-column-gap-default\">\n\t\t\t\t\t<div class=\"elementor-column elementor-col-50 elementor-inner-column elementor-element elementor-element-63d03e45\" data-id=\"63d03e45\" data-element_type=\"column\" data-e-type=\"column\">\n\t\t\t<div class=\"elementor-widget-wrap elementor-element-populated\">\n\t\t\t\t\t\t<div class=\"elementor-element elementor-element-5e6c3906 elementor-widget elementor-widget-jkit_heading\" data-id=\"5e6c3906\" data-element_type=\"widget\" data-e-type=\"widget\" data-widget_type=\"jkit_heading.default\">\n\t\t\t\t<div class=\"elementor-widget-container\">\n\t\t\t\t\t<div  class=\"jeg-elementor-kit jkit-heading  align-left align-tablet- align-mobile- jeg_module___69efb1d41b57c\" ><h3 class=\"heading-section-subtitle  style-color\">For the energy transition<\/h3><div class=\"heading-section-title  display-inline-block\"><h2 class=\"heading-title\">Senior Projektleiter Solar und BESS - international<\/h2><\/div><\/div>\t\t\t\t<\/div>\n\t\t\t\t<\/div>\n\t\t\t\t<div class=\"elementor-element elementor-element-630eaa26 elementor-widget elementor-widget-text-editor\" data-id=\"630eaa26\" data-element_type=\"widget\" data-e-type=\"widget\" data-widget_type=\"text-editor.default\">\n\t\t\t\t<div class=\"elementor-widget-container\">\n\t\t\t\t\t\t\t\t\t<p><em>Utrecht\/Hybrid | 40 Std.\/Woche | HBO \/WO<\/em><\/p><p>ProfiNRG ist eines der f\u00fchrenden und erfolgreichsten (Solar-)Energieunternehmen in den Niederlanden mit Sitz in Utrecht. Wir sind seit mehr als 10 Jahren in der Entwicklung, dem Verkauf, der Realisierung und der Wartung von gro\u00dfen Solarenergiesystemen f\u00fcr den C&amp;I (Commercial &amp; Industry) und Utility Markt t\u00e4tig. Wir realisieren gro\u00dfe Solarparks und entwerfen und liefern integrierte L\u00f6sungen f\u00fcr erneuerbare Energien, die unter anderem aus BESS (Batterie-Energie-Speicher-Systemen), EV (Elektrofahrzeug)-Ladel\u00f6sungen und Energiemanagement-L\u00f6sungen bestehen. Wir sind in den Benelux-L\u00e4ndern, Frankreich, Gro\u00dfbritannien, Deutschland und Skandinavien t\u00e4tig.\u00a0<\/p><p><strong>Die Funktion <\/strong><\/p><p>Als Senior Project Manager Solar and BESS sorgen Sie f\u00fcr einen optimalen Verlauf unserer Projekte von Anfang bis Ende: Sie behalten den \u00dcberblick \u00fcber Technik, Sicherheit, Planung und Budget. Im Durchschnitt besuchen Sie zweimal pro Monat Projekte in den Niederlanden und\/oder im Ausland.  Sie sind der Dreh- und Angelpunkt des Projekts und sorgen daf\u00fcr, dass alles technisch, organisatorisch und finanziell reibungslos abl\u00e4uft. Sie sind das Bindeglied zwischen Kunde, Team und Umsetzung.<\/p><p>Ihre Aufgaben:<\/p><ul><li>Sie sind f\u00fcr die Realisierung komplexer Solar-Gro\u00dfprojekte von der Idee bis zur Fertigstellung verantwortlich;<\/li><li>Sie legen Planungs- und Qualit\u00e4tsverfahren fest und \u00fcberwachen die Fortschritte;<\/li><li>Sie \u00fcberwachen das Budget und sind f\u00fcr das finanzielle Ergebnis verantwortlich;<\/li><li>Sie leiten die Ingenieure und Bauleiter;<\/li><li>Sie sorgen daf\u00fcr, dass die Projekte nachweislich den vertraglichen Verpflichtungen entsprechen;<\/li><li>Sie \u00fcberwachen die Beschaffungsprozesse und sorgen f\u00fcr die Ausf\u00fchrung;<\/li><li>Sie stehen in Kontakt mit externen Beratern, Kunden, Lieferanten und der internen Organisation;<\/li><li>Sie behalten w\u00e4hrend des gesamten Prozesses den \u00dcberblick \u00fcber Technik, Sicherheit, Planung, Qualit\u00e4t und Budget;<\/li><li>Sie besuchen (internationale) Projektstandorte, \u00fcberwachen die Arbeiten und nehmen erforderlichenfalls Anpassungen vor;<\/li><li>Sie arbeiten aktiv an der Verbesserung von Prozessen und Effizienz.<\/li><\/ul><p>Sie arbeiten von unserem Hauptsitz in Utrecht aus und sind bereit, Ihre Projekte im In- und Ausland im Durchschnitt zweimal im Monat zu besuchen.<\/p><p><strong>Was bringen Sie mit?<\/strong><\/p><p>Sie sind ein unternehmungslustiger und proaktiver Profi mit Erfahrung in der Verwaltung gro\u00dfer, komplexer Projekte und Vertr\u00e4ge. Mit Ihrer internationalen Erfahrung und Ihrer Leidenschaft f\u00fcr erneuerbare Energien sorgen Sie f\u00fcr Struktur, Ergebnisse und Fortschritt, immer mit einem Auge f\u00fcr Qualit\u00e4t und Zusammenarbeit.<\/p><p>Und weiter:<\/p><ul><li>Sie haben mindestens einen Hochschulabschluss in einem technischen Bereich: Elektrotechnik, Physik oder Maschinenbau sind von Vorteil;<\/li><li>Sie haben mindestens 5 Jahre Erfahrung in multidisziplin\u00e4ren Projekten mit ausgepr\u00e4gtem technischem Charakter, Erfahrung mit Solar- oder BESS ist von Vorteil;<\/li><li>Sie haben internationale Berufserfahrung;<\/li><li>Sie verf\u00fcgen \u00fcber gute Kommunikationsf\u00e4higkeiten;<\/li><li>Sie sprechen und schreiben flie\u00dfend Englisch, Deutsch ist von Vorteil;<\/li><li>Sie sind im Besitz des F\u00fchrerscheins B.<\/li><\/ul><p><strong><br \/>Was bieten wir an?<\/strong><\/p><p>ProfiNRG bietet Ihnen als Senior Project Manager Solar und BESS die einmalige Chance, in einer jungen und dynamischen Organisation etwas zu bewegen und eine nachhaltige Welt zu gestalten.<\/p><ul><li>Ein wettbewerbsf\u00e4higes Gehalt, das Ihren Kenntnissen und Erfahrungen entspricht;<\/li><li>Bonus von bis zu 1 Bruttomonatsgehalt in Abh\u00e4ngigkeit vom EBITDA der Organisation;<\/li><li>Rentenbeitrag 1\/3 Arbeitnehmer, 2\/3 Arbeitgeber;<\/li><li>28 days of leave for full-time employment;<\/li><li>Firmenwagen;<\/li><li>Heimarbeitsverg\u00fctung 2,35 \u20ac pro Tag (maximal 2 Tage pro Woche);<\/li><li>Work Laptop and mobile phone.<\/li><\/ul><p><strong><br \/>Interested?<\/strong><\/p><p>Are you interested in this position? Then please send a short motivation and your CV to <a href=\"mailto:recruitment@profinrg.com\">mailto:recruitment@profinrg.com<\/a>. F\u00fcr weitere Informationen \u00fcber diese Stelle wenden Sie sich bitte an <b>Corina den Besten<\/b> \u00fcber die oben erw\u00e4hnte E-Mail oder <a href=\"tel: 030-2658512\">030-2658512<\/a>.<\/p><p><em>Acquisition in response to this vacancy is not appreciated.<\/em><\/p>\t\t\t\t\t\t\t\t<\/div>\n\t\t\t\t<\/div>\n\t\t\t\t<div class=\"elementor-element elementor-element-63c4a15 elementor-align-left elementor-widget__width-initial elementor-widget elementor-widget-elementskit-button\" data-id=\"63c4a15\" data-element_type=\"widget\" data-e-type=\"widget\" data-widget_type=\"elementskit-button.default\">\n\t\t\t\t<div class=\"elementor-widget-container\">\n\t\t\t\t\t<div class=\"ekit-wid-con\" >\t\t<div class=\"ekit-btn-wraper\">\n\t\t\t\t\t\t\t<a href=\"\/de\/anwenden-2\/\" class=\"elementskit-btn  whitespace--normal\" id=\"\">\n\t\t\t\t\tApply now\t\t\t\t<\/a>\n\t\t\t\t\t<\/div>\n        <\/div>\t\t\t\t<\/div>\n\t\t\t\t<\/div>\n\t\t\t\t<div class=\"elementor-element elementor-element-7df791cc elementor-align-right elementor-widget__width-initial elementor-widget elementor-widget-elementskit-button\" data-id=\"7df791cc\" data-element_type=\"widget\" data-e-type=\"widget\" data-widget_type=\"elementskit-button.default\">\n\t\t\t\t<div class=\"elementor-widget-container\">\n\t\t\t\t\t<div class=\"ekit-wid-con\" >\t\t<div class=\"ekit-btn-wraper\">\n\t\t\t\t\t\t\t<a href=\"\/de\/freie-stellen-2\/\" class=\"elementskit-btn  whitespace--normal\" id=\"\">\n\t\t\t\t\tZur\u00fcck zur Job\u00fcbersicht\t\t\t\t<\/a>\n\t\t\t\t\t<\/div>\n        <\/div>\t\t\t\t<\/div>\n\t\t\t\t<\/div>\n\t\t\t\t\t<\/div>\n\t\t<\/div>\n\t\t\t\t<div class=\"elementor-column elementor-col-50 elementor-inner-column elementor-element elementor-element-4e48a80\" data-id=\"4e48a80\" data-element_type=\"column\" data-e-type=\"column\">\n\t\t\t<div class=\"elementor-widget-wrap elementor-element-populated\">\n\t\t\t\t\t\t<section class=\"elementor-section elementor-inner-section elementor-element elementor-element-4886c0b3 elementor-section-boxed elementor-section-height-default elementor-section-height-default\" data-id=\"4886c0b3\" data-element_type=\"section\" data-e-type=\"section\">\n\t\t\t\t\t\t<div class=\"elementor-container elementor-column-gap-default\">\n\t\t\t\t\t<div class=\"elementor-column elementor-col-100 elementor-inner-column elementor-element elementor-element-cfd03c7\" data-id=\"cfd03c7\" data-element_type=\"column\" data-e-type=\"column\">\n\t\t\t<div class=\"elementor-widget-wrap elementor-element-populated\">\n\t\t\t\t\t\t<div class=\"elementor-element elementor-element-694baa40 elementor-widget elementor-widget-image\" data-id=\"694baa40\" data-element_type=\"widget\" data-e-type=\"widget\" data-widget_type=\"image.default\">\n\t\t\t\t<div class=\"elementor-widget-container\">\n\t\t\t\t\t\t\t\t\t\t\t\t\t\t\t<img decoding=\"async\" width=\"800\" height=\"533\" src=\"https:\/\/profinrg.nl\/wp-content\/uploads\/2025\/12\/OW8A9807-1024x682.jpg\" class=\"attachment-large size-large wp-image-43880\" alt=\"\" srcset=\"https:\/\/profinrg.nl\/wp-content\/uploads\/2025\/12\/OW8A9807-1024x682.jpg 1024w, https:\/\/profinrg.nl\/wp-content\/uploads\/2025\/12\/OW8A9807-300x200.jpg 300w, https:\/\/profinrg.nl\/wp-content\/uploads\/2025\/12\/OW8A9807-768x512.jpg 768w, https:\/\/profinrg.nl\/wp-content\/uploads\/2025\/12\/OW8A9807-18x12.jpg 18w, https:\/\/profinrg.nl\/wp-content\/uploads\/2025\/12\/OW8A9807.jpg 1280w\" sizes=\"(max-width: 800px) 100vw, 800px\" title=\"\">\t\t\t\t\t\t\t\t\t\t\t\t\t\t\t<\/div>\n\t\t\t\t<\/div>\n\t\t\t\t\t<\/div>\n\t\t<\/div>\n\t\t\t\t\t<\/div>\n\t\t<\/section>\n\t\t\t\t<section class=\"elementor-section elementor-inner-section elementor-element elementor-element-7765ea45 elementor-section-boxed elementor-section-height-default elementor-section-height-default\" data-id=\"7765ea45\" data-element_type=\"section\" data-e-type=\"section\">\n\t\t\t\t\t\t<div class=\"elementor-container elementor-column-gap-no\">\n\t\t\t\t\t<div class=\"elementor-column elementor-col-100 elementor-inner-column elementor-element elementor-element-465d788b\" data-id=\"465d788b\" data-element_type=\"column\" data-e-type=\"column\">\n\t\t\t<div class=\"elementor-widget-wrap elementor-element-populated\">\n\t\t\t\t\t\t<div class=\"elementor-element elementor-element-22a95566 jkit-equal-height-disable elementor-widget elementor-widget-jkit_image_box\" data-id=\"22a95566\" data-element_type=\"widget\" data-e-type=\"widget\" data-widget_type=\"jkit_image_box.default\">\n\t\t\t\t<div class=\"elementor-widget-container\">\n\t\t\t\t\t<div  class=\"jeg-elementor-kit jkit-image-box style-default elementor-animation- jeg_module__1_69efb1d41c317\" ><div class=\"image-box-header elementor-animation-\"><\/div><div class=\"image-box-body\">\n            <div class=\"body-inner\"><h2 class=\"body-title icon-position-before\">Kontakt<\/h2>\n                <div class=\"body-description\"><p>Are you interested in this position? Then please send a short motivation and your CV to <a href=\"mailto:recruitment@profinrg.com\">mailto:recruitment@profinrg.com<\/a>.<\/p><p>F\u00fcr weitere Informationen \u00fcber diese Stelle wenden Sie sich bitte an Corina den Besten unter der oben genannten E-Mail-Adresse oder <a href=\"tel:0302658512\">+030-2658512<\/a>.<\/p><\/div>\n                <div class=\"body-button\"><\/div>\n                \n            <\/div>\n        <\/div><\/div>\t\t\t\t<\/div>\n\t\t\t\t<\/div>\n\t\t\t\t\t<\/div>\n\t\t<\/div>\n\t\t\t\t\t<\/div>\n\t\t<\/section>\n\t\t\t\t\t<\/div>\n\t\t<\/div>\n\t\t\t\t\t<\/div>\n\t\t<\/section>\n\t\t\t\t<div class=\"elementor-element elementor-element-1ca85073 elementor-widget elementor-widget-spacer\" data-id=\"1ca85073\" data-element_type=\"widget\" data-e-type=\"widget\" data-widget_type=\"spacer.default\">\n\t\t\t\t<div class=\"elementor-widget-container\">\n\t\t\t\t\t\t\t<div class=\"elementor-spacer\">\n\t\t\t<div class=\"elementor-spacer-inner\"><\/div>\n\t\t<\/div>\n\t\t\t\t\t\t<\/div>\n\t\t\t\t<\/div>\n\t\t\t\t\t<\/div>\n\t\t<\/div>\n\t\t\t\t\t<\/div>\n\t\t<\/section>\n\t\t\t\t<\/div>","protected":false},"excerpt":{"rendered":"<p>PROFINRG \u2013 VACATURES Ben jij onze nieuwe Senior Projectmanager Solar en BESS &#8211; internationaal? Voor de energietransitie Senior Projectmanager Solar en BESS &#8211; internationaal Utrecht\/hybride | 40 uur\/wk | HBO \/WO ProfiNRG is een van de meest toonaangevende en succesvolle (zonne-)energiebedrijven in Nederland, gevestigd in Utrecht. Wij zijn al meer dan 10 jaar actief in [&hellip;]<\/p>\n","protected":false},"author":3,"featured_media":43880,"parent":24376,"menu_order":0,"comment_status":"closed","ping_status":"closed","template":"elementor_header_footer","meta":{"footnotes":""},"class_list":["post-44395","page","type-page","status-publish","has-post-thumbnail","hentry"],"_links":{"self":[{"href":"https:\/\/profinrg.nl\/de\/wp-json\/wp\/v2\/pages\/44395","targetHints":{"allow":["GET"]}}],"collection":[{"href":"https:\/\/profinrg.nl\/de\/wp-json\/wp\/v2\/pages"}],"about":[{"href":"https:\/\/profinrg.nl\/de\/wp-json\/wp\/v2\/types\/page"}],"author":[{"embeddable":true,"href":"https:\/\/profinrg.nl\/de\/wp-json\/wp\/v2\/users\/3"}],"replies":[{"embeddable":true,"href":"https:\/\/profinrg.nl\/de\/wp-json\/wp\/v2\/comments?post=44395"}],"version-history":[{"count":7,"href":"https:\/\/profinrg.nl\/de\/wp-json\/wp\/v2\/pages\/44395\/revisions"}],"predecessor-version":[{"id":44402,"href":"https:\/\/profinrg.nl\/de\/wp-json\/wp\/v2\/pages\/44395\/revisions\/44402"}],"up":[{"embeddable":true,"href":"https:\/\/profinrg.nl\/de\/wp-json\/wp\/v2\/pages\/24376"}],"wp:featuredmedia":[{"embeddable":true,"href":"https:\/\/profinrg.nl\/de\/wp-json\/wp\/v2\/media\/43880"}],"wp:attachment":[{"href":"https:\/\/profinrg.nl\/de\/wp-json\/wp\/v2\/media?parent=44395"}],"curies":[{"name":"wp","href":"https:\/\/api.w.org\/{rel}","templated":true}]}}