{"id":44433,"date":"2026-04-09T09:19:34","date_gmt":"2026-04-09T09:19:34","guid":{"rendered":"https:\/\/profinrg.nl\/?page_id=44433"},"modified":"2026-04-09T09:23:59","modified_gmt":"2026-04-09T09:23:59","slug":"vertriebsingenieur-solar-bess","status":"publish","type":"page","link":"https:\/\/profinrg.nl\/de\/vacatures\/sales-engineer-solar-bess\/","title":{"rendered":"Vertriebsingenieur Solar &amp; BESS"},"content":{"rendered":"<div data-elementor-type=\"wp-page\" data-elementor-id=\"44433\" class=\"elementor elementor-44433\" data-elementor-post-type=\"page\">\n\t\t\t\t\t\t<section class=\"elementor-section elementor-top-section elementor-element elementor-element-163e7c07 elementor-section-full_width elementor-section-height-default elementor-section-height-default\" data-id=\"163e7c07\" data-element_type=\"section\" data-e-type=\"section\">\n\t\t\t\t\t\t<div class=\"elementor-container elementor-column-gap-default\">\n\t\t\t\t\t<div class=\"elementor-column elementor-col-100 elementor-top-column elementor-element elementor-element-2c18f221\" data-id=\"2c18f221\" data-element_type=\"column\" data-e-type=\"column\" data-settings=\"{&quot;background_background&quot;:&quot;classic&quot;}\">\n\t\t\t<div class=\"elementor-widget-wrap elementor-element-populated\">\n\t\t\t\t\t<div class=\"elementor-background-overlay\"><\/div>\n\t\t\t\t\t\t<div class=\"elementor-element elementor-element-506a16ec elementor-widget elementor-widget-image\" data-id=\"506a16ec\" data-element_type=\"widget\" data-e-type=\"widget\" data-widget_type=\"image.default\">\n\t\t\t\t<div class=\"elementor-widget-container\">\n\t\t\t\t\t\t\t\t\t\t\t\t\t\t\t<img fetchpriority=\"high\" decoding=\"async\" width=\"1536\" height=\"1024\" src=\"https:\/\/profinrg.nl\/wp-content\/uploads\/2022\/09\/CB81D5168A1DE401C19226EFECDD8702-scalednoresize2-1536x1024.jpg\" class=\"attachment-1536x1536 size-1536x1536 wp-image-30307\" alt=\"Solarpark Zuidbroek im Bau durch ProfiNRG\" srcset=\"https:\/\/profinrg.nl\/wp-content\/uploads\/2022\/09\/CB81D5168A1DE401C19226EFECDD8702-scalednoresize2-1536x1024.jpg 1536w, https:\/\/profinrg.nl\/wp-content\/uploads\/2022\/09\/CB81D5168A1DE401C19226EFECDD8702-scalednoresize2-300x200.jpg 300w, https:\/\/profinrg.nl\/wp-content\/uploads\/2022\/09\/CB81D5168A1DE401C19226EFECDD8702-scalednoresize2-1024x682.jpg 1024w, https:\/\/profinrg.nl\/wp-content\/uploads\/2022\/09\/CB81D5168A1DE401C19226EFECDD8702-scalednoresize2-768x512.jpg 768w, https:\/\/profinrg.nl\/wp-content\/uploads\/2022\/09\/CB81D5168A1DE401C19226EFECDD8702-scalednoresize2.jpg 1916w\" sizes=\"(max-width: 1536px) 100vw, 1536px\" title=\"\">\t\t\t\t\t\t\t\t\t\t\t\t\t\t\t<\/div>\n\t\t\t\t<\/div>\n\t\t\t\t\t<\/div>\n\t\t<\/div>\n\t\t\t\t\t<\/div>\n\t\t<\/section>\n\t\t\t\t<section class=\"elementor-section elementor-top-section elementor-element elementor-element-a57c1ac elementor-section-boxed elementor-section-height-default elementor-section-height-default elementor-invisible\" data-id=\"a57c1ac\" data-element_type=\"section\" data-e-type=\"section\" data-settings=\"{&quot;animation&quot;:&quot;fadeInLeft&quot;}\">\n\t\t\t\t\t\t<div class=\"elementor-container elementor-column-gap-default\">\n\t\t\t\t\t<div class=\"elementor-column elementor-col-100 elementor-top-column elementor-element elementor-element-568febd7\" data-id=\"568febd7\" data-element_type=\"column\" data-e-type=\"column\">\n\t\t\t<div class=\"elementor-widget-wrap elementor-element-populated\">\n\t\t\t\t\t\t<section class=\"elementor-section elementor-inner-section elementor-element elementor-element-3cc0b088 elementor-section-full_width elementor-section-height-default elementor-section-height-default\" data-id=\"3cc0b088\" data-element_type=\"section\" data-e-type=\"section\">\n\t\t\t\t\t\t<div class=\"elementor-container elementor-column-gap-default\">\n\t\t\t\t\t<div class=\"elementor-column elementor-col-100 elementor-inner-column elementor-element elementor-element-2b2693eb\" data-id=\"2b2693eb\" data-element_type=\"column\" data-e-type=\"column\">\n\t\t\t<div class=\"elementor-widget-wrap elementor-element-populated\">\n\t\t\t\t\t\t<div class=\"elementor-element elementor-element-488feec5 elementor-widget elementor-widget-text-editor\" data-id=\"488feec5\" data-element_type=\"widget\" data-e-type=\"widget\" data-widget_type=\"text-editor.default\">\n\t\t\t\t<div class=\"elementor-widget-container\">\n\t\t\t\t\t\t\t\t\t<p>PROFINRG - OFFENE STELLEN<\/p>\t\t\t\t\t\t\t\t<\/div>\n\t\t\t\t<\/div>\n\t\t\t\t\t<\/div>\n\t\t<\/div>\n\t\t\t\t\t<\/div>\n\t\t<\/section>\n\t\t\t\t<div class=\"elementor-element elementor-element-7bbeb4ab elementor-widget-divider--view-line elementor-widget elementor-widget-divider\" data-id=\"7bbeb4ab\" data-element_type=\"widget\" data-e-type=\"widget\" data-widget_type=\"divider.default\">\n\t\t\t\t<div class=\"elementor-widget-container\">\n\t\t\t\t\t\t\t<div class=\"elementor-divider\">\n\t\t\t<span class=\"elementor-divider-separator\">\n\t\t\t\t\t\t<\/span>\n\t\t<\/div>\n\t\t\t\t\t\t<\/div>\n\t\t\t\t<\/div>\n\t\t\t\t<div class=\"elementor-element elementor-element-1abe7e9e elementor-widget elementor-widget-heading\" data-id=\"1abe7e9e\" data-element_type=\"widget\" data-e-type=\"widget\" data-widget_type=\"heading.default\">\n\t\t\t\t<div class=\"elementor-widget-container\">\n\t\t\t\t\t<h2 class=\"elementor-heading-title elementor-size-default\">Are you our new<br>\n<b><b>Vertriebsingenieur Solar &amp; BESS?<\/b><\/b><\/h2>\t\t\t\t<\/div>\n\t\t\t\t<\/div>\n\t\t\t\t\t<\/div>\n\t\t<\/div>\n\t\t\t\t\t<\/div>\n\t\t<\/section>\n\t\t\t\t<section class=\"elementor-section elementor-top-section elementor-element elementor-element-1a003b25 elementor-section-boxed elementor-section-height-default elementor-section-height-default\" data-id=\"1a003b25\" data-element_type=\"section\" data-e-type=\"section\" data-settings=\"{&quot;background_background&quot;:&quot;classic&quot;}\">\n\t\t\t\t\t\t<div class=\"elementor-container elementor-column-gap-default\">\n\t\t\t\t\t<div class=\"elementor-column elementor-col-100 elementor-top-column elementor-element elementor-element-5720f99\" data-id=\"5720f99\" data-element_type=\"column\" data-e-type=\"column\" data-settings=\"{&quot;background_background&quot;:&quot;classic&quot;}\">\n\t\t\t<div class=\"elementor-widget-wrap elementor-element-populated\">\n\t\t\t\t\t\t<div class=\"elementor-element elementor-element-7eb88ea5 elementor-widget elementor-widget-spacer\" data-id=\"7eb88ea5\" data-element_type=\"widget\" data-e-type=\"widget\" data-widget_type=\"spacer.default\">\n\t\t\t\t<div class=\"elementor-widget-container\">\n\t\t\t\t\t\t\t<div class=\"elementor-spacer\">\n\t\t\t<div class=\"elementor-spacer-inner\"><\/div>\n\t\t<\/div>\n\t\t\t\t\t\t<\/div>\n\t\t\t\t<\/div>\n\t\t\t\t<section class=\"elementor-section elementor-inner-section elementor-element elementor-element-3d614627 elementor-section-full_width elementor-section-height-default elementor-section-height-default\" data-id=\"3d614627\" data-element_type=\"section\" data-e-type=\"section\">\n\t\t\t\t\t\t<div class=\"elementor-container elementor-column-gap-default\">\n\t\t\t\t\t<div class=\"elementor-column elementor-col-50 elementor-inner-column elementor-element elementor-element-195471f9\" data-id=\"195471f9\" data-element_type=\"column\" data-e-type=\"column\">\n\t\t\t<div class=\"elementor-widget-wrap elementor-element-populated\">\n\t\t\t\t\t\t<div class=\"elementor-element elementor-element-3002c840 elementor-widget elementor-widget-jkit_heading\" data-id=\"3002c840\" data-element_type=\"widget\" data-e-type=\"widget\" data-widget_type=\"jkit_heading.default\">\n\t\t\t\t<div class=\"elementor-widget-container\">\n\t\t\t\t\t<div  class=\"jeg-elementor-kit jkit-heading  align-left align-tablet- align-mobile- jeg_module___69f19f5af117d\" ><h3 class=\"heading-section-subtitle  style-color\">For the energy transition<\/h3><div class=\"heading-section-title  display-inline-block\"><h2 class=\"heading-title\">Vertriebsingenieur Solar &amp; BESS<\/h2><\/div><\/div>\t\t\t\t<\/div>\n\t\t\t\t<\/div>\n\t\t\t\t<div class=\"elementor-element elementor-element-39401243 elementor-widget elementor-widget-text-editor\" data-id=\"39401243\" data-element_type=\"widget\" data-e-type=\"widget\" data-widget_type=\"text-editor.default\">\n\t\t\t\t<div class=\"elementor-widget-container\">\n\t\t\t\t\t\t\t\t\t<p><em>Utrecht \/ Hybrid | 40 Stunden pro Woche | Bachelor\/Master-Abschluss | \u00a0<\/em><\/p><p>ProfiNRG ist eines der f\u00fchrenden und erfolgreichsten (Solar-)Energieunternehmen in den Niederlanden mit Sitz in Utrecht. Seit mehr als 10 Jahren sind wir in der Entwicklung, dem Verkauf, der Realisierung und der Wartung von gro\u00dfen Solarenergiesystemen f\u00fcr den C&amp;I (Commercial &amp; Industrial) und Utility Markt t\u00e4tig. Wir entwickeln gro\u00dfe Solarparks und entwerfen und liefern integrierte L\u00f6sungen f\u00fcr erneuerbare Energien, einschlie\u00dflich EV-Ladesysteme, Batterien, Solarmodule und Energiemanagementsysteme.<\/p><p>Aufgrund unserer internationalen Wachstumsambitionen (Benelux, Frankreich, Deutschland und Skandinavien) suchen wir eine\/n\u00a0<strong>Vertriebsingenieur Solar &amp; BESS<\/strong>.<\/p><p><strong>Die Funktion<\/strong><\/p><p>Sie kombinieren technisches Wissen mit kaufm\u00e4nnischem Verst\u00e4ndnis, indem Sie klare Kalkulationen, Business Cases und Ausschreibungsunterlagen f\u00fcr Solar- und Batteriesysteme erstellen. Als technischer Ansprechpartner stellen Sie sicher, dass die L\u00f6sungen sicher sind, allen Vorschriften entsprechen und dass Kollegen und Partner gut zusammenarbeiten und verstehen, was ben\u00f6tigt wird. Sie helfen auch bei der Verbesserung und Vereinfachung von L\u00f6sungen und tragen zu neuen Produkten und Ideen f\u00fcr die Zukunft bei.<\/p><p><strong>Ihre Verantwortlichkeiten<\/strong><\/p><ul><li>Unterst\u00fctzung von Ausschreibungsverfahren: Vorbereitung der technischen Komponenten von Ausschreibungen, RFIs, RFPs und Angeboten; Sicherstellung der technischen Konformit\u00e4t und Hervorhebung des Unterscheidungswerts.<\/li><li>Entwicklung von Systemleistungsanalysen und Business Cases: Modellierung von Systemertr\u00e4gen, Ladeprofilen, Batteriezyklen und ROI-Berechnungen zur Unterst\u00fctzung kommerzieller Angebote.<\/li><li>Risikoanalyse und Durchf\u00fchrbarkeitsstudien: Ermittlung von technischen, finanziellen und Umsetzungsrisiken (einschlie\u00dflich Netzengp\u00e4ssen, Sicherheitsvorkehrungen, Genehmigungsrisiken und PGS37-1-Anforderungen).<\/li><li>Gew\u00e4hrleistung der Einhaltung von Normen und Vorschriften: \u00dcberpr\u00fcfung, ob die L\u00f6sungen den NEN-, IEC- und EU-Richtlinien, den Anforderungen der Netzbetreiber und den PGS-Richtlinien entsprechen.<\/li><li>technischer Ansprechpartner f\u00fcr Kunden, Lieferanten, Zertifizierungsstellen und Engineering-Partner bei Ausschreibungen<\/li><\/ul><p><br \/>Sie werden von unserem B\u00fcro in Utrecht aus arbeiten.<\/p><p><strong>Was Sie mitbringen sollten<\/strong><\/p><p>Sie sind proaktiv, strukturiert und l\u00f6sungsorientiert, verf\u00fcgen \u00fcber eine solide technische Basis und haben eine pragmatische, kommerzielle Einstellung. Sie sind ein echter Teamplayer und bewegen sich leicht zwischen Technik, Ausschreibungsverfahren und Management. Kenntnisse und Erfahrungen mit Batteriespeichersystemen (BESS) sind f\u00fcr diese Position ein Muss.<\/p><p><strong>Dar\u00fcber hinaus verf\u00fcgen Sie \u00fcber:<\/strong><\/p><ul><li>Ein Bachelor- oder Masterabschluss in Elektrotechnik, Energietechnik oder einem anderen relevanten technischen Bereich;<\/li><li>Erfahrung mit Solarenergiesystemen (PV), Batteriespeichersystemen (BESS), EMS und EV-Systemen;<\/li><li>Erfahrung mit Ausschreibungs- und Beschaffungsverfahren (RFI\/RFP\/Angebote) ist von Vorteil;<\/li><li>Vertrautheit mit Normen und Vorschriften;<\/li><li>Ausgezeichnete Kommunikationsf\u00e4higkeiten in Englisch sind ein Muss, Niederl\u00e4ndisch ein gro\u00dfes Plus;<\/li><\/ul><p>\u00a0<\/p><p><strong>Was wir anbieten<\/strong><\/p><p>ProfiNRG bietet Ihnen als Vertriebsingenieur Solar und BESS eine einmalige Chance, in einem jungen und dynamischen Unternehmen etwas zu bewegen und zu einer nachhaltigen Zukunft beizutragen.<\/p><ul><li>Ein wettbewerbsf\u00e4higes Gehalt;<\/li><li>J\u00e4hrlicher Unternehmensbonus von bis zu einem Bruttomonatsgehalt, abh\u00e4ngig vom EBITDA des Unternehmens;<\/li><li>Individueller Bonus;<\/li><li>Rentenversicherung (1\/3 Arbeitnehmerbeitrag, 2\/3 Arbeitgeberbeitrag);<\/li><li>28 Urlaubstage pro Jahr (auf Vollzeitbasis);<\/li><li>Heimarbeitsverg\u00fctung von 2,35 \u20ac pro Tag (maximal zwei Tage pro Woche);<\/li><li>Firmenlaptop und Mobiltelefon.<\/li><\/ul><p><strong><br \/>Interested?<\/strong><\/p><p>Are you interested in this position? Then please send a short motivation and your CV to <a href=\"mailto:recruitment@profinrg.com\">mailto:recruitment@profinrg.com<\/a>. F\u00fcr weitere Informationen \u00fcber diese Stelle wenden Sie sich bitte an Corina den Besten unter der oben genannten E-Mail-Adresse oder <a href=\"tel: 030-2658512\">030-2658512<\/a>.<\/p><p><em>Acquisition in response to this vacancy is not appreciated.<\/em><\/p>\t\t\t\t\t\t\t\t<\/div>\n\t\t\t\t<\/div>\n\t\t\t\t<div class=\"elementor-element elementor-element-5744011c elementor-align-left elementor-widget__width-initial elementor-widget elementor-widget-elementskit-button\" data-id=\"5744011c\" data-element_type=\"widget\" data-e-type=\"widget\" data-widget_type=\"elementskit-button.default\">\n\t\t\t\t<div class=\"elementor-widget-container\">\n\t\t\t\t\t<div class=\"ekit-wid-con\" >\t\t<div class=\"ekit-btn-wraper\">\n\t\t\t\t\t\t\t<a href=\"\/de\/anwenden-2\/\" class=\"elementskit-btn  whitespace--normal\" id=\"\">\n\t\t\t\t\tApply now\t\t\t\t<\/a>\n\t\t\t\t\t<\/div>\n        <\/div>\t\t\t\t<\/div>\n\t\t\t\t<\/div>\n\t\t\t\t<div class=\"elementor-element elementor-element-5c57e8ad elementor-align-right elementor-widget__width-initial elementor-widget elementor-widget-elementskit-button\" data-id=\"5c57e8ad\" data-element_type=\"widget\" data-e-type=\"widget\" data-widget_type=\"elementskit-button.default\">\n\t\t\t\t<div class=\"elementor-widget-container\">\n\t\t\t\t\t<div class=\"ekit-wid-con\" >\t\t<div class=\"ekit-btn-wraper\">\n\t\t\t\t\t\t\t<a href=\"\/de\/freie-stellen-2\/\" class=\"elementskit-btn  whitespace--normal\" id=\"\">\n\t\t\t\t\tZur\u00fcck zur Job\u00fcbersicht\t\t\t\t<\/a>\n\t\t\t\t\t<\/div>\n        <\/div>\t\t\t\t<\/div>\n\t\t\t\t<\/div>\n\t\t\t\t\t<\/div>\n\t\t<\/div>\n\t\t\t\t<div class=\"elementor-column elementor-col-50 elementor-inner-column elementor-element elementor-element-1c340b58\" data-id=\"1c340b58\" data-element_type=\"column\" data-e-type=\"column\">\n\t\t\t<div class=\"elementor-widget-wrap elementor-element-populated\">\n\t\t\t\t\t\t<section class=\"elementor-section elementor-inner-section elementor-element elementor-element-65f54543 elementor-section-boxed elementor-section-height-default elementor-section-height-default\" data-id=\"65f54543\" data-element_type=\"section\" data-e-type=\"section\">\n\t\t\t\t\t\t<div class=\"elementor-container elementor-column-gap-default\">\n\t\t\t\t\t<div class=\"elementor-column elementor-col-100 elementor-inner-column elementor-element elementor-element-4b5fe53c\" data-id=\"4b5fe53c\" data-element_type=\"column\" data-e-type=\"column\">\n\t\t\t<div class=\"elementor-widget-wrap elementor-element-populated\">\n\t\t\t\t\t\t<div class=\"elementor-element elementor-element-491487ec elementor-widget elementor-widget-image\" data-id=\"491487ec\" data-element_type=\"widget\" data-e-type=\"widget\" data-widget_type=\"image.default\">\n\t\t\t\t<div class=\"elementor-widget-container\">\n\t\t\t\t\t\t\t\t\t\t\t\t\t\t\t<img decoding=\"async\" width=\"800\" height=\"534\" src=\"https:\/\/profinrg.nl\/wp-content\/uploads\/2023\/12\/OW8A2191-1024x683.jpg\" class=\"attachment-large size-large wp-image-36165\" alt=\"freie Stelle als Projektleiter f\u00fcr einen Solarpark\" srcset=\"https:\/\/profinrg.nl\/wp-content\/uploads\/2023\/12\/OW8A2191-1024x683.jpg 1024w, https:\/\/profinrg.nl\/wp-content\/uploads\/2023\/12\/OW8A2191-300x200.jpg 300w, https:\/\/profinrg.nl\/wp-content\/uploads\/2023\/12\/OW8A2191-768x512.jpg 768w, https:\/\/profinrg.nl\/wp-content\/uploads\/2023\/12\/OW8A2191.jpg 1275w\" sizes=\"(max-width: 800px) 100vw, 800px\" title=\"\">\t\t\t\t\t\t\t\t\t\t\t\t\t\t\t<\/div>\n\t\t\t\t<\/div>\n\t\t\t\t\t<\/div>\n\t\t<\/div>\n\t\t\t\t\t<\/div>\n\t\t<\/section>\n\t\t\t\t<section class=\"elementor-section elementor-inner-section elementor-element elementor-element-32ce10c6 elementor-section-boxed elementor-section-height-default elementor-section-height-default\" data-id=\"32ce10c6\" data-element_type=\"section\" data-e-type=\"section\">\n\t\t\t\t\t\t<div class=\"elementor-container elementor-column-gap-no\">\n\t\t\t\t\t<div class=\"elementor-column elementor-col-100 elementor-inner-column elementor-element elementor-element-ed7a9de\" data-id=\"ed7a9de\" data-element_type=\"column\" data-e-type=\"column\">\n\t\t\t<div class=\"elementor-widget-wrap elementor-element-populated\">\n\t\t\t\t\t\t<div class=\"elementor-element elementor-element-93a2b3c jkit-equal-height-disable elementor-widget elementor-widget-jkit_image_box\" data-id=\"93a2b3c\" data-element_type=\"widget\" data-e-type=\"widget\" data-widget_type=\"jkit_image_box.default\">\n\t\t\t\t<div class=\"elementor-widget-container\">\n\t\t\t\t\t<div  class=\"jeg-elementor-kit jkit-image-box style-default elementor-animation- jeg_module__1_69f19f5af2238\" ><div class=\"image-box-header elementor-animation-\"><\/div><div class=\"image-box-body\">\n            <div class=\"body-inner\"><h2 class=\"body-title icon-position-before\">Kontakt<\/h2>\n                <div class=\"body-description\"><p>Are you interested in this position? Then please send a short motivation and your CV to <a href=\"mailto:recruitment@profinrg.com\">mailto:recruitment@profinrg.com<\/a>.<\/p><p>F\u00fcr weitere Informationen \u00fcber diese Stelle wenden Sie sich bitte an Corina den Besten unter der oben genannten E-Mail-Adresse oder <a href=\"tel:0302658512\">+030-2658512<\/a>.<\/p><\/div>\n                <div class=\"body-button\"><\/div>\n                \n            <\/div>\n        <\/div><\/div>\t\t\t\t<\/div>\n\t\t\t\t<\/div>\n\t\t\t\t\t<\/div>\n\t\t<\/div>\n\t\t\t\t\t<\/div>\n\t\t<\/section>\n\t\t\t\t\t<\/div>\n\t\t<\/div>\n\t\t\t\t\t<\/div>\n\t\t<\/section>\n\t\t\t\t<div class=\"elementor-element elementor-element-40aed2cb elementor-widget elementor-widget-spacer\" data-id=\"40aed2cb\" data-element_type=\"widget\" data-e-type=\"widget\" data-widget_type=\"spacer.default\">\n\t\t\t\t<div class=\"elementor-widget-container\">\n\t\t\t\t\t\t\t<div class=\"elementor-spacer\">\n\t\t\t<div class=\"elementor-spacer-inner\"><\/div>\n\t\t<\/div>\n\t\t\t\t\t\t<\/div>\n\t\t\t\t<\/div>\n\t\t\t\t\t<\/div>\n\t\t<\/div>\n\t\t\t\t\t<\/div>\n\t\t<\/section>\n\t\t\t\t<\/div>","protected":false},"excerpt":{"rendered":"<p>PROFINRG \u2013 VACATURES Ben jij onze nieuwe Sales Engineer Solar &amp; BESS? Voor de energietransitie Sales Engineer Solar &amp; BESS Utrecht \/ Hybride | 40 uur per week | Bachelor\/Master degree | \u00a0 ProfiNRG is een van de toonaangevende en meest succesvolle (zonne-)energiebedrijven van Nederland, gevestigd in Utrecht. Al meer dan 10 jaar zijn wij [&hellip;]<\/p>\n","protected":false},"author":3,"featured_media":36165,"parent":24376,"menu_order":0,"comment_status":"closed","ping_status":"closed","template":"","meta":{"footnotes":""},"class_list":["post-44433","page","type-page","status-publish","has-post-thumbnail","hentry"],"_links":{"self":[{"href":"https:\/\/profinrg.nl\/de\/wp-json\/wp\/v2\/pages\/44433","targetHints":{"allow":["GET"]}}],"collection":[{"href":"https:\/\/profinrg.nl\/de\/wp-json\/wp\/v2\/pages"}],"about":[{"href":"https:\/\/profinrg.nl\/de\/wp-json\/wp\/v2\/types\/page"}],"author":[{"embeddable":true,"href":"https:\/\/profinrg.nl\/de\/wp-json\/wp\/v2\/users\/3"}],"replies":[{"embeddable":true,"href":"https:\/\/profinrg.nl\/de\/wp-json\/wp\/v2\/comments?post=44433"}],"version-history":[{"count":10,"href":"https:\/\/profinrg.nl\/de\/wp-json\/wp\/v2\/pages\/44433\/revisions"}],"predecessor-version":[{"id":44443,"href":"https:\/\/profinrg.nl\/de\/wp-json\/wp\/v2\/pages\/44433\/revisions\/44443"}],"up":[{"embeddable":true,"href":"https:\/\/profinrg.nl\/de\/wp-json\/wp\/v2\/pages\/24376"}],"wp:featuredmedia":[{"embeddable":true,"href":"https:\/\/profinrg.nl\/de\/wp-json\/wp\/v2\/media\/36165"}],"wp:attachment":[{"href":"https:\/\/profinrg.nl\/de\/wp-json\/wp\/v2\/media?parent=44433"}],"curies":[{"name":"wp","href":"https:\/\/api.w.org\/{rel}","templated":true}]}}